{"id":37401,"date":"2023-11-20T17:17:52","date_gmt":"2023-11-20T17:17:52","guid":{"rendered":"https:\/\/clinicmono.com\/neurochirurgie\/"},"modified":"2024-07-25T18:39:23","modified_gmt":"2024-07-25T18:39:23","slug":"neurosurgery","status":"publish","type":"page","link":"https:\/\/clinicmono.com\/de\/brain-and-neurosurgery\/neurosurgery\/","title":{"rendered":"Neurochirurgie"},"content":{"rendered":"<section class=\"l-section wpb_row height_custom with_img parallax_ver\"><div class=\"l-section-img\" role=\"img\" data-img-width=\"1920\" data-img-height=\"600\" style=\"background-image: url(https:\/\/clinicmono.com\/wp-content\/uploads\/2023\/11\/neurosurgery.webp);background-size: auto;\"><\/div><div class=\"l-section-overlay\" style=\"background:rgba(0,0,0,0.47)\"><\/div><div class=\"l-section-h i-cf\"><div class=\"g-cols vc_row via_flex valign_top type_default stacking_default\"><div class=\"vc_col-sm-12 wpb_column vc_column_container\"><div class=\"vc_column-inner\"><div class=\"wpb_wrapper\"><div class=\"wpb_text_column us_custom_8b3d6790 has_text_color\"><div class=\"wpb_wrapper\"><h1 style=\"text-align: center;\">Neurochirurgie<\/h1>\n<\/div><\/div><div class=\"w-separator size_small\"><\/div><nav class=\"g-breadcrumbs us_custom_8b3d6790 has_text_color separator_icon align_center\" itemscope itemtype=\"http:\/\/schema.org\/BreadcrumbList\"><div class=\"g-breadcrumbs-item\">Seiten<\/div><\/nav><div class=\"w-separator size_small\"><\/div><\/div><\/div><\/div><\/div><\/div><\/section><section class=\"l-section wpb_row height_small\"><div class=\"l-section-h i-cf\"><div class=\"g-cols vc_row via_flex valign_top type_default stacking_default\"><div class=\"vc_col-sm-8 wpb_column vc_column_container\"><div class=\"vc_column-inner\"><div class=\"wpb_wrapper\"><div class=\"g-cols wpb_row us_custom_4f163811 via_flex valign_top type_default stacking_default\"><div class=\"vc_col-sm-12 wpb_column vc_column_container\"><div class=\"vc_column-inner\"><div class=\"wpb_wrapper\"><h3 class=\"w-text\"><span class=\"w-text-h\"><span class=\"w-text-value\">\u00dcberblick \u00fcber das Verfahren<\/span><\/span><\/h3><div class=\"w-separator size_small\"><\/div><div class=\"w-iconbox iconpos_left style_default color_primary align_left no_text\"><div class=\"w-iconbox-icon\" style=\"font-size:1.4rem;\"><i class=\"fas fa-procedures\"><\/i><\/div><div class=\"w-iconbox-meta\"><h4 class=\"w-iconbox-title\">Verfahren<\/h4><\/div><\/div><div class=\"w-separator size_small\"><\/div><div class=\"w-iconbox iconpos_left style_default color_primary align_left no_text\"><div class=\"w-iconbox-icon\" style=\"font-size:1rem;\"><i class=\"fas fa-clock\"><\/i><\/div><div class=\"w-iconbox-meta\"><h4 class=\"w-iconbox-title\">Operation Dauer<\/h4><\/div><\/div><div class=\"w-separator size_small\"><\/div><div class=\"w-iconbox iconpos_left style_default color_primary align_left no_text\"><div class=\"w-iconbox-icon\" style=\"font-size:1rem;\"><i class=\"fas fa-hospital\"><\/i><\/div><div class=\"w-iconbox-meta\"><h4 class=\"w-iconbox-title\">Krankenhausaufenthalt<\/h4><\/div><\/div><div class=\"w-separator size_small\"><\/div><div class=\"w-iconbox iconpos_left style_default color_primary align_left no_text\"><div class=\"w-iconbox-icon\" style=\"font-size:1rem;\"><i class=\"fas fa-syringe\"><\/i><\/div><div class=\"w-iconbox-meta\"><h4 class=\"w-iconbox-title\">An\u00e4sthesie<\/h4><\/div><\/div><\/div><\/div><\/div><\/div><\/div><\/div><\/div><div class=\"vc_col-sm-4 wpb_column vc_column_container\"><div class=\"vc_column-inner\"><div class=\"wpb_wrapper\"><div class=\"g-cols wpb_row us_custom_c5a47681 via_flex valign_top type_default stacking_default\"><div class=\"vc_col-sm-12 wpb_column vc_column_container\"><div class=\"vc_column-inner\"><div class=\"wpb_wrapper\"><h3 class=\"w-text\"><span class=\"w-text-h\"><span class=\"w-text-value\">Erhalten Sie eine kostenlose Beratung<\/span><\/span><\/h3><div class=\"w-separator size_small\"><\/div><div class=\"wpforms-container wpforms-render-modern\" id=\"wpforms-22672\"><form id=\"wpforms-form-22672\" class=\"wpforms-validate wpforms-form wpforms-ajax-form\" data-formid=\"22672\" method=\"post\" enctype=\"multipart\/form-data\" action=\"\/de\/wp-json\/wp\/v2\/pages\/37401\" data-token=\"b0458889dddffc2c7d425fa2141ee4eb\" data-token-time=\"1775424922\"><noscript class=\"wpforms-error-noscript\">Bitte aktiviere JavaScript in deinem Browser, um dieses Formular fertigzustellen.<\/noscript><div id=\"wpforms-error-noscript\" style=\"display: none;\">Bitte aktiviere JavaScript in deinem Browser, um dieses Formular fertigzustellen.<\/div><div class=\"wpforms-field-container\"><div id=\"wpforms-22672-field_0-container\" class=\"wpforms-field wpforms-field-name\" data-field-id=\"0\"><label class=\"wpforms-field-label wpforms-label-hide\" for=\"wpforms-22672-field_0\" aria-hidden=\"false\">Name <span class=\"wpforms-required-label\" aria-hidden=\"true\">*<\/span><\/label><input type=\"text\" id=\"wpforms-22672-field_0\" class=\"wpforms-field-large wpforms-field-required\" name=\"wpforms[fields][0]\" placeholder=\"Name und Nachname\" aria-errormessage=\"wpforms-22672-field_0-error\" required><\/div><div id=\"wpforms-22672-field_5-container\" class=\"wpforms-field wpforms-field-phone\" data-field-id=\"5\"><label class=\"wpforms-field-label wpforms-label-hide\" for=\"wpforms-22672-field_5\" aria-hidden=\"false\">Telefon <span class=\"wpforms-required-label\" aria-hidden=\"true\">*<\/span><\/label><input type=\"tel\" id=\"wpforms-22672-field_5\" class=\"wpforms-field-large wpforms-field-required wpforms-smart-phone-field\" data-rule-smart-phone-field=\"true\" name=\"wpforms[fields][5]\" aria-label=\"Telefon\" aria-errormessage=\"wpforms-22672-field_5-error\" required><\/div><div id=\"wpforms-22672-field_12-container\" class=\"wpforms-field wpforms-field-hidden\" data-field-id=\"12\"><input type=\"hidden\" id=\"wpforms-22672-field_12\" name=\"wpforms[fields][12]\"><\/div>\t\t<div id=\"wpforms-22672-field_1-container\"\n\t\t\tclass=\"wpforms-field wpforms-field-text\"\n\t\t\tdata-field-type=\"text\"\n\t\t\tdata-field-id=\"1\"\n\t\t\t>\n\t\t\t<label class=\"wpforms-field-label\" for=\"wpforms-22672-field_1\" >Einzelheiten der Name<\/label>\n\t\t\t<input type=\"text\" id=\"wpforms-22672-field_1\" class=\"wpforms-field-medium\" name=\"wpforms[fields][1]\" >\n\t\t<\/div>\n\t\t<div id=\"wpforms-22672-field_10-container\" class=\"wpforms-field wpforms-field-hidden\" data-field-id=\"10\"><input type=\"hidden\" id=\"wpforms-22672-field_10\" name=\"wpforms[fields][10]\" value=\"https:\/\/clinicmono.com\/de\/wp-json\/wp\/v2\/pages\/37401 \"><\/div><div id=\"wpforms-22672-field_15-container\" class=\"wpforms-field wpforms-field-hidden\" data-field-id=\"15\"><input type=\"hidden\" id=\"wpforms-22672-field_15\" name=\"wpforms[fields][15]\" value=\" 216.73.216.191 {entry_geolocation} \"><\/div><script>\n\t\t\t\t( function() {\n\t\t\t\t\tconst style = document.createElement( 'style' );\n\t\t\t\t\tstyle.appendChild( document.createTextNode( '#wpforms-22672-field_1-container { position: absolute !important; overflow: hidden !important; display: inline !important; height: 1px !important; width: 1px !important; z-index: -1000 !important; padding: 0 !important; } #wpforms-22672-field_1-container input { visibility: hidden; } #wpforms-conversational-form-page #wpforms-22672-field_1-container label { counter-increment: none; }' ) );\n\t\t\t\t\tdocument.head.appendChild( style );\n\t\t\t\t\tdocument.currentScript?.remove();\n\t\t\t\t} )();\n\t\t\t<\/script><\/div><!-- .wpforms-field-container --><div class=\"wpforms-recaptcha-container wpforms-is-recaptcha wpforms-is-recaptcha-type-v3\" ><input type=\"hidden\" name=\"wpforms[recaptcha]\" value=\"\"><\/div><div class=\"wpforms-submit-container\" ><input type=\"hidden\" name=\"wpforms[id]\" value=\"22672\"><input type=\"hidden\" name=\"page_title\" value=\"\"><input type=\"hidden\" name=\"page_url\" value=\"https:\/\/clinicmono.com\/de\/wp-json\/wp\/v2\/pages\/37401\"><input type=\"hidden\" name=\"url_referer\" value=\"\"><button type=\"submit\" name=\"wpforms[submit]\" id=\"wpforms-submit-22672\" class=\"wpforms-submit\" data-alt-text=\"Ich schicke...\" data-submit-text=\"Erhalten Sie eine kostenlose Beratung\" aria-live=\"assertive\" value=\"wpforms-submit\">Erhalten Sie eine kostenlose Beratung<\/button><img loading=\"lazy\" decoding=\"async\" src=\"https:\/\/clinicmono.com\/wp-content\/plugins\/wpforms\/assets\/images\/submit-spin.svg\" class=\"wpforms-submit-spinner\" style=\"display: none;\" width=\"26\" height=\"26\" alt=\"Wird geladen\"><\/div><\/form><\/div>  <!-- .wpforms-container --><\/div><\/div><\/div><\/div><\/div><\/div><\/div><\/div><\/div><\/section><section class=\"l-section wpb_row us_custom_0d5503c3 height_custom\"><div class=\"l-section-h i-cf\"><div class=\"g-cols vc_row via_flex valign_top type_default stacking_default\"><div class=\"vc_col-sm-12 wpb_column vc_column_container\"><div class=\"vc_column-inner\"><div class=\"wpb_wrapper\"><div class=\"g-cols wpb_row us_custom_1b04de86 via_flex valign_top type_default stacking_default\"><div class=\"vc_col-sm-8 wpb_column vc_column_container\"><div class=\"vc_column-inner\"><div class=\"wpb_wrapper\"><div class=\"w-hwrapper valign_top wrap align_left\"><div class=\"wpb_text_column\"><div class=\"wpb_wrapper\"><h4><a href=\"#procedures\">Verfahren<\/a><\/h4>\n<\/div><\/div><div class=\"wpb_text_column\"><div class=\"wpb_wrapper\"><h4>|<\/h4>\n<\/div><\/div><div class=\"wpb_text_column\"><div class=\"wpb_wrapper\"><h4><a href=\"#cost\">Kosten<\/a><\/h4>\n<\/div><\/div><div class=\"wpb_text_column\"><div class=\"wpb_wrapper\"><h4>|<\/h4>\n<\/div><\/div><div class=\"wpb_text_column\"><div class=\"wpb_wrapper\"><h4><a href=\"#clinic\">Klinik<\/a><\/h4>\n<\/div><\/div><div class=\"wpb_text_column\"><div class=\"wpb_wrapper\"><h4>|<\/h4>\n<\/div><\/div><div class=\"wpb_text_column\"><div class=\"wpb_wrapper\"><h4><a href=\"#recovery\">Erholung<\/a><\/h4>\n<\/div><\/div><div class=\"wpb_text_column\"><div class=\"wpb_wrapper\"><h4>|<\/h4>\n<\/div><\/div><div class=\"wpb_text_column\"><div class=\"wpb_wrapper\"><h4><a href=\"#reviews\">Bewertungen<\/a><\/h4>\n<\/div><\/div><div class=\"wpb_text_column\"><div class=\"wpb_wrapper\"><h4>|<\/h4>\n<\/div><\/div><div class=\"wpb_text_column\"><div class=\"wpb_wrapper\"><h4><a href=\"#surgeons\">Chirurgen<\/a><\/h4>\n<\/div><\/div><div class=\"wpb_text_column\"><div class=\"wpb_wrapper\"><h4>|<\/h4>\n<\/div><\/div><div class=\"wpb_text_column\"><div class=\"wpb_wrapper\"><h4><a href=\"#faqs\">FAQ&#8217;s<\/a><\/h4>\n<\/div><\/div><\/div><\/div><\/div><\/div><div class=\"vc_col-sm-4 wpb_column vc_column_container\"><div class=\"vc_column-inner\"><div class=\"wpb_wrapper\"><div class=\"wpb_text_column\"><div class=\"wpb_wrapper\"><h5 style=\"text-align: center;\"><strong>Gepr\u00fcft und genehmigt von<\/strong><\/h5>\n<\/div><\/div><div class=\"w-separator hide_on_default hide_on_laptops size_medium\"><\/div><\/div><\/div><\/div><\/div><div class=\"w-separator size_small\"><\/div><div class=\"g-cols wpb_row via_flex valign_top type_default stacking_default\" id=\"procedures\"><div class=\"vc_col-sm-12 wpb_column vc_column_container\"><div class=\"vc_column-inner\"><div class=\"wpb_wrapper\"><div class=\"wpb_text_column\"><div class=\"wpb_wrapper\"><h1>Neurochirurgie<\/h1>\n<p>  Die Neurochirurgie ist ein Spezialgebiet der Medizin, das sich auf die Erkennung, Behandlung und Kontrolle von St\u00f6rungen des komplexen neurologischen Systems konzentriert.<br \/>\nDas Gehirn, das R\u00fcckenmark und die Nerven der Gliedma\u00dfen geh\u00f6ren alle zum Nervensystem.<\/p>\n<\/div><\/div><\/div><\/div><\/div><\/div><div class=\"w-separator size_small\"><\/div><div class=\"g-cols wpb_row via_flex valign_top type_default stacking_default\"><div class=\"vc_col-sm-12 wpb_column vc_column_container\"><div class=\"vc_column-inner\"><div class=\"wpb_wrapper\"><div class=\"wpb_text_column\"><div class=\"wpb_wrapper\"><h2>Arten der Neurochirurgie<\/h2>\n<p>  In der Neurochirurgie werden zahlreiche chirurgische Techniken angewandt, und jede dient der Behandlung eines bestimmten und einzigartigen Problems, das das neurologische System betrifft.<br \/>\nZu den h\u00e4ufigen Formen der Neurochirurgie geh\u00f6ren: <strong>Hirntumor-Chirurgie:<\/strong> Neurochirurgen f\u00fchren Operationen durch, um Tumore und andere abnorme Wucherungen im Gehirn zu entfernen oder zu behandeln. <strong>Epilepsie-Chirurgie: <\/strong>Die Neurochirurgie kann Menschen mit Epilepsie helfen, deren Anf\u00e4lle durch Medikamente nicht unter Kontrolle zu bringen sind. <strong>Neurovaskul\u00e4re Chirurgie:<\/strong> Um Erkrankungen wie Aneurysmen und arterioven\u00f6se Malformationen (AVM) zu behandeln, operieren Neurochirurgen die Blutgef\u00e4\u00dfe im Gehirn. <strong>P\u00e4diatrische Neurochirurgie: <\/strong>In diesem Bereich behandeln Spezialisten Kinder mit Tumoren, angeborenen St\u00f6rungen und Entwicklungsproblemen.<\/p>\n<\/div><\/div><\/div><\/div><\/div><\/div><div class=\"w-separator size_small\"><\/div><div class=\"g-cols wpb_row via_flex valign_top type_default stacking_default\"><div class=\"vc_col-sm-12 wpb_column vc_column_container\"><div class=\"vc_column-inner\"><div class=\"wpb_wrapper\"><div class=\"wpb_text_column\"><div class=\"wpb_wrapper\"><h2>Wer ist ein Neurochirurg?<\/h2>\n<p>  Ein Neurochirurg ist ein hochqualifizierter Facharzt, der eine umfangreiche Ausbildung in Neurochirurgie absolviert hat.<br \/>\nDiese Hirnchirurgen sind die Experten f\u00fcr komplizierte F\u00e4lle, da sie in der Lage sind, komplexe chirurgische Eingriffe am neurologischen System vorzunehmen.<br \/>\nSie arbeiten oft eng mit anderen Fach\u00e4rzten zusammen, um Patienten mit neurologischen Problemen eine umfassende Betreuung zu bieten.<br \/>\nDie neurochirurgische Abteilung eines Krankenhauses ist eine spezialisierte Abteilung, die neurologische Erkrankungen beurteilt, diagnostiziert und behandelt.<br \/>\nIn dieser Abteilung arbeiten qualifizierte und erfahrene neurologische Chirurgen und andere Fach\u00e4rzte zusammen, um die bestm\u00f6gliche Behandlung zu gew\u00e4hrleisten.<\/p>\n<\/div><\/div><\/div><\/div><\/div><\/div><div class=\"w-separator size_small\"><\/div><div class=\"g-cols wpb_row via_flex valign_top type_default stacking_default\" id=\"clinic\"><div class=\"vc_col-sm-12 wpb_column vc_column_container\"><div class=\"vc_column-inner\"><div class=\"wpb_wrapper\"><div class=\"wpb_text_column\"><div class=\"wpb_wrapper\"><h2>Neurochirurgie durch die Klinik Mono<\/h2>\n<p>  Die Neurochirurgie ist ein Spezialgebiet der Medizin, das sich mit dem komplexen neurologischen System befasst, das das Gehirn und das R\u00fcckenmark umfasst.<br \/>\nAus vielen \u00fcberzeugenden Gr\u00fcnden ist die Clinic Mono in der T\u00fcrkei die beste Option f\u00fcr diejenigen, die eine solche spezialisierte Therapie ben\u00f6tigen.<br \/>\nWenn die von Clinic Mono unter Vertrag genommenen Hirnspezialisten den notwendigen neurochirurgischen Eingriff durchf\u00fchren, erhalten Sie mit Sicherheit eine erstklassige Behandlung aus hochqualifizierten und erfahrenen H\u00e4nden.<br \/>\nClinic Mono arbeitet mit den f\u00e4higsten Neurochirurgen der T\u00fcrkei zusammen, um neurochirurgische Eingriffe durchzuf\u00fchren.<br \/>\nNeurochirurgie erfordert Pr\u00e4zision, daher investieren wir in die neuesten medizinischen Dienstleistungen, Innovationen und Technologien.<br \/>\nDie hochmodernen Instrumente in den kooperierenden Gesundheitseinrichtungen von Clinic Mono erm\u00f6glichen pr\u00e4zise Abl\u00e4ufe, verringern das Risiko und verbessern die Ergebnisse.<br \/>\nDer neurochirurgische Ansatz von Mono ber\u00fccksichtigt, dass das Gehirn eines jeden Menschen so einzigartig ist wie sein Fingerabdruck. Daher bieten wir individuelle Behandlungen an, weil wir wissen, dass jeder Patient einzigartig ist.<\/p>\n<\/div><\/div><\/div><\/div><\/div><\/div><div class=\"vc_col-sm-12 wpb_column vc_column_container\"><div class=\"vc_column-inner\"><div class=\"wpb_wrapper\"><\/div><\/div><\/div><div class=\"w-separator size_small\"><\/div><div class=\"g-cols wpb_row via_flex valign_top type_default stacking_default\" id=\"surgeons\"><div class=\"vc_col-sm-12 wpb_column vc_column_container\"><div class=\"vc_column-inner\"><div class=\"wpb_wrapper\"><div class=\"wpb_text_column\"><div class=\"wpb_wrapper\"><h2>Beste Neurochirurgen in der T\u00fcrkei<\/h2>\n<p>  Die Gehirnchirurgen der Clinic Mono in der T\u00fcrkei sind hochqualifiziert und erfahren in der Neurochirurgie.<br \/>\nIm Rahmen der Zusammenarbeit zwischen Clinic Mono und auf Neurochirurgie spezialisierten Gesundheitseinrichtungen wenden diese talentierten Chirurgen ihr Fachwissen an, um Probleme wie Hirntumore, Aneurysmen und traumatische Hirnverletzungen zu behandeln.<br \/>\nNeurochirurgische Operationen umfassen h\u00e4ufig komplexe Eingriffe.<br \/>\nDie Vorteile dieser Behandlungen, die von engagierten und erfahrenen Neurochirurgen durchgef\u00fchrt werden, sind auf dem Weg der Genesung von unsch\u00e4tzbarem Wert.<br \/>\nIn der Clinic Mono arbeiten \u00c4rzte zusammen, die die neuesten Technologien, wie z.B. die neurochirurgische Bildgebung, nutzen, um eine genaue Diagnose und Behandlungsplanung f\u00fcr ihre Patienten zu gew\u00e4hrleisten.<br \/>\nDie F\u00e4higkeiten von Neurochirurgen sind entscheidend, wenn es um potenziell t\u00f6dliche Erkrankungen wie Hirngerinnsel geht.<br \/>\nDiese hochspezialisierten Mediziner sind bei der Bew\u00e4ltigung solcher Krisen unverzichtbar und sind Experten f\u00fcr komplexe neurologische Operationen.<\/p>\n<\/div><\/div><\/div><\/div><\/div><\/div><div class=\"w-separator size_small\"><\/div><div class=\"g-cols wpb_row via_flex valign_top type_default stacking_default\" id=\"cost\"><div class=\"vc_col-sm-12 wpb_column vc_column_container\"><div class=\"vc_column-inner\"><div class=\"wpb_wrapper\"><div class=\"wpb_text_column\"><div class=\"wpb_wrapper\"><h2>Preise f\u00fcr Neurochirurgie in der T\u00fcrkei<\/h2>\n<p>  Sind Sie besorgt \u00fcber die Kosten der Neurochirurgie?<br \/>\nDie neurochirurgischen Leistungen der Clinic Mono sind preisg\u00fcnstig, so dass Sie eine hochwertige Behandlung erhalten k\u00f6nnen, ohne aus Kostengr\u00fcnden Kompromisse eingehen zu m\u00fcssen.<br \/>\nAuch wenn die Kosten f\u00fcr neurochirurgische Eingriffe variieren k\u00f6nnen, kann die Suche nach einer vertrauensw\u00fcrdigen neurochirurgischen Klinik und dem idealen neurologischen Chirurgen den entscheidenden Unterschied ausmachen, wenn es darum geht, das beste Ergebnis f\u00fcr den Patienten zu erzielen, der mit solchen Umst\u00e4nden konfrontiert ist.<br \/>\nEs ist sinnvoll, sich nach den Kosten f\u00fcr eine neurochirurgische Behandlung zu erkundigen, wenn Sie den Eingriff und die damit verbundenen Kosten in Betracht ziehen.<br \/>\nDie Kosten f\u00fcr eine neurochirurgische Behandlung k\u00f6nnen je nach Art des Eingriffs, der Komplexit\u00e4t des Falls und dem Standort des Krankenhauses erheblich variieren.<br \/>\nDie Klinik Mono in der T\u00fcrkei bietet jedoch erschwingliche, hochwertige neurochirurgische Leistungen.<br \/>\nDie qualifizierten Hirnchirurgen, die von Mono bevorzugt werden, sind Autorit\u00e4ten in ihrem Beruf.<br \/>\nNeurochirurgen, manchmal auch als Hirnchirurgen bezeichnet, sind Experten f\u00fcr die Behandlung einer Vielzahl von Erkrankungen des Gehirns und des Nervensystems.<\/p>\n<\/div><\/div><\/div><\/div><\/div><\/div><div class=\"w-separator size_small\"><\/div><div class=\"g-cols wpb_row via_flex valign_top type_default stacking_default\"><div class=\"vc_col-sm-12 wpb_column vc_column_container\"><div class=\"vc_column-inner\"><div class=\"wpb_wrapper\"><div class=\"w-html\"><table class=\"customTable\">\n  <thead>\n    <tr>\n      <th>Art des Verfahrens<\/th><th>Mono<\/th><th>Kosten UK<\/th><th>Kosten EU<\/th><th>Kosten US<\/th>\n    <\/tr>\n  <\/thead>\n  <tbody>\n    <tr>\n      <td>Neurochirurgie<\/td><td>\u00a34000-\u00a36000<\/td>\n      <td><\/td>\n      <td><\/td>\n      <td><\/td>\n    <\/tr>\n  <\/tbody>\n<\/table><\/div><\/div><\/div><\/div><\/div><div class=\"w-separator size_small\"><\/div><div class=\"g-cols wpb_row via_flex valign_top type_default stacking_default\" id=\"reviews\"><div class=\"vc_col-sm-12 wpb_column vc_column_container\"><div class=\"vc_column-inner\"><div class=\"wpb_wrapper\"><div class=\"wpb_text_column\"><div class=\"wpb_wrapper\"><h2>Neurochirurgie T\u00fcrkei Bewertungen<\/h2>\n<p>  Erfahrungsberichte von Patienten in der Neurochirurgie sind ein Beweis f\u00fcr die Professionalit\u00e4t und das Engagement der \u00c4rzte.<br \/>\nNeurochirurgen stellen das Wohl ihrer Patienten in den Vordergrund und halten sich an strenge ethische Standards.<br \/>\nPositives oder negatives Feedback wird gesch\u00e4tzt, um ihre Dienstleistungen zu verbessern.<br \/>\nDie Schwierigkeit neurochirurgischer Eingriffe unterstreicht den Wert offener Bewertungen.<br \/>\nDie Patienten geben ehrliche Bewertungen ab, weil sie sich des Ernstes ihrer Lage bewusst sind.<br \/>\nDiese Elemente garantieren die G\u00fcltigkeit und Integrit\u00e4t neurochirurgischer Bewertungen und machen sie zu einer unsch\u00e4tzbaren Ressource f\u00fcr Menschen, die qualifizierte medizinische Hilfe in diesem Bereich suchen.<\/p>\n<\/div><\/div><\/div><\/div><\/div><\/div><div class=\"w-separator size_small\"><\/div><div class=\"g-cols wpb_row via_flex valign_top type_default stacking_default\" id=\"faqs\"><div class=\"vc_col-sm-12 wpb_column vc_column_container\"><div class=\"vc_column-inner\"><div class=\"wpb_wrapper\"><div class=\"wpb_text_column\"><div class=\"wpb_wrapper\"><h2>H\u00e4ufig gestellte Fragen zur Neurochirurgie<\/h2>\n<\/div><\/div><\/div><\/div><\/div><\/div><div class=\"w-separator size_small\"><\/div><div class=\"w-tabs style_default switch_click accordion has_scrolling\" style=\"--sections-title-size:inherit\"><div class=\"w-tabs-sections titles-align_none icon_chevron cpos_right\"><div class=\"w-tabs-section\" id=\"r1fe\"><button class=\"w-tabs-section-header\" aria-controls=\"content-r1fe\" aria-expanded=\"false\"><div class=\"w-tabs-section-title\">Was ist die Aufgabe eines Neurochirurgen?<br \/>\nWas ist Neurochirurgie? <\/div><div class=\"w-tabs-section-control\"><\/div><\/button><div  class=\"w-tabs-section-content\" id=\"content-r1fe\"><div class=\"w-tabs-section-content-h i-cf\"><div class=\"wpb_text_column\"><div class=\"wpb_wrapper\"><p>In der spezialisierten medizinischen Disziplin der Neurochirurgie werden neurologische Probleme, die das Gehirn, das R\u00fcckenmark und das periphere Nervensystem betreffen, diagnostiziert, behandelt und chirurgisch versorgt.<\/p>\n<\/div><\/div><\/div><\/div><\/div><div class=\"w-tabs-section\" id=\"j3a4\"><button class=\"w-tabs-section-header\" aria-controls=\"content-j3a4\" aria-expanded=\"false\"><div class=\"w-tabs-section-title\">Welche neurochirurgischen Routineverfahren gibt es?<\/div><div class=\"w-tabs-section-control\"><\/div><\/button><div  class=\"w-tabs-section-content\" id=\"content-j3a4\"><div class=\"w-tabs-section-content-h i-cf\"><div class=\"wpb_text_column\"><div class=\"wpb_wrapper\"><p>Zu den zahlreichen Verfahren der Neurochirurgie geh\u00f6ren die Entfernung von Hirntumoren, Operationen am R\u00fcckenmark, die Behandlung von Aneurysmen und Eingriffe bei traumatischen Hirnverletzungen.<br \/>\nJeder Eingriff wird auf den individuellen Zustand des Patienten zugeschnitten.<\/p>\n<\/div><\/div><\/div><\/div><\/div><div class=\"w-tabs-section\" id=\"s52a\"><button class=\"w-tabs-section-header\" aria-controls=\"content-s52a\" aria-expanded=\"false\"><div class=\"w-tabs-section-title\">Wie viel kostet eine neurochirurgische Behandlung?<\/div><div class=\"w-tabs-section-control\"><\/div><\/button><div  class=\"w-tabs-section-content\" id=\"content-s52a\"><div class=\"w-tabs-section-content-h i-cf\"><div class=\"wpb_text_column\"><div class=\"wpb_wrapper\"><p>Die Kosten f\u00fcr neurochirurgische Eingriffe variieren je nach Art des Verfahrens und dem Krankenhaus, in dem es durchgef\u00fchrt wird.<\/p>\n<\/div><\/div><\/div><\/div><\/div><\/div><\/div><\/div><\/div><\/div><\/div><\/div><\/section>\n","protected":false},"excerpt":{"rendered":"Neurochirurgie Seiten\u00dcberblick \u00fcber das VerfahrenVerfahrenOperation DauerKrankenhausaufenthaltAn\u00e4sthesieErhalten Sie eine kostenlose BeratungBitte aktiviere JavaScript in deinem Browser, um dieses Formular fertigzustellen.Bitte aktiviere JavaScript in deinem Browser, um dieses Formular fertigzustellen.Name *Telefon * Name der Seite Erhalten Sie eine kostenlose Beratung Verfahren | Kosten | Klinik | Erholung | Bewertungen | Chirurgen | FAQ&#8217;s Gepr\u00fcft und genehmigt von...","protected":false},"author":1,"featured_media":84907,"parent":37421,"menu_order":0,"comment_status":"closed","ping_status":"closed","template":"","meta":{"rank_math_lock_modified_date":false,"_mi_skip_tracking":false,"_monsterinsights_sitenote_active":false,"_monsterinsights_sitenote_note":"","_monsterinsights_sitenote_category":0,"_uf_show_specific_survey":0,"_uf_disable_surveys":false,"footnotes":""},"procedure":[319],"class_list":["post-37401","page","type-page","status-publish","has-post-thumbnail","hentry","procedure-brain-neurosurgery"],"_links":{"self":[{"href":"https:\/\/clinicmono.com\/de\/wp-json\/wp\/v2\/pages\/37401"}],"collection":[{"href":"https:\/\/clinicmono.com\/de\/wp-json\/wp\/v2\/pages"}],"about":[{"href":"https:\/\/clinicmono.com\/de\/wp-json\/wp\/v2\/types\/page"}],"author":[{"embeddable":true,"href":"https:\/\/clinicmono.com\/de\/wp-json\/wp\/v2\/users\/1"}],"replies":[{"embeddable":true,"href":"https:\/\/clinicmono.com\/de\/wp-json\/wp\/v2\/comments?post=37401"}],"version-history":[{"count":18,"href":"https:\/\/clinicmono.com\/de\/wp-json\/wp\/v2\/pages\/37401\/revisions"}],"predecessor-version":[{"id":136686,"href":"https:\/\/clinicmono.com\/de\/wp-json\/wp\/v2\/pages\/37401\/revisions\/136686"}],"up":[{"embeddable":true,"href":"https:\/\/clinicmono.com\/de\/wp-json\/wp\/v2\/pages\/37421"}],"wp:featuredmedia":[{"embeddable":true,"href":"https:\/\/clinicmono.com\/de\/wp-json\/wp\/v2\/media\/84907"}],"wp:attachment":[{"href":"https:\/\/clinicmono.com\/de\/wp-json\/wp\/v2\/media?parent=37401"}],"wp:term":[{"taxonomy":"procedure","embeddable":true,"href":"https:\/\/clinicmono.com\/de\/wp-json\/wp\/v2\/procedure?post=37401"}],"curies":[{"name":"wp","href":"https:\/\/api.w.org\/{rel}","templated":true}]}}