{"id":36751,"date":"2023-12-27T07:48:39","date_gmt":"2023-12-27T07:48:39","guid":{"rendered":"https:\/\/clinicmono.com\/zur-kasse\/"},"modified":"2024-07-26T06:19:35","modified_gmt":"2024-07-26T06:19:35","slug":"checkout","status":"publish","type":"page","link":"https:\/\/clinicmono.com\/de\/checkout\/","title":{"rendered":"Kasse"},"content":{"rendered":"<section class=\"l-section wpb_row height_custom\"><div class=\"l-section-h i-cf\"><div class=\"g-cols vc_row via_flex valign_top type_default stacking_default\"><div class=\"vc_col-sm-12 wpb_column vc_column_container\"><div class=\"vc_column-inner\"><div class=\"wpb_wrapper\"><div class=\"w-popup align_none\"><span class=\"w-popup-trigger type_selector\" data-selector=\"#termsconditions, .termsconditions, .termsconditionslabel\"><\/span><div class=\"w-popup-overlay\" style=\"background:rgba(0,0,0,0.85);\"><\/div><div class=\"w-popup-wrap layout_default\" role=\"dialog\" aria-modal=\"true\" aria-label=\"Pop-up\" style=\"--title-color:var(--color-content-heading);--title-bg-color:var(--color-content-bg-alt);--content-color:var(--color-content-text);--content-bg-color:var(--color-content-bg);--popup-border-radius:5px;--popup-width:80%;--popup-padding:5%;\"><div class=\"w-popup-box animation_fadeIn closerpos_inside with_title\"><div class=\"w-popup-box-h\"><button aria-label=\"Schlie\u00dfen\" class=\"w-popup-closer\" type=\"button\"><\/button><div class=\"w-popup-box-title\">Gesch\u00e4ftsbedingungen<\/div><div class=\"w-popup-box-content\"><p><strong>Bitte<\/strong> lesen Sie die folgenden <strong>Bedingungen sorgf\u00e4ltig<\/strong> durch, bevor Sie Ihre Buchung abschicken.<br \/>\nWir beabsichtigen, uns auf diese Bedingungen und Ihre Buchungsangaben im Interesse beider Parteien, d.h. des Chirurgen und Ihnen, zu verlassen.<br \/>\nIn diesen Bedingungen bezieht sich der Begriff &#8220;<strong>Sie<\/strong>&#8221; und &#8220;<strong>Ihr<\/strong>&#8221; auf die in der Best\u00e4tigung genannte Person<strong>(die vollj\u00e4hrig sein muss<\/strong>).<br \/>\nAls Kommunikationsmittel gelten <strong>Telefonanrufe, E-Mails<\/strong> und direkte Nachrichten, die von Ihnen \/ an uns gesendet werden.<br \/>\nIn diesem Dokument verwendete Ausdr\u00fccke wie &#8220;wir&#8221;, &#8220;uns&#8221; und &#8220;unser&#8221; beziehen sich auf Mono Clinic.<br \/>\nDie folgenden <strong>Allgemeinen<\/strong> Gesch\u00e4ftsbedingungen bilden zusammen mit Ihrer Buchung den Vertrag zwischen Ihnen und uns f\u00fcr die Dauer Ihres Aufenthalts in Izmir, T\u00fcrkei, zu Behandlungszwecken.<br \/>\nF\u00fcr diese Bedingungen gelten die folgenden Definitionen und Auslegungsregeln: <strong>Nebenkosten<\/strong>; alle anderen Kosten, die Sie zus\u00e4tzlich zu den mit der Behandlung verbundenen Ausgaben zu zahlen haben. <strong>Stornogeb\u00fchr<\/strong>; eine Geb\u00fchr, die wir erheben, um unsere Verwaltungskosten nach einer Stornierung zu decken, Einverst\u00e4ndniserkl\u00e4rung; bezieht sich auf ein Genehmigungsformular, das Mono Clinic erm\u00e4chtigt, die Anzahlung \u00fcber Ihre Kreditkartendaten f\u00fcr die Anzahlung zu belasten, die ein Teil Ihrer Gesamtzahlung sein wird.<br \/>\nKonsultation; bezieht sich auf ein m\u00fcndliches Gespr\u00e4ch und eine k\u00f6rperliche Untersuchung, die von einem unserer Chirurgen vor Ihrem Eingriff durchgef\u00fchrt wird.<br \/>\nVertrag bezieht sich auf die Vereinbarung zwischen Ihnen und uns, die die Buchung und diese Allgemeinen Gesch\u00e4ftsbedingungen umfasst; Paket bezieht sich auf ein B\u00fcndel von Dienstleistungen, die wir f\u00fcr Sie vereinbart haben und die in Ihrem Reiseplan vor Ihrer Ankunft klar ausgewiesen sind.<br \/>\nAufenthalt bezieht sich auf die Unterkunft und die Dienstleistungen, die wir Ihnen vom Tag des Reisebeginns bis zum Tag der Abreise zur Verf\u00fcgung stellen, wie in Ihrer Reiseroute beschrieben;         <\/p>\n<ol>\n<li>Die folgenden Artikel sind in Ihrem Paket enthalten;<br \/><strong>1.1<\/strong> die Konsultation mit dem Chirurgen in der T\u00fcrkei und der kosmetische Eingriff selbst,<br \/><strong>1.2<\/strong> Privater Transport vom Treffpunkt am Flughafen Izmir zum Aftercare Hotel oder zum Partnerhotel und R\u00fccktransport vom Partnerhotel zum Flughafen Izmir,<br \/><strong>1.3<\/strong> innerst\u00e4dtische Transfers zur und von der Unterkunft f\u00fcr alle Termine mit Ihrem Chirurgen,<br \/><strong>1,4<\/strong> pro Fr\u00fchst\u00fcck, wenn die Unterkunft das AfterCare Hotel ist.<br \/><strong>1.5<\/strong> Dolmetscher ist eine Person, die in der Lage ist, auf Englisch oder Schwedisch und Deutsch zu kommunizieren, und die w\u00e4hrend Ihres Aufenthalts 7\/24 verf\u00fcgbar ist,<br \/><strong>1.6<\/strong> Zugang zu einem oder mehreren englischsprachigen Mitarbeitern w\u00e4hrend Ihres Aufenthalts,<br \/><strong>1.7<\/strong> alle pr\u00e4operativen Bluttests und Routineuntersuchungen, die bei Ihnen durchgef\u00fchrt werden,<br \/><strong>1.8<\/strong> medizinische Kleidung im Zusammenhang mit der erhaltenen Behandlung,<br \/><strong>1.9<\/strong> Unterbringung w\u00e4hrend des Krankenhausaufenthalts (die Dauer des Aufenthalts ist an die jeweilige Behandlung angepasst),<br \/><strong>1,10<\/strong> Krankenhaus\u00fcbernachtung bis zu 2 N\u00e4chten.<br \/><strong>1.11<\/strong> Kostenlose Reiseversicherung<br \/><strong>2.<\/strong> Die folgenden Artikel sind nicht in Ihrem Paket enthalten;<br \/><strong>2.1<\/strong> Fl\u00fcge in die\/aus der T\u00fcrkei &#8211; Sie m\u00fcssen Ihre Flugkosten selbst tragen und haften selbst, wenn Sie Flexi- oder Sondertickets w\u00e4hlen, die \u00c4nderungen an den zu buchenden Fl\u00fcgen erm\u00f6glichen oder verhindern,<br \/><strong>2.2<\/strong> Pass- und Visageb\u00fchren,<br \/><strong>2.3<\/strong> Mittag- und Abendessen sind nicht inbegriffen, wenn das Partnerhotel die Unterkunft ist (falls keine Verf\u00fcgbarkeit im AfterCare-Hotel angeboten wird).<br \/><strong>2.4<\/strong> die Kosten f\u00fcr die Begleitperson in irgendeiner Form,<br \/><strong>3.<\/strong> Bevor Sie reisen;<br \/><strong>3.1<\/strong> Sie m\u00fcssen uns folgende Informationen zur Verf\u00fcgung stellen,<br \/><strong>3.1.1<\/strong> eine Kopie der Ihnen ausgestellten Rezepte, in denen alle Medikamente aufgef\u00fchrt sind, die Sie ben\u00f6tigen und\/oder derzeit einnehmen, sowie alle vom Arzt ausgestellten Anweisungen,<br \/><strong>3.1.2<\/strong> Kontaktdaten f\u00fcr Notf\u00e4lle und die Ihrer n\u00e4chsten Angeh\u00f6rigen.<br \/>\nBitte beachten Sie, dass die T\u00fcrkei nicht Teil der EU ist und das europ\u00e4ische Gesundheitssystem daher nicht anwendbar ist, <br \/><strong>3.1.3<\/strong> Ihre Angaben zu den ankommenden und abgehenden Fl\u00fcgen,<br \/><strong>4.<\/strong> Buchung Ihrer kosmetischen Behandlung(en) und Ihres Aufenthalts;<br \/><strong>4.1<\/strong> Sobald wir Ihre Anzahlung und Ihre Flugdaten erhalten haben, senden wir Ihnen eine E-Mail-Best\u00e4tigung Ihrer Buchung,<br \/><strong>4.2<\/strong> Der Vertrag zwischen uns kommt zustande, sobald wir Ihnen die Buchungsbest\u00e4tigung zusenden.<br \/>\nIhre Buchungsbest\u00e4tigung und diese Allgemeinen Gesch\u00e4ftsbedingungen bilden den Vertrag, <br \/><strong>4.3<\/strong> Wenn wir nicht in der Lage sind, Ihre Buchung aus irgendeinem Grund nach, werden wir Ihre Anzahlung an Sie so schnell wie m\u00f6glich zur\u00fcck, und in jedem Fall innerhalb von 21 zwanzig ein Tag nach Erhalt.<br \/><strong>5.<\/strong> Es wird von Ihnen erwartet, dass Sie uns zur Verf\u00fcgung stellen;<br \/><strong>5.1<\/strong> Ihre pers\u00f6nlichen Daten,<br \/><strong>5.2<\/strong> Ihr aktueller Gesundheitszustand und alle Informationen zur Krankengeschichte,<br \/><strong>5.3<\/strong> die Kontaktdaten Ihrer n\u00e4chsten Verwandten,<br \/><strong>5.4<\/strong> Angaben zum Reisepass,<br \/><strong>5.5<\/strong> WICHTIG &#8211; Wenn Sie uns diese Informationen nicht innerhalb dieser Fristen zur Verf\u00fcgung stellen oder wenn Sie unvollst\u00e4ndige oder falsche Angaben machen, haften Sie f\u00fcr alle Sch\u00e4den, die m\u00f6glicherweise entstehen k\u00f6nnten.<br \/>\nWir behalten uns das Recht vor, entweder den Vertrag mit sofortiger Wirkung zu beenden oder eine zus\u00e4tzliche Geb\u00fchr in angemessener H\u00f6he zu erheben, um uns f\u00fcr die dadurch entstehende Mehrarbeit zu entsch\u00e4digen.<br \/>\nWir sind nicht daf\u00fcr verantwortlich, das Paket zu einem sp\u00e4teren als dem vereinbarten Preis zu liefern oder einen Teil des Pakets nicht zu liefern, wenn dies darauf zur\u00fcckzuf\u00fchren ist, dass Sie uns die ben\u00f6tigten Informationen nicht innerhalb einer angemessenen Frist nach unserer Anfrage zur Verf\u00fcgung stellen.  <br \/><strong>6.<\/strong> Die Bezahlung;<br \/><strong>6.1<\/strong> Der Preis f\u00fcr Ihr Paket entspricht den auf Ihrer Buchungsbest\u00e4tigung angegebenen Geb\u00fchren.<br \/>\nWir werden nach bestem Wissen und Gewissen daf\u00fcr sorgen, dass das Preisangebot, das Sie erhalten, korrekt ist, <br \/><strong>6.2<\/strong> Nachdem Sie die Art der kosmetischen Behandlung(en) und das Datum, an dem die Behandlung stattfinden soll, vereinbart haben, m\u00fcssen Sie eine Anzahlung\/Reservierungsgeb\u00fchr in H\u00f6he von maximal 10% des Gesamtpreises des Behandlungspakets an uns zahlen,<br \/><strong>6.<\/strong> 3 Sie m\u00fcssen den Restbetrag des Honorars und der Nebenkosten sp\u00e4testens am Tag Ihrer kosmetischen Behandlung(en) bezahlen,<br \/><strong>7.<\/strong> \u00c4nderungen und Annullierungen durch Sie;<br \/><strong>7.1<\/strong> Wir werden versuchen, alle angemessenen \u00c4nderungen, die Sie an Ihrer Reiseroute vornehmen m\u00f6chten, zu ber\u00fccksichtigen, sofern Sie uns rechtzeitig vorher dar\u00fcber informieren.<br \/>\nWenn wir in der Lage sind, solche \u00c4nderungen zu ber\u00fccksichtigen, werden wir Ihnen mitteilen, ob dies m\u00f6glich ist, und Sie \u00fcber etwaige \u00c4nderungen der Geb\u00fchren, des Zeitplans der Dienstleistungen oder sonstiger \u00c4nderungen informieren, die aufgrund der von Ihnen gew\u00fcnschten \u00c4nderung erforderlich werden.<br \/>\nSie m\u00fcssen schriftlich best\u00e4tigen, ob Sie die \u00c4nderung vornehmen m\u00f6chten.<br \/>\nSie akzeptieren und erkl\u00e4ren im Voraus, dass Mono Cosmetic Surgery keine Verantwortung tr\u00e4gt, bis uns die revidierte Buchungsbest\u00e4tigung nach Ihrer schriftlichen Zustimmung zu den von Ihnen gew\u00fcnschten \u00c4nderungen des Reiseplans zugesandt wird, und dass der Vertrag mit der Zusendung einer schriftlichen Best\u00e4tigung dieser \u00c4nderung durch uns beginnt.   <br \/><strong>7.2<\/strong> Wenn wir in der Lage sind, die gew\u00fcnschte(n) \u00c4nderung(en) Ihrer Buchung vorzunehmen, erkl\u00e4ren Sie sich bereit, f\u00fcr alle zus\u00e4tzlichen Kosten im Zusammenhang mit diesen \u00c4nderungen aufzukommen.<br \/><strong>7.3<\/strong> Wir, die Clinic Mono, bem\u00fchen uns, unseren Patienten die ges\u00fcndeste und bequemste Operation zu erm\u00f6glichen und ihnen bei ihrer Ankunft und Abreise sowie bei ihrer Unterbringung in der T\u00fcrkei die angenehmsten Bedingungen zu bieten.<br \/>\nAus diesem Grund erhalten wir von unseren Patienten eine Anzahlung.<br \/>\nSobald der Patient die Anzahlung geleistet hat, beginnen wir mit der Organisation der Unterkunft, des Transports und der Operationsdetails.<br \/>\nWenn der Patient sich also weigert, zur Clinic Mono zu kommen und die Operation nach der Zahlung der Anzahlung storniert, entstehen uns finanzielle Verluste, da Unterkunft, Transport und Klinikplan bereits von uns arrangiert worden sind.<br \/>\nAus diesem Grund werden bei einer Stornierung durch den Patienten Stornogeb\u00fchren in H\u00f6he von 75% der Anzahlung f\u00e4llig. Die verbleibenden 25% der gesamten Anzahlung werden unter der Bedingung zur\u00fcckerstattet, dass noch kein Operationstermin vereinbart wurde.<br \/>\nWenn ein Operationstermin gebucht und eine R\u00fcckerstattung beantragt wird, erfolgt keine R\u00fcckerstattung und die gesamte Anzahlung wird zu Ihren versunkenen Kosten.     <br \/><strong>7.4<\/strong> Bitte beachten Sie, dass der Vertrag abgeschlossen ist, wenn wir die Bereitstellung des Pakets beendet haben und Sie den vollen Betrag bezahlt haben.<br \/><strong>7.5<\/strong> F\u00fcr den Fall, dass Sie aufgrund von Umst\u00e4nden, die sich unserer Kontrolle entziehen, gezwungen sind, Ihren Aufenthalt zu verk\u00fcrzen oder zu verl\u00e4ngern, beachten Sie bitte, dass Sie f\u00fcr alle zus\u00e4tzlichen Kosten, Dienstleistungen und Arbeiten, die uns w\u00e4hrend Ihres Aufenthalts entstehen, haften, sofern diese zus\u00e4tzlichen Kosten angemessen und notwendig sind.<br \/><strong>8.<\/strong> \u00c4nderungen und K\u00fcndigung durch uns;<br \/><strong>8.1<\/strong> Sollte sich Ihre kosmetische Behandlung aus einem Grund, der sich unserer Kontrolle entzieht, verz\u00f6gern oder verschieben, werden wir Sie so schnell wie m\u00f6glich kontaktieren, um Sie dar\u00fcber zu informieren.<br \/>\nSofern wir dies tun, haften wir nicht f\u00fcr Verz\u00f6gerungen, die durch das Ereignis verursacht werden. Besteht jedoch die Gefahr, dass die Verz\u00f6gerung 30 (drei\u00dfig) Tage \u00fcberschreitet, haben Sie das Recht, den Vertrag zu beenden und eine Erstattung zu erhalten. <br \/><strong>8.2<\/strong> Wir k\u00f6nnen \u00c4nderungen an den Kosmetischen Verfahren vornehmen, um \u00c4nderungen der einschl\u00e4gigen Gesetze und beh\u00f6rdlichen Anforderungen Rechnung zu tragen.<br \/>\nWir werden Sie \u00fcber geringf\u00fcgige \u00c4nderungen informieren, die die Informationen, die wir Ihnen vor dem Datum der kosmetischen Ma\u00dfnahme(n) \u00fcber Ihren Aufenthalt oder Ihr Paket gegeben haben, nicht wesentlich ver\u00e4ndern. <br \/><strong>8.3<\/strong> Wenn solche \u00c4nderungen w\u00e4hrend Ihres Aufenthalts eintreten, werden wir alternative Vorkehrungen treffen, die so weit wie m\u00f6glich mit der Beschreibung in Ihrem Reiseplan und dem Paket \u00fcbereinstimmen.<br \/><strong>8.4<\/strong> Sie erkennen an und erkl\u00e4ren sich damit einverstanden, dass wir Ihnen oder Dritten gegen\u00fcber nicht f\u00fcr von Ihnen verursachte Verluste oder Sch\u00e4den oder den Verlust Ihres Aufenthalts haften, wenn Umst\u00e4nde eintreten, die au\u00dferhalb unserer Kontrolle liegen.<br \/><strong>8.5<\/strong> Wir raten Ihnen, sich zu vergewissern, dass alle Flugbuchungen, die Sie im Zusammenhang mit Ihrem Aufenthalt vornehmen, ohne Kosten f\u00fcr Sie ge\u00e4ndert werden k\u00f6nnen, und wir sind nicht verpflichtet, Ihnen zus\u00e4tzliche Reisekosten oder andere Kosten, Ausgaben oder Verluste zu erstatten, die Ihnen infolge einer \u00c4nderung oder Stornierung unter den dargelegten Umst\u00e4nden entstehen, wie z.B. \u00c4nderungen der Flugzeiten oder anderer Reisevereinbarungen.<br \/><strong>9.<\/strong> Anforderungen an Reisepass, Visum und Gesundheit;<br \/><strong>9.1<\/strong> Bitte beachten Sie sorgf\u00e4ltig die folgenden Hinweise:<br \/><strong>9.1.1<\/strong> Sie m\u00fcssen sicherstellen, dass Ihr Reisepass noch mindestens 6 (sechs) Monate nach dem geplanten Abreisedatum g\u00fcltig ist;<br \/><strong>9.1.2<\/strong> Sie m\u00fcssen rechtzeitig ein eventuell erforderliches Visum beantragen;<br \/><strong>9.1.3<\/strong> Es liegt in Ihrer Verantwortung, ein Visum f\u00fcr die Einreise in die T\u00fcrkei zu erhalten.<br \/>\nSie k\u00f6nnen das Visum bei Ihrer Ankunft in der T\u00fcrkei beantragen oder alternativ vor Ihrer Abreise ein E-Visum online beantragen.<br \/>\nWeitere Informationen finden Sie auf der folgenden Website: [https:\/\/www .evisa.gov.tr\/en \/];  <br \/><strong>9.1.4<\/strong> falls Sie nicht in der T\u00fcrkei akzeptiert werden oder im Falle einer Abschiebung, gelten die Stornierungsbestimmungen dieser Gesch\u00e4ftsbedingungen und die geleistete Anzahlung ist f\u00fcr Sie ein verlorener Betrag.<br \/><strong>9.1.5<\/strong> Sie m\u00fcssen sich bei Ihrem Arzt erkundigen, ob Impfungen und\/oder Medikamente erforderlich sind, und gen\u00fcgend Zeit einplanen, um diese zu erhalten.<br \/><strong>10.<\/strong> Details zur Reise;<br \/><strong>10.1<\/strong> Etwa 2 (zwei) Wochen vor dem vereinbarten Behandlungstermin best\u00e4tigen wir Ihnen alle Einzelheiten zu Ihrem Aufenthalt.<br \/>\nDiese Informationen umfassen: <br \/><strong>10.1.1<\/strong> Ankunftsflughafen, Uhrzeit und Datum der Abholung<br \/><strong>10.1.2<\/strong> Verfahren und Preis (Restbetrag)<br \/><strong>10.1.3<\/strong> verfahren &amp; konsultation &amp; \u00fcberpr\u00fcfung datum und uhrzeit<br \/><strong>10.1.4<\/strong> Adresse von Krankenh\u00e4usern und Kliniken<br \/><strong>10.1.5<\/strong> alle Kontaktpersonen f\u00fcr Notf\u00e4lle und die Kontaktinformationen Ihres Patientenkoordinators<br \/><strong>11.<\/strong> Unterkunft;<br \/><strong>11.1<\/strong> Sie sind verpflichtet, uns im Voraus zu benachrichtigen, wenn eine Begleitperson an Ihrem Aufenthalt beteiligt sein wird<br \/><strong>11.2<\/strong> Ihre Unterkunft umfasst;<br \/><strong>11.2.1<\/strong> \u00dcbernachtung mit Fr\u00fchst\u00fcck im Nachsorge- oder Partnerhotel<br \/><strong>12.<\/strong> Unsere Verantwortung f\u00fcr von Ihnen erlittene Verluste oder Sch\u00e4den;<br \/><strong>12.1<\/strong> Wir sind Ihnen gegen\u00fcber f\u00fcr vorhersehbare Verluste und Sch\u00e4den verantwortlich, die durch uns verursacht werden.<br \/>\nWenn wir diese Bedingungen nicht einhalten, sind wir f\u00fcr Verluste oder Sch\u00e4den verantwortlich, die Sie erleiden und die eine vorhersehbare Folge davon sind, dass wir diesen Vertrag nicht einhalten oder dass wir es vers\u00e4umt haben, angemessene Sorgfalt und Fachkenntnisse anzuwenden.<br \/>\nEin Verlust oder Schaden ist vorhersehbar, wenn es entweder offensichtlich ist, dass er eintreten wird, oder wenn zum Zeitpunkt des Vertragsabschlusses sowohl Sie als auch wir wussten, dass er eintreten k\u00f6nnte.  <br \/><strong>13.<\/strong> Sonstiges;<br \/><strong>13.1<\/strong> Anlage -1 &#8220;An\u00e4sthesie-Bewertungsbogen&#8221; ist eine Anlage zu diesem Vertrag und somit Bestandteil dieses Vertrages.<br \/><strong>13.2<\/strong> Im Falle einer Streitigkeit zwischen uns verpflichten Sie sich, zu versuchen, die Streitigkeit durch ein Vermittlungsverfahren in gutem Glauben mit uns beizulegen, bevor Sie ein Schiedsverfahren oder einen Rechtsstreit anstrengen.<br \/><strong>13.3<\/strong> Dieser Vertrag besteht zwischen Ihnen und uns.<br \/>\nKeine andere Person hat das Recht, eine seiner Bestimmungen durchzusetzen, es sei denn, im Vertrag ist ausdr\u00fccklich etwas anderes festgelegt. <br \/><strong>13.4<\/strong> Keine der Parteien darf ihre Rechte und Pflichten aus diesem Vertrag ohne vorherige schriftliche Zustimmung der anderen Partei abtreten oder \u00fcbertragen.<br \/><strong>13.5<\/strong> Alle bei uns eingegangenen Krankenakten der Patienten werden in gesicherten elektronischen Dateien streng vertraulich behandelt und nicht an Dritte weitergegeben.<br \/><strong>13.6<\/strong> Jede der Klauseln dieser Bedingungen gilt separat.<br \/>\nSollte(n) eine oder mehrere Klausel(n) dieses Vertrags aus irgendeinem Grund nichtig sein, bleiben die \u00fcbrigen Klauseln in vollem Umfang in Kraft und wirksam. <br \/><strong>13.7<\/strong> Dieser Vertrag unterliegt den Gesetzen der Republik T\u00fcrkei und ist nach diesen auszulegen. F\u00fcr alle Gerichtsverfahren in Bezug auf diesen Vertrag sind die Gerichte und Vollstreckungsstellen in Izmir zust\u00e4ndig, ohne dass die Grunds\u00e4tze des Kollisionsrechts Anwendung finden.<br \/><strong>14.<\/strong> Vor dem Verfahren;<br \/><strong>14.1<\/strong> Sie erkl\u00e4ren sich damit einverstanden, die Entscheidung des Chirurgen zu befolgen, wenn Bluttests, die Sie vor dem Eingriff durchf\u00fchren lassen, dazu f\u00fchren, dass die Operation aufgrund einer fachlichen Stellungnahme, die eine sp\u00e4tere Durchf\u00fchrung oder Nichtdurchf\u00fchrung der Operation erzwingt, abgesagt oder verschoben wird.<br \/>\nWir empfehlen Ihnen daher, alle Informationen \u00fcber Ihre fr\u00fchere und aktuelle medizinische Vorgeschichte offen zu legen. <br \/><strong>15.<\/strong> Kampagnen;<br \/><strong>15.1<\/strong> Es kann vorkommen, dass wir Flugkosten in das von Ihnen gebuchte Paket aufnehmen, wobei Sie im Voraus \u00fcber die Durchf\u00fchrung der Kampagne informiert werden. Wenn Sie Ihren Vertrag nicht im Rahmen der genannten Kampagne abschlie\u00dfen, bedeutet dies, dass sie derzeit weder durchf\u00fchrbar noch anwendbar ist. Wenn Sie jedoch einen Vertrag mit uns im Rahmen der oben genannten Kampagne abschlie\u00dfen, umfasst die Kampagne ein Flugkostenbudget von bis zu 250 GBP und Flugtickets, die mehr als den angegebenen Betrag kosten, werden von Ihnen \u00fcbernommen.<br \/><strong>16.<\/strong>Kunstfehler;<br \/>Im Falle eines Kunstfehlers wird ein Korrektureingriff von einem unserer Chirurgen durchgef\u00fchrt und ist f\u00fcr Sie kostenlos.<br \/>\nSie akzeptieren und erkennen an, dass die mit dem Eingriff verbundenen Kosten von Ihnen getragen werden. <br \/><strong>17.<\/strong> Vorher-\/Nachher-Fotos<br \/>Sie erkl\u00e4ren sich damit einverstanden, dass die f\u00fcr die Klinik verantwortlichen Personen Ihre Vorher-\/Nachher-Fotos verwenden d\u00fcrfen, die Sie uns zu Nachuntersuchungszwecken zur Verf\u00fcgung stellen m\u00fcssen.<br \/>\nFotos, die Ihre Identit\u00e4t nicht preisgeben, k\u00f6nnen f\u00fcr Werbezwecke verwendet und auf allen unseren Social Media-Seiten und unserer Website ver\u00f6ffentlicht werden. <\/li>\n<\/ol>\n<\/div><\/div><\/div><\/div><\/div><div class=\"wpb_text_column\"><div class=\"wpb_wrapper\"><\/div><\/div><\/div><\/div><\/div><\/div><\/div><\/section>\n","protected":false},"excerpt":{"rendered":"Gesch\u00e4ftsbedingungen Bitte lesen Sie die folgenden Bedingungen sorgf\u00e4ltig durch, bevor Sie Ihre Buchung abschicken. Wir beabsichtigen, uns auf diese Bedingungen und Ihre Buchungsangaben im Interesse beider Parteien, d.h. des Chirurgen und Ihnen, zu verlassen. In diesen Bedingungen bezieht sich der Begriff \"Sie\" und \"Ihr\" auf die in der Best\u00e4tigung genannte Person(die vollj\u00e4hrig sein muss). Als...","protected":false},"author":1,"featured_media":0,"parent":0,"menu_order":0,"comment_status":"closed","ping_status":"closed","template":"","meta":{"_mi_skip_tracking":false,"_monsterinsights_sitenote_active":false,"_monsterinsights_sitenote_note":"","_monsterinsights_sitenote_category":0,"_uf_show_specific_survey":0,"_uf_disable_surveys":false,"footnotes":""},"procedure":[],"class_list":["post-36751","page","type-page","status-publish","hentry"],"_links":{"self":[{"href":"https:\/\/clinicmono.com\/de\/wp-json\/wp\/v2\/pages\/36751","targetHints":{"allow":["GET"]}}],"collection":[{"href":"https:\/\/clinicmono.com\/de\/wp-json\/wp\/v2\/pages"}],"about":[{"href":"https:\/\/clinicmono.com\/de\/wp-json\/wp\/v2\/types\/page"}],"author":[{"embeddable":true,"href":"https:\/\/clinicmono.com\/de\/wp-json\/wp\/v2\/users\/1"}],"replies":[{"embeddable":true,"href":"https:\/\/clinicmono.com\/de\/wp-json\/wp\/v2\/comments?post=36751"}],"version-history":[{"count":0,"href":"https:\/\/clinicmono.com\/de\/wp-json\/wp\/v2\/pages\/36751\/revisions"}],"wp:attachment":[{"href":"https:\/\/clinicmono.com\/de\/wp-json\/wp\/v2\/media?parent=36751"}],"wp:term":[{"taxonomy":"procedure","embeddable":true,"href":"https:\/\/clinicmono.com\/de\/wp-json\/wp\/v2\/procedure?post=36751"}],"curies":[{"name":"wp","href":"https:\/\/api.w.org\/{rel}","templated":true}]}}