{"id":152427,"date":"2025-05-07T10:19:30","date_gmt":"2025-05-07T10:19:30","guid":{"rendered":"https:\/\/clinicmono.com\/verlaengerungsoperation\/"},"modified":"2025-05-07T13:20:09","modified_gmt":"2025-05-07T13:20:09","slug":"verlaengerungsoperation","status":"publish","type":"page","link":"https:\/\/clinicmono.com\/de\/orthopaedie\/verlaengerungsoperation\/","title":{"rendered":"Verl\u00e4ngerungsoperation"},"content":{"rendered":"<section class=\"l-section wpb_row height_custom with_img\"><div class=\"l-section-img\" role=\"img\" data-img-width=\"1487\" data-img-height=\"837\" style=\"background-image: url(https:\/\/clinicmono.com\/wp-content\/uploads\/2025\/05\/Lengthening_Surgery.jpg);background-repeat: no-repeat;\"><\/div><div class=\"l-section-overlay\" style=\"background:rgba(0,0,0,0.47)\"><\/div><div class=\"l-section-h i-cf\"><div class=\"g-cols vc_row via_flex valign_top type_default stacking_default\"><div class=\"vc_col-sm-12 wpb_column vc_column_container\"><div class=\"vc_column-inner\"><div class=\"wpb_wrapper\"><div class=\"wpb_text_column us_custom_8b3d6790 has_text_color\"><div class=\"wpb_wrapper\"><h1 style=\"text-align: center;\">Verl\u00e4ngerungsoperation<\/h1>\n<\/div><\/div><div class=\"w-separator size_small\"><\/div><nav class=\"g-breadcrumbs us_custom_8b3d6790 has_text_color separator_icon align_center hide_current\" itemscope itemtype=\"http:\/\/schema.org\/BreadcrumbList\"><div class=\"g-breadcrumbs-item\">Seiten<\/div><\/nav><div class=\"w-separator size_small\"><\/div><\/div><\/div><\/div><\/div><\/div><\/section><section class=\"l-section wpb_row height_small\"><div class=\"l-section-h i-cf\"><div class=\"g-cols vc_row via_flex valign_top type_default stacking_default\"><div class=\"vc_col-sm-8 wpb_column vc_column_container\"><div class=\"vc_column-inner\"><div class=\"wpb_wrapper\"><div class=\"g-cols wpb_row us_custom_edec6ef0 via_flex valign_top type_default stacking_default\"><div class=\"vc_col-sm-12 wpb_column vc_column_container\"><div class=\"vc_column-inner\"><div class=\"wpb_wrapper\"><h3 class=\"w-text\"><span class=\"w-text-h\"><span class=\"w-text-value\">\u00dcberblick \u00fcber das Verfahren<\/span><\/span><\/h3><div class=\"w-separator size_small\"><\/div><div class=\"w-iconbox iconpos_left style_default color_primary align_left\"><div class=\"w-iconbox-icon\" style=\"font-size:1.4rem;\"><i class=\"fas fa-procedures\"><\/i><\/div><div class=\"w-iconbox-meta\"><h4 class=\"w-iconbox-title\">Verfahren<\/h4><div class=\"w-iconbox-text\"><p>Abtrennung von Knochenfragmenten mit Hilfe eines Schnitts im Knochenbereich und Einsetzen eines speziellen Ger\u00e4ts an den beiden Enden des Knochens zum Zwecke der Verl\u00e4ngerung<strong><br \/>\n<\/strong><\/p>\n<\/div><\/div><\/div><div class=\"w-separator size_small\"><\/div><div class=\"w-iconbox iconpos_left style_default color_primary align_left\"><div class=\"w-iconbox-icon\" style=\"font-size:1rem;\"><i class=\"fas fa-clock\"><\/i><\/div><div class=\"w-iconbox-meta\"><h4 class=\"w-iconbox-title\">Operation Dauer<\/h4><div class=\"w-iconbox-text\"><p>2 Stunden<\/p>\n<div id=\"gtx-trans\" style=\"position: absolute; left: 105px; top: 30.8px;\">\n<div class=\"gtx-trans-icon\"><\/div>\n<\/div>\n<\/div><\/div><\/div><div class=\"w-separator size_small\"><\/div><div class=\"w-iconbox iconpos_left style_default color_primary align_left\"><div class=\"w-iconbox-icon\" style=\"font-size:1rem;\"><i class=\"fas fa-hospital\"><\/i><\/div><div class=\"w-iconbox-meta\"><h4 class=\"w-iconbox-title\">Krankenhausaufenthalt<\/h4><div class=\"w-iconbox-text\"><p>2 Tage<\/p>\n<\/div><\/div><\/div><div class=\"w-separator size_small\"><\/div><div class=\"w-iconbox iconpos_left style_default color_primary align_left\"><div class=\"w-iconbox-icon\" style=\"font-size:1rem;\"><i class=\"fas fa-syringe\"><\/i><\/div><div class=\"w-iconbox-meta\"><h4 class=\"w-iconbox-title\">An\u00e4sthesie<\/h4><div class=\"w-iconbox-text\"><p>Allgemeine An\u00e4sthesie<\/p>\n<\/div><\/div><\/div><\/div><\/div><\/div><\/div><\/div><\/div><\/div><div class=\"vc_col-sm-4 wpb_column vc_column_container\"><div class=\"vc_column-inner\"><div class=\"wpb_wrapper\"><div class=\"g-cols wpb_row us_custom_c5a47681 via_flex valign_top type_default stacking_default\"><div class=\"vc_col-sm-12 wpb_column vc_column_container\"><div class=\"vc_column-inner\"><div class=\"wpb_wrapper\"><h3 class=\"w-text\"><span class=\"w-text-h\"><span class=\"w-text-value\">Kostenlose Beratung erhalten<\/span><\/span><\/h3><div class=\"w-separator size_small\"><\/div><div class=\"wpforms-container wpforms-render-modern\" id=\"wpforms-22672\"><form id=\"wpforms-form-22672\" class=\"wpforms-validate wpforms-form wpforms-ajax-form\" data-formid=\"22672\" method=\"post\" enctype=\"multipart\/form-data\" action=\"\/de\/wp-json\/wp\/v2\/pages\/152427\" data-token=\"cd205e89910f375c128606cd3b8fcd04\" data-token-time=\"1775328193\"><noscript class=\"wpforms-error-noscript\">Bitte aktiviere JavaScript in deinem Browser, um dieses Formular fertigzustellen.<\/noscript><div id=\"wpforms-error-noscript\" style=\"display: none;\">Bitte aktiviere JavaScript in deinem Browser, um dieses Formular fertigzustellen.<\/div><div class=\"wpforms-field-container\"><div id=\"wpforms-22672-field_0-container\" class=\"wpforms-field wpforms-field-name\" data-field-id=\"0\"><label class=\"wpforms-field-label wpforms-label-hide\" for=\"wpforms-22672-field_0\" aria-hidden=\"false\">Name <span class=\"wpforms-required-label\" aria-hidden=\"true\">*<\/span><\/label><input type=\"text\" id=\"wpforms-22672-field_0\" class=\"wpforms-field-large wpforms-field-required\" name=\"wpforms[fields][0]\" placeholder=\"Name und Nachname\" aria-errormessage=\"wpforms-22672-field_0-error\" required><\/div><div id=\"wpforms-22672-field_5-container\" class=\"wpforms-field wpforms-field-phone\" data-field-id=\"5\"><label class=\"wpforms-field-label wpforms-label-hide\" for=\"wpforms-22672-field_5\" aria-hidden=\"false\">Telefon <span class=\"wpforms-required-label\" aria-hidden=\"true\">*<\/span><\/label><input type=\"tel\" id=\"wpforms-22672-field_5\" class=\"wpforms-field-large wpforms-field-required wpforms-smart-phone-field\" data-rule-smart-phone-field=\"true\" name=\"wpforms[fields][5]\" aria-label=\"Telefon\" aria-errormessage=\"wpforms-22672-field_5-error\" required><\/div><div id=\"wpforms-22672-field_12-container\" class=\"wpforms-field wpforms-field-hidden\" data-field-id=\"12\"><input type=\"hidden\" id=\"wpforms-22672-field_12\" name=\"wpforms[fields][12]\"><\/div>\t\t<div id=\"wpforms-22672-field_1-container\"\n\t\t\tclass=\"wpforms-field wpforms-field-text\"\n\t\t\tdata-field-type=\"text\"\n\t\t\tdata-field-id=\"1\"\n\t\t\t>\n\t\t\t<label class=\"wpforms-field-label\" for=\"wpforms-22672-field_1\" >Name Seite Seite<\/label>\n\t\t\t<input type=\"text\" id=\"wpforms-22672-field_1\" class=\"wpforms-field-medium\" name=\"wpforms[fields][1]\" >\n\t\t<\/div>\n\t\t<div id=\"wpforms-22672-field_10-container\" class=\"wpforms-field wpforms-field-hidden\" data-field-id=\"10\"><input type=\"hidden\" id=\"wpforms-22672-field_10\" name=\"wpforms[fields][10]\" value=\"https:\/\/clinicmono.com\/de\/wp-json\/wp\/v2\/pages\/152427 \"><\/div><div id=\"wpforms-22672-field_15-container\" class=\"wpforms-field wpforms-field-hidden\" data-field-id=\"15\"><input type=\"hidden\" id=\"wpforms-22672-field_15\" name=\"wpforms[fields][15]\" value=\" 216.73.216.191 {entry_geolocation} \"><\/div><script>\n\t\t\t\t( function() {\n\t\t\t\t\tconst style = document.createElement( 'style' );\n\t\t\t\t\tstyle.appendChild( document.createTextNode( '#wpforms-22672-field_1-container { position: absolute !important; overflow: hidden !important; display: inline !important; height: 1px !important; width: 1px !important; z-index: -1000 !important; padding: 0 !important; } #wpforms-22672-field_1-container input { visibility: hidden; } #wpforms-conversational-form-page #wpforms-22672-field_1-container label { counter-increment: none; }' ) );\n\t\t\t\t\tdocument.head.appendChild( style );\n\t\t\t\t\tdocument.currentScript?.remove();\n\t\t\t\t} )();\n\t\t\t<\/script><\/div><!-- .wpforms-field-container --><div class=\"wpforms-recaptcha-container wpforms-is-recaptcha wpforms-is-recaptcha-type-v3\" ><input type=\"hidden\" name=\"wpforms[recaptcha]\" value=\"\"><\/div><div class=\"wpforms-submit-container\" ><input type=\"hidden\" name=\"wpforms[id]\" value=\"22672\"><input type=\"hidden\" name=\"page_title\" value=\"\"><input type=\"hidden\" name=\"page_url\" value=\"https:\/\/clinicmono.com\/de\/wp-json\/wp\/v2\/pages\/152427\"><input type=\"hidden\" name=\"url_referer\" value=\"\"><button type=\"submit\" name=\"wpforms[submit]\" id=\"wpforms-submit-22672\" class=\"wpforms-submit\" data-alt-text=\"Ich schicke...\" data-submit-text=\"Erhalten Sie eine kostenlose Beratung\" aria-live=\"assertive\" value=\"wpforms-submit\">Erhalten Sie eine kostenlose Beratung<\/button><img loading=\"lazy\" decoding=\"async\" src=\"https:\/\/clinicmono.com\/wp-content\/plugins\/wpforms\/assets\/images\/submit-spin.svg\" class=\"wpforms-submit-spinner\" style=\"display: none;\" width=\"26\" height=\"26\" alt=\"Wird geladen\"><\/div><\/form><\/div>  <!-- .wpforms-container --><\/div><\/div><\/div><\/div><\/div><\/div><\/div><\/div><\/div><\/section><section class=\"l-section wpb_row us_custom_72622016 height_custom\"><div class=\"l-section-h i-cf\"><div class=\"g-cols vc_row via_flex valign_top type_default stacking_default\"><div class=\"vc_col-sm-12 wpb_column vc_column_container\"><div class=\"vc_column-inner\"><div class=\"wpb_wrapper\"><div class=\"w-separator size_small\"><\/div><div class=\"g-cols wpb_row via_flex valign_top type_default stacking_default\" id=\"procedures\"><div class=\"vc_col-sm-12 wpb_column vc_column_container\"><div class=\"vc_column-inner\"><div class=\"wpb_wrapper\"><div class=\"wpb_text_column\"><div class=\"wpb_wrapper\"><p>Die Verl\u00e4ngerungsoperation ist ein chirurgisches Verfahren, das bei angeborenem Kleinwuchs, Entwicklungsverz\u00f6gerungen, asymmetrischen Gliedma\u00dfen oder aus \u00e4sthetischen Gr\u00fcnden bevorzugt wird. Diese in der medizinischen Fachliteratur als \u201eDistraktionsosteogenese\u201c bezeichnete Methode beruht auf einer kontrollierten Verl\u00e4ngerung der Knochen. In den letzten Jahren haben auch die Operationen zur Verl\u00e4ngerung der K\u00f6rpergr\u00f6\u00dfe zugenommen, die aus \u00e4sthetischen Gr\u00fcnden durchgef\u00fchrt werden. Dieses Verfahren erfordert jedoch Geduld, Disziplin und eine professionelle Nachbehandlung.<\/p>\n<\/div><\/div><\/div><\/div><\/div><\/div><div class=\"w-separator size_small\"><\/div><div class=\"g-cols wpb_row via_flex valign_top type_default stacking_default\" id=\"quicklook\"><div class=\"vc_col-sm-12 wpb_column vc_column_container\"><div class=\"vc_column-inner\"><div class=\"wpb_wrapper\"><div class=\"wpb_text_column\"><div class=\"wpb_wrapper\"><h3><strong>Wie wird die H\u00f6henverl\u00e4ngerungsoperation durchgef\u00fchrt?<\/strong><\/h3>\n<p>Das Hauptziel der Operation, die auch als \u201eKnochenverl\u00e4ngerungsmethode\u201c oder \u201eIlizarov-Technik\u201c bezeichnet wird, besteht darin, die K\u00f6rpergr\u00f6\u00dfe einer Person zu erh\u00f6hen. Bei der Verl\u00e4ngerungsoperation, die unter Vollnarkose durchgef\u00fchrt wird, werden die Knochenfragmente durch einen kontrollierten Schnitt im Knochenbereich getrennt. Dann wird ein spezielles Ger\u00e4t (ein von au\u00dfen befestigtes \u201eilizarov\u201c-Ger\u00e4t oder moderne intramedull\u00e4re N\u00e4gel, die im K\u00f6rperinneren platziert werden) zwischen die beiden Knochenenden gesetzt.  <\/p>\n<p>Die Knochen werden t\u00e4glich millimeterweise voneinander getrennt, und der Zwischenraum wird im Laufe der Zeit mit neuem Knochengewebe aufgef\u00fcllt. Mit dieser Methode kann in einer Sitzung eine durchschnittliche Verl\u00e4ngerung von 5-8 cm erreicht werden, in einigen F\u00e4llen sogar bis zu 12-15 cm.<\/p>\n<\/div><\/div><\/div><\/div><\/div><\/div><div class=\"w-separator size_small\"><\/div><div class=\"g-cols wpb_row via_flex valign_top type_default stacking_default\" id=\"clinic\"><div class=\"vc_col-sm-6 wpb_column vc_column_container\"><div class=\"vc_column-inner\"><div class=\"wpb_wrapper\"><div class=\"wpb_text_column\"><div class=\"wpb_wrapper\"><h3><strong>Chirurgischer Prozess und Genesung<\/strong><\/h3>\n<p>Der postoperative Prozess erfordert viel Geduld. W\u00e4hrend der Verl\u00e4ngerungsprozess etwa 2-3 Monate dauert, kann die St\u00e4rkung und vollst\u00e4ndige Heilung der neu gebildeten Knochen zwischen 6 und 12 Monaten variieren. W\u00e4hrend dieser Zeit ist es f\u00fcr den Patienten von gro\u00dfer Bedeutung, regelm\u00e4\u00dfig Physiotherapie zu erhalten, um die Muskelkraft und die Gelenkbewegungen aufrechtzuerhalten.  <\/p>\n<p>In den ersten Wochen geht der Patient in der Regel an Kr\u00fccken, danach geht er allm\u00e4hlich zum normalen Gehen \u00fcber. Schmerzen, Muskelsteifheit und vor\u00fcbergehende Bewegungseinschr\u00e4nkungen sind w\u00e4hrend der Verl\u00e4ngerungsphase h\u00e4ufig und sollten unter fachkundiger Kontrolle behandelt werden.<\/p>\n<\/div><\/div><\/div><\/div><\/div><div class=\"vc_col-sm-6 wpb_column vc_column_container\"><div class=\"vc_column-inner\"><div class=\"wpb_wrapper\"><div class=\"wpb_text_column\"><div class=\"wpb_wrapper\"><h3><strong>Wer kann sich einer Verl\u00e4ngerungsoperation unterziehen?<\/strong><\/h3>\n<p>Die Operation zur Verl\u00e4ngerung der K\u00f6rpergr\u00f6\u00dfe wird in der Regel durchgef\u00fchrt:<\/p>\n<ul>\n<li>Personen mit genetisch oder hormonell bedingter Kleinw\u00fcchsigkeit<\/li>\n<li>Personen mit angeborenen oder entwicklungsbedingten Knochenst\u00f6rungen<\/li>\n<li>Personen mit kurzen Beinen nach Verkehrsunf\u00e4llen oder Traumata<\/li>\n<li>Erwachsene Personen, die sich mit ihrer K\u00f6rpergr\u00f6\u00dfe psychisch unwohl f\u00fchlen<\/li>\n<\/ul>\n<p>angewendet werden. Entscheidend f\u00fcr den Erfolg dieses Verfahrens sind jedoch die k\u00f6rperliche Gesundheit, die psychische Verfassung und die Motivation der betreffenden Person.<\/p>\n<\/div><\/div><\/div><\/div><\/div><\/div><div class=\"w-separator size_small\"><\/div><div class=\"g-cols wpb_row via_flex valign_top type_default stacking_default\"><div class=\"vc_col-sm-12 wpb_column vc_column_container\"><div class=\"vc_column-inner\"><div class=\"wpb_wrapper\"><div class=\"wpb_text_column\"><div class=\"wpb_wrapper\"><h4><strong>Risiken und Vorsichtsma\u00dfnahmen<\/strong><\/h4>\n<p>Wie bei jedem chirurgischen Eingriff gibt es auch bei der H\u00f6henverl\u00e4ngerung Risiken. Zu diesen Risiken geh\u00f6ren: <\/p>\n<ul>\n<li>Infektion<\/li>\n<li>Komplikationen aufgrund von Knochenbr\u00fcchen<\/li>\n<li>Nerven- oder Gef\u00e4\u00dfsch\u00e4den<\/li>\n<li>Instabilit\u00e4t der Gliedma\u00dfen<\/li>\n<li>Anhaltende Schmerzen und Muskelsteifheit<\/li>\n<\/ul>\n<p>Aus diesem Grund sollte vor der Operation eine eingehende Untersuchung durchgef\u00fchrt und der Prozess von einem spezialisierten Orthop\u00e4den eingeleitet werden.<\/p>\n<\/div><\/div><\/div><\/div><\/div><\/div><div class=\"vc_col-sm-12 wpb_column vc_column_container\"><div class=\"vc_column-inner\"><div class=\"wpb_wrapper\"><\/div><\/div><\/div><\/div><\/div><\/div><\/div><\/div><\/section>\n","protected":false},"excerpt":{"rendered":"Verl\u00e4ngerungsoperation Seiten\u00dcberblick \u00fcber das VerfahrenVerfahrenAbtrennung von Knochenfragmenten mit Hilfe eines Schnitts im Knochenbereich und Einsetzen eines speziellen Ger\u00e4ts an den beiden Enden des Knochens zum Zwecke der Verl\u00e4ngerung Operation Dauer2 Stunden Krankenhausaufenthalt2 Tage An\u00e4sthesieAllgemeine An\u00e4sthesie Kostenlose Beratung erhaltenBitte aktiviere JavaScript in deinem Browser, um dieses Formular fertigzustellen.Bitte aktiviere JavaScript in deinem Browser, um dieses Formular...","protected":false},"author":1,"featured_media":152418,"parent":152501,"menu_order":0,"comment_status":"closed","ping_status":"closed","template":"","meta":{"rank_math_lock_modified_date":false,"_mi_skip_tracking":false,"_monsterinsights_sitenote_active":false,"_monsterinsights_sitenote_note":"","_monsterinsights_sitenote_category":0,"_uf_show_specific_survey":0,"_uf_disable_surveys":false,"footnotes":""},"procedure":[569],"class_list":["post-152427","page","type-page","status-publish","has-post-thumbnail","hentry","procedure-orthopedics"],"_links":{"self":[{"href":"https:\/\/clinicmono.com\/de\/wp-json\/wp\/v2\/pages\/152427"}],"collection":[{"href":"https:\/\/clinicmono.com\/de\/wp-json\/wp\/v2\/pages"}],"about":[{"href":"https:\/\/clinicmono.com\/de\/wp-json\/wp\/v2\/types\/page"}],"author":[{"embeddable":true,"href":"https:\/\/clinicmono.com\/de\/wp-json\/wp\/v2\/users\/1"}],"replies":[{"embeddable":true,"href":"https:\/\/clinicmono.com\/de\/wp-json\/wp\/v2\/comments?post=152427"}],"version-history":[{"count":2,"href":"https:\/\/clinicmono.com\/de\/wp-json\/wp\/v2\/pages\/152427\/revisions"}],"predecessor-version":[{"id":152429,"href":"https:\/\/clinicmono.com\/de\/wp-json\/wp\/v2\/pages\/152427\/revisions\/152429"}],"up":[{"embeddable":true,"href":"https:\/\/clinicmono.com\/de\/wp-json\/wp\/v2\/pages\/152501"}],"wp:featuredmedia":[{"embeddable":true,"href":"https:\/\/clinicmono.com\/de\/wp-json\/wp\/v2\/media\/152418"}],"wp:attachment":[{"href":"https:\/\/clinicmono.com\/de\/wp-json\/wp\/v2\/media?parent=152427"}],"wp:term":[{"taxonomy":"procedure","embeddable":true,"href":"https:\/\/clinicmono.com\/de\/wp-json\/wp\/v2\/procedure?post=152427"}],"curies":[{"name":"wp","href":"https:\/\/api.w.org\/{rel}","templated":true}]}}