{"id":152380,"date":"2025-05-07T08:26:34","date_gmt":"2025-05-07T08:26:34","guid":{"rendered":"https:\/\/clinicmono.com\/skoliose-operation\/"},"modified":"2025-05-07T13:20:09","modified_gmt":"2025-05-07T13:20:09","slug":"skoliose-operation","status":"publish","type":"page","link":"https:\/\/clinicmono.com\/de\/orthopaedie\/skoliose-operation\/","title":{"rendered":"Skoliose-Operation"},"content":{"rendered":"<section class=\"l-section wpb_row height_custom with_img\"><div class=\"l-section-img\" role=\"img\" data-img-width=\"1280\" data-img-height=\"853\" style=\"background-image: url(https:\/\/clinicmono.com\/wp-content\/uploads\/2025\/05\/scoliosis_surgery.jpg);background-repeat: no-repeat;\"><\/div><div class=\"l-section-overlay\" style=\"background:rgba(0,0,0,0.47)\"><\/div><div class=\"l-section-h i-cf\"><div class=\"g-cols vc_row via_flex valign_top type_default stacking_default\"><div class=\"vc_col-sm-12 wpb_column vc_column_container\"><div class=\"vc_column-inner\"><div class=\"wpb_wrapper\"><div class=\"wpb_text_column us_custom_8b3d6790 has_text_color\"><div class=\"wpb_wrapper\"><h1 style=\"text-align: center;\">Skoliose-Operation<\/h1>\n<\/div><\/div><div class=\"w-separator size_small\"><\/div><nav class=\"g-breadcrumbs us_custom_8b3d6790 has_text_color separator_icon align_center hide_current\" itemscope itemtype=\"http:\/\/schema.org\/BreadcrumbList\"><div class=\"g-breadcrumbs-item\">Seiten<\/div><\/nav><div class=\"w-separator size_small\"><\/div><\/div><\/div><\/div><\/div><\/div><\/section><section class=\"l-section wpb_row height_small\"><div class=\"l-section-h i-cf\"><div class=\"g-cols vc_row via_flex valign_top type_default stacking_default\"><div class=\"vc_col-sm-8 wpb_column vc_column_container\"><div class=\"vc_column-inner\"><div class=\"wpb_wrapper\"><div class=\"g-cols wpb_row us_custom_edec6ef0 via_flex valign_top type_default stacking_default\"><div class=\"vc_col-sm-12 wpb_column vc_column_container\"><div class=\"vc_column-inner\"><div class=\"wpb_wrapper\"><h3 class=\"w-text\"><span class=\"w-text-h\"><span class=\"w-text-value\">\u00dcberblick \u00fcber das Verfahren<\/span><\/span><\/h3><div class=\"w-separator size_small\"><\/div><div class=\"w-iconbox iconpos_left style_default color_primary align_left\"><div class=\"w-iconbox-icon\" style=\"font-size:1.4rem;\"><i class=\"fas fa-procedures\"><\/i><\/div><div class=\"w-iconbox-meta\"><h4 class=\"w-iconbox-title\">Verfahren<\/h4><div class=\"w-iconbox-text\"><p>Korrektur der Wirbels\u00e4ule durch chirurgischen Eingriff, Stoppen des Fortschreitens<\/p>\n<\/div><\/div><\/div><div class=\"w-separator size_small\"><\/div><div class=\"w-iconbox iconpos_left style_default color_primary align_left\"><div class=\"w-iconbox-icon\" style=\"font-size:1rem;\"><i class=\"fas fa-clock\"><\/i><\/div><div class=\"w-iconbox-meta\"><h4 class=\"w-iconbox-title\">Operation Dauer<\/h4><div class=\"w-iconbox-text\"><p>4 &#8211; 6 Stunden<\/p>\n<div id=\"gtx-trans\" style=\"position: absolute; left: 134px; top: 30.8px;\">\n<div class=\"gtx-trans-icon\"><\/div>\n<\/div>\n<\/div><\/div><\/div><div class=\"w-separator size_small\"><\/div><div class=\"w-iconbox iconpos_left style_default color_primary align_left\"><div class=\"w-iconbox-icon\" style=\"font-size:1rem;\"><i class=\"fas fa-hospital\"><\/i><\/div><div class=\"w-iconbox-meta\"><h4 class=\"w-iconbox-title\">Krankenhausaufenthalt<\/h4><div class=\"w-iconbox-text\"><p>3 &#8211; 7 Tage<\/p>\n<div id=\"gtx-trans\" style=\"position: absolute; left: 116px; top: 30.8px;\">\n<div class=\"gtx-trans-icon\"><\/div>\n<\/div>\n<div id=\"gtx-trans\" style=\"position: absolute; left: 116px; top: 30.8px;\">\n<div class=\"gtx-trans-icon\"><\/div>\n<\/div>\n<\/div><\/div><\/div><div class=\"w-separator size_small\"><\/div><div class=\"w-iconbox iconpos_left style_default color_primary align_left\"><div class=\"w-iconbox-icon\" style=\"font-size:1rem;\"><i class=\"fas fa-syringe\"><\/i><\/div><div class=\"w-iconbox-meta\"><h4 class=\"w-iconbox-title\">An\u00e4sthesie<\/h4><div class=\"w-iconbox-text\"><p>Allgemeine An\u00e4sthesie<\/p>\n<\/div><\/div><\/div><\/div><\/div><\/div><\/div><\/div><\/div><\/div><div class=\"vc_col-sm-4 wpb_column vc_column_container\"><div class=\"vc_column-inner\"><div class=\"wpb_wrapper\"><div class=\"g-cols wpb_row us_custom_c5a47681 via_flex valign_top type_default stacking_default\"><div class=\"vc_col-sm-12 wpb_column vc_column_container\"><div class=\"vc_column-inner\"><div class=\"wpb_wrapper\"><h3 class=\"w-text\"><span class=\"w-text-h\"><span class=\"w-text-value\">Kostenlose Beratung erhalten<\/span><\/span><\/h3><div class=\"w-separator size_small\"><\/div><div class=\"wpforms-container wpforms-render-modern\" id=\"wpforms-22672\"><form id=\"wpforms-form-22672\" class=\"wpforms-validate wpforms-form wpforms-ajax-form\" data-formid=\"22672\" method=\"post\" enctype=\"multipart\/form-data\" action=\"\/de\/wp-json\/wp\/v2\/pages\/152380\" data-token=\"cd205e89910f375c128606cd3b8fcd04\" data-token-time=\"1775340063\"><noscript class=\"wpforms-error-noscript\">Bitte aktiviere JavaScript in deinem Browser, um dieses Formular fertigzustellen.<\/noscript><div id=\"wpforms-error-noscript\" style=\"display: none;\">Bitte aktiviere JavaScript in deinem Browser, um dieses Formular fertigzustellen.<\/div><div class=\"wpforms-field-container\"><div id=\"wpforms-22672-field_0-container\" class=\"wpforms-field wpforms-field-name\" data-field-id=\"0\"><label class=\"wpforms-field-label wpforms-label-hide\" for=\"wpforms-22672-field_0\" aria-hidden=\"false\">Name <span class=\"wpforms-required-label\" aria-hidden=\"true\">*<\/span><\/label><input type=\"text\" id=\"wpforms-22672-field_0\" class=\"wpforms-field-large wpforms-field-required\" name=\"wpforms[fields][0]\" placeholder=\"Name und Nachname\" aria-errormessage=\"wpforms-22672-field_0-error\" required><\/div><div id=\"wpforms-22672-field_5-container\" class=\"wpforms-field wpforms-field-phone\" data-field-id=\"5\"><label class=\"wpforms-field-label wpforms-label-hide\" for=\"wpforms-22672-field_5\" aria-hidden=\"false\">Telefon <span class=\"wpforms-required-label\" aria-hidden=\"true\">*<\/span><\/label><input type=\"tel\" id=\"wpforms-22672-field_5\" class=\"wpforms-field-large wpforms-field-required wpforms-smart-phone-field\" data-rule-smart-phone-field=\"true\" name=\"wpforms[fields][5]\" aria-label=\"Telefon\" aria-errormessage=\"wpforms-22672-field_5-error\" required><\/div>\t\t<div id=\"wpforms-22672-field_1-container\"\n\t\t\tclass=\"wpforms-field wpforms-field-text\"\n\t\t\tdata-field-type=\"text\"\n\t\t\tdata-field-id=\"1\"\n\t\t\t>\n\t\t\t<label class=\"wpforms-field-label\" for=\"wpforms-22672-field_1\" >der Titel Telefon<\/label>\n\t\t\t<input type=\"text\" id=\"wpforms-22672-field_1\" class=\"wpforms-field-medium\" name=\"wpforms[fields][1]\" >\n\t\t<\/div>\n\t\t<div id=\"wpforms-22672-field_12-container\" class=\"wpforms-field wpforms-field-hidden\" data-field-id=\"12\"><input type=\"hidden\" id=\"wpforms-22672-field_12\" name=\"wpforms[fields][12]\"><\/div><div id=\"wpforms-22672-field_10-container\" class=\"wpforms-field wpforms-field-hidden\" data-field-id=\"10\"><input type=\"hidden\" id=\"wpforms-22672-field_10\" name=\"wpforms[fields][10]\" value=\"https:\/\/clinicmono.com\/de\/wp-json\/wp\/v2\/pages\/152380 \"><\/div><div id=\"wpforms-22672-field_15-container\" class=\"wpforms-field wpforms-field-hidden\" data-field-id=\"15\"><input type=\"hidden\" id=\"wpforms-22672-field_15\" name=\"wpforms[fields][15]\" value=\" 216.73.216.191 {entry_geolocation} \"><\/div><script>\n\t\t\t\t( function() {\n\t\t\t\t\tconst style = document.createElement( 'style' );\n\t\t\t\t\tstyle.appendChild( document.createTextNode( '#wpforms-22672-field_1-container { position: absolute !important; overflow: hidden !important; display: inline !important; height: 1px !important; width: 1px !important; z-index: -1000 !important; padding: 0 !important; } #wpforms-22672-field_1-container input { visibility: hidden; } #wpforms-conversational-form-page #wpforms-22672-field_1-container label { counter-increment: none; }' ) );\n\t\t\t\t\tdocument.head.appendChild( style );\n\t\t\t\t\tdocument.currentScript?.remove();\n\t\t\t\t} )();\n\t\t\t<\/script><\/div><!-- .wpforms-field-container --><div class=\"wpforms-recaptcha-container wpforms-is-recaptcha wpforms-is-recaptcha-type-v3\" ><input type=\"hidden\" name=\"wpforms[recaptcha]\" value=\"\"><\/div><div class=\"wpforms-submit-container\" ><input type=\"hidden\" name=\"wpforms[id]\" value=\"22672\"><input type=\"hidden\" name=\"page_title\" value=\"\"><input type=\"hidden\" name=\"page_url\" value=\"https:\/\/clinicmono.com\/de\/wp-json\/wp\/v2\/pages\/152380\"><input type=\"hidden\" name=\"url_referer\" value=\"\"><button type=\"submit\" name=\"wpforms[submit]\" id=\"wpforms-submit-22672\" class=\"wpforms-submit\" data-alt-text=\"Ich schicke...\" data-submit-text=\"Erhalten Sie eine kostenlose Beratung\" aria-live=\"assertive\" value=\"wpforms-submit\">Erhalten Sie eine kostenlose Beratung<\/button><img loading=\"lazy\" decoding=\"async\" src=\"https:\/\/clinicmono.com\/wp-content\/plugins\/wpforms\/assets\/images\/submit-spin.svg\" class=\"wpforms-submit-spinner\" style=\"display: none;\" width=\"26\" height=\"26\" alt=\"Wird geladen\"><\/div><\/form><\/div>  <!-- .wpforms-container --><\/div><\/div><\/div><\/div><\/div><\/div><\/div><\/div><\/div><\/section><section class=\"l-section wpb_row us_custom_72622016 height_custom\"><div class=\"l-section-h i-cf\"><div class=\"g-cols vc_row via_flex valign_top type_default stacking_default\"><div class=\"vc_col-sm-12 wpb_column vc_column_container\"><div class=\"vc_column-inner\"><div class=\"wpb_wrapper\"><div class=\"w-separator size_small\"><\/div><div class=\"g-cols wpb_row via_flex valign_top type_default stacking_default\" id=\"procedures\"><div class=\"vc_col-sm-12 wpb_column vc_column_container\"><div class=\"vc_column-inner\"><div class=\"wpb_wrapper\"><div class=\"wpb_text_column\"><div class=\"wpb_wrapper\"><p>Die Skoliose-Operation ist eine chirurgische Methode, um die Kr\u00fcmmung der Wirbels\u00e4ule zu korrigieren und sie glatter zu machen. Skoliose (Wirbels\u00e4ulenverkr\u00fcmmung) ist definiert als eine Wirbels\u00e4ulenerkrankung, bei der sich die Wirbels\u00e4ule S- oder C-f\u00f6rmig nach rechts oder links kr\u00fcmmt. W\u00e4hrend leichte F\u00e4lle mit konservativen Methoden wie Physiotherapie, Korsett und Bewegung kontrolliert werden k\u00f6nnen, kann bei Kr\u00fcmmungen \u00fcber 40-50 Grad eine Skoliose-Operation in Betracht gezogen werden.  <\/p>\n<p>Das Hauptziel der Operation besteht darin, die Wirbels\u00e4ule zu begradigen, das Fortschreiten zu stoppen und die Lebensqualit\u00e4t des Patienten zu verbessern. Mit einem chirurgischen Eingriff k\u00f6nnen dauerhafte L\u00f6sungen erzielt werden, insbesondere bei Verkr\u00fcmmungen, die in der Jugend schnell fortschreiten.<\/p>\n<\/div><\/div><\/div><\/div><\/div><\/div><div class=\"w-separator size_small\"><\/div><div class=\"g-cols wpb_row via_flex valign_top type_default stacking_default\" id=\"quicklook\"><div class=\"vc_col-sm-12 wpb_column vc_column_container\"><div class=\"vc_column-inner\"><div class=\"wpb_wrapper\"><div class=\"wpb_text_column\"><div class=\"wpb_wrapper\"><p><strong>Wer kann sich einer Skoliose-Operation unterziehen?<\/strong><\/p>\n<p>Die Skoliose-Operation kommt nicht f\u00fcr jeden Patienten in Frage. Die folgenden Kriterien werden bei der Entscheidung f\u00fcr eine Operation ber\u00fccksichtigt: <\/p>\n<ul>\n<li>Wirbels\u00e4ulenverkr\u00fcmmung von 40 Grad oder mehr<\/li>\n<li>Rasches Fortschreiten der Verkr\u00fcmmung<\/li>\n<li>Deutliche Verschlechterung des k\u00f6rperlichen Aussehens<\/li>\n<li>Starke Schmerzen im R\u00fccken und im unteren R\u00fcckenbereich<\/li>\n<li>Verkr\u00fcmmungen, die die Herz- oder Lungenfunktionen beeintr\u00e4chtigen<\/li>\n<li>Patienten, die nicht auf Korsett und Physiotherapie ansprechen<\/li>\n<\/ul>\n<p>Bei Skoliose, die im Allgemeinen in der Jugendzeit fortschreitet, kann ein chirurgischer Eingriff fr\u00fchzeitig geplant werden. Bei einigen Skoliosef\u00e4llen im Erwachsenenalter kann jedoch eine Operation im fortgeschrittenen Alter erforderlich sein.<\/p>\n<\/div><\/div><\/div><\/div><\/div><\/div><div class=\"w-separator size_small\"><\/div><div class=\"g-cols wpb_row via_flex valign_top type_default stacking_default\" id=\"clinic\"><div class=\"vc_col-sm-6 wpb_column vc_column_container\"><div class=\"vc_column-inner\"><div class=\"wpb_wrapper\"><div class=\"wpb_text_column\"><div class=\"wpb_wrapper\"><h3><strong>Wie wird eine Skoliose-Operation durchgef\u00fchrt?<\/strong><\/h3>\n<p>Die Skoliose-Operation ist ein umfassender Eingriff unter Vollnarkose und dauert durchschnittlich 4 bis 6 Stunden. W\u00e4hrend des Eingriffs wird die Wirbels\u00e4ule durch Einsetzen von Metallst\u00e4ben, Schrauben und Haken im Bereich der Wirbels\u00e4ule mit Verkr\u00fcmmung ausgerichtet. Dank dieses stabilisierenden Systems wird die Wirbels\u00e4ule in die richtige Position gebracht und die Knochen werden miteinander verschmolzen.  <\/p>\n<p>Mit modernen Operationstechniken wird die Wirbels\u00e4ule so nahe wie m\u00f6glich an ihrer nat\u00fcrlichen Kr\u00fcmmung ausgerichtet. Im Allgemeinen wird ein Eingriff im dorsalen (hinteren) Bereich bevorzugt, in einigen F\u00e4llen kann aber auch ein anteriorer Zugang erforderlich sein.<\/p>\n<\/div><\/div><\/div><\/div><\/div><div class=\"vc_col-sm-6 wpb_column vc_column_container\"><div class=\"vc_column-inner\"><div class=\"wpb_wrapper\"><div class=\"wpb_text_column\"><div class=\"wpb_wrapper\"><h3><strong>Postoperative Genesung<\/strong><\/h3>\n<p>Die Genesungszeit nach einer Skoliose-Operation kann je nach Person und Umfang des Eingriffs variieren. In der Regel bleiben die Patienten nach der Operation 3-5 Tage im Krankenhaus. In den ersten Wochen k\u00f6nnen sie ihren t\u00e4glichen Aktivit\u00e4ten wieder kontrolliert nachgehen. Der vollst\u00e4ndige Genesungsprozess ist zwischen 3 und 6 Monaten abgeschlossen.<\/p>\n<\/div><\/div><\/div><\/div><\/div><\/div><div class=\"w-separator size_small\"><\/div><div class=\"g-cols wpb_row via_flex valign_top type_default stacking_default\"><div class=\"vc_col-sm-12 wpb_column vc_column_container\"><div class=\"vc_column-inner\"><div class=\"wpb_wrapper\"><div class=\"wpb_text_column\"><div class=\"wpb_wrapper\"><h4><strong>Was ist w\u00e4hrend des Heilungsprozesses zu beachten?<\/strong><\/h4>\n<ul>\n<li>Regelm\u00e4\u00dfige \u00e4rztliche Untersuchungen<\/li>\n<li>Einhaltung von Physiotherapie- und Bewegungsprogrammen<\/li>\n<li>Vermeidung von schwerem Heben<\/li>\n<li>Entwicklung von Lebensgewohnheiten zum Schutz der Gesundheit der Wirbels\u00e4ule<\/li>\n<\/ul>\n<h4><strong>Vorteile der Skoliose-Operation<\/strong><\/h4>\n<ul>\n<li>Korrekte Ausrichtung der Wirbels\u00e4ule<\/li>\n<li>Fortschreiten der Kr\u00fcmmung wird gestoppt<\/li>\n<li>Verbesserung des k\u00f6rperlichen Erscheinungsbildes<\/li>\n<li>Verringerung oder vollst\u00e4ndige Linderung der Schmerzen<\/li>\n<\/ul>\n<\/div><\/div><\/div><\/div><\/div><\/div><div class=\"vc_col-sm-12 wpb_column vc_column_container\"><div class=\"vc_column-inner\"><div class=\"wpb_wrapper\"><\/div><\/div><\/div><\/div><\/div><\/div><\/div><\/div><\/section>\n","protected":false},"excerpt":{"rendered":"Skoliose-Operation Seiten\u00dcberblick \u00fcber das VerfahrenVerfahrenKorrektur der Wirbels\u00e4ule durch chirurgischen Eingriff, Stoppen des Fortschreitens Operation Dauer4 - 6 Stunden Krankenhausaufenthalt3 - 7 Tage An\u00e4sthesieAllgemeine An\u00e4sthesie Kostenlose Beratung erhaltenBitte aktiviere JavaScript in deinem Browser, um dieses Formular fertigzustellen.Bitte aktiviere JavaScript in deinem Browser, um dieses Formular fertigzustellen.Name *Telefon * der Seite Seite Erhalten Sie eine kostenlose Beratung...","protected":false},"author":1,"featured_media":152373,"parent":152501,"menu_order":0,"comment_status":"closed","ping_status":"closed","template":"","meta":{"rank_math_lock_modified_date":false,"_mi_skip_tracking":false,"_monsterinsights_sitenote_active":false,"_monsterinsights_sitenote_note":"","_monsterinsights_sitenote_category":0,"_uf_show_specific_survey":0,"_uf_disable_surveys":false,"footnotes":""},"procedure":[569],"class_list":["post-152380","page","type-page","status-publish","has-post-thumbnail","hentry","procedure-orthopedics"],"_links":{"self":[{"href":"https:\/\/clinicmono.com\/de\/wp-json\/wp\/v2\/pages\/152380"}],"collection":[{"href":"https:\/\/clinicmono.com\/de\/wp-json\/wp\/v2\/pages"}],"about":[{"href":"https:\/\/clinicmono.com\/de\/wp-json\/wp\/v2\/types\/page"}],"author":[{"embeddable":true,"href":"https:\/\/clinicmono.com\/de\/wp-json\/wp\/v2\/users\/1"}],"replies":[{"embeddable":true,"href":"https:\/\/clinicmono.com\/de\/wp-json\/wp\/v2\/comments?post=152380"}],"version-history":[{"count":2,"href":"https:\/\/clinicmono.com\/de\/wp-json\/wp\/v2\/pages\/152380\/revisions"}],"predecessor-version":[{"id":152382,"href":"https:\/\/clinicmono.com\/de\/wp-json\/wp\/v2\/pages\/152380\/revisions\/152382"}],"up":[{"embeddable":true,"href":"https:\/\/clinicmono.com\/de\/wp-json\/wp\/v2\/pages\/152501"}],"wp:featuredmedia":[{"embeddable":true,"href":"https:\/\/clinicmono.com\/de\/wp-json\/wp\/v2\/media\/152373"}],"wp:attachment":[{"href":"https:\/\/clinicmono.com\/de\/wp-json\/wp\/v2\/media?parent=152380"}],"wp:term":[{"taxonomy":"procedure","embeddable":true,"href":"https:\/\/clinicmono.com\/de\/wp-json\/wp\/v2\/procedure?post=152380"}],"curies":[{"name":"wp","href":"https:\/\/api.w.org\/{rel}","templated":true}]}}