{"id":152266,"date":"2025-05-06T14:06:35","date_gmt":"2025-05-06T14:06:35","guid":{"rendered":"https:\/\/clinicmono.com\/operation-des-vorderen-kreuzbandrisses\/"},"modified":"2025-05-07T13:20:09","modified_gmt":"2025-05-07T13:20:09","slug":"operation-des-vorderen-kreuzbandrisses","status":"publish","type":"page","link":"https:\/\/clinicmono.com\/de\/orthopaedie\/operation-des-vorderen-kreuzbandrisses\/","title":{"rendered":"Operation des vorderen Kreuzbandrisses"},"content":{"rendered":"<section class=\"l-section wpb_row height_custom with_img\"><div class=\"l-section-img\" role=\"img\" data-img-width=\"1280\" data-img-height=\"720\" style=\"background-image: url(https:\/\/clinicmono.com\/wp-content\/uploads\/2025\/05\/Anterior_Cruciate_Ligament_Tear_Surgery.jpg);background-repeat: no-repeat;\"><\/div><div class=\"l-section-overlay\" style=\"background:rgba(0,0,0,0.47)\"><\/div><div class=\"l-section-h i-cf\"><div class=\"g-cols vc_row via_flex valign_top type_default stacking_default\"><div class=\"vc_col-sm-12 wpb_column vc_column_container\"><div class=\"vc_column-inner\"><div class=\"wpb_wrapper\"><div class=\"wpb_text_column us_custom_8b3d6790 has_text_color\"><div class=\"wpb_wrapper\"><h1 style=\"text-align: center;\">Operation des vorderen Kreuzbandrisses<\/h1>\n<\/div><\/div><div class=\"w-separator size_small\"><\/div><nav class=\"g-breadcrumbs us_custom_8b3d6790 has_text_color separator_icon align_center hide_current\" itemscope itemtype=\"http:\/\/schema.org\/BreadcrumbList\"><div class=\"g-breadcrumbs-item\">Seiten<\/div><\/nav><div class=\"w-separator size_small\"><\/div><\/div><\/div><\/div><\/div><\/div><\/section><section class=\"l-section wpb_row height_small\"><div class=\"l-section-h i-cf\"><div class=\"g-cols vc_row via_flex valign_top type_default stacking_default\"><div class=\"vc_col-sm-8 wpb_column vc_column_container\"><div class=\"vc_column-inner\"><div class=\"wpb_wrapper\"><div class=\"g-cols wpb_row us_custom_edec6ef0 via_flex valign_top type_default stacking_default\"><div class=\"vc_col-sm-12 wpb_column vc_column_container\"><div class=\"vc_column-inner\"><div class=\"wpb_wrapper\"><h3 class=\"w-text\"><span class=\"w-text-h\"><span class=\"w-text-value\">\u00dcberblick \u00fcber das Verfahren<\/span><\/span><\/h3><div class=\"w-separator size_small\"><\/div><div class=\"w-iconbox iconpos_left style_default color_primary align_left\"><div class=\"w-iconbox-icon\" style=\"font-size:1.4rem;\"><i class=\"fas fa-procedures\"><\/i><\/div><div class=\"w-iconbox-meta\"><h4 class=\"w-iconbox-title\">Verfahren<\/h4><div class=\"w-iconbox-text\"><p>Reparatur eines gerissenen Kreuzbandes<\/p>\n<\/div><\/div><\/div><div class=\"w-separator size_small\"><\/div><div class=\"w-iconbox iconpos_left style_default color_primary align_left\"><div class=\"w-iconbox-icon\" style=\"font-size:1rem;\"><i class=\"fas fa-clock\"><\/i><\/div><div class=\"w-iconbox-meta\"><h4 class=\"w-iconbox-title\">Operation Dauer<\/h4><div class=\"w-iconbox-text\"><p>1 &#8211; 2 Stunden<\/p>\n<\/div><\/div><\/div><div class=\"w-separator size_small\"><\/div><div class=\"w-iconbox iconpos_left style_default color_primary align_left\"><div class=\"w-iconbox-icon\" style=\"font-size:1rem;\"><i class=\"fas fa-hospital\"><\/i><\/div><div class=\"w-iconbox-meta\"><h4 class=\"w-iconbox-title\">Krankenhausaufenthalt<\/h4><div class=\"w-iconbox-text\"><p>1 Tag<strong><br \/>\n<\/strong><\/p>\n<\/div><\/div><\/div><div class=\"w-separator size_small\"><\/div><div class=\"w-iconbox iconpos_left style_default color_primary align_left\"><div class=\"w-iconbox-icon\" style=\"font-size:1rem;\"><i class=\"fas fa-syringe\"><\/i><\/div><div class=\"w-iconbox-meta\"><h4 class=\"w-iconbox-title\">An\u00e4sthesie<\/h4><div class=\"w-iconbox-text\"><p>Vollnarkose oder Spinalan\u00e4sthesie<\/p>\n<\/div><\/div><\/div><\/div><\/div><\/div><\/div><\/div><\/div><\/div><div class=\"vc_col-sm-4 wpb_column vc_column_container\"><div class=\"vc_column-inner\"><div class=\"wpb_wrapper\"><div class=\"g-cols wpb_row us_custom_c5a47681 via_flex valign_top type_default stacking_default\"><div class=\"vc_col-sm-12 wpb_column vc_column_container\"><div class=\"vc_column-inner\"><div class=\"wpb_wrapper\"><h3 class=\"w-text\"><span class=\"w-text-h\"><span class=\"w-text-value\">Kostenlose Beratung erhalten<\/span><\/span><\/h3><div class=\"w-separator size_small\"><\/div><div class=\"wpforms-container wpforms-render-modern\" id=\"wpforms-22672\"><form id=\"wpforms-form-22672\" class=\"wpforms-validate wpforms-form wpforms-ajax-form\" data-formid=\"22672\" method=\"post\" enctype=\"multipart\/form-data\" action=\"\/de\/wp-json\/wp\/v2\/pages\/152266\" data-token=\"b0458889dddffc2c7d425fa2141ee4eb\" data-token-time=\"1775406075\"><noscript class=\"wpforms-error-noscript\">Bitte aktiviere JavaScript in deinem Browser, um dieses Formular fertigzustellen.<\/noscript><div id=\"wpforms-error-noscript\" style=\"display: none;\">Bitte aktiviere JavaScript in deinem Browser, um dieses Formular fertigzustellen.<\/div><div class=\"wpforms-field-container\"><div id=\"wpforms-22672-field_0-container\" class=\"wpforms-field wpforms-field-name\" data-field-id=\"0\"><label class=\"wpforms-field-label wpforms-label-hide\" for=\"wpforms-22672-field_0\" aria-hidden=\"false\">Name <span class=\"wpforms-required-label\" aria-hidden=\"true\">*<\/span><\/label><input type=\"text\" id=\"wpforms-22672-field_0\" class=\"wpforms-field-large wpforms-field-required\" name=\"wpforms[fields][0]\" placeholder=\"Name und Nachname\" aria-errormessage=\"wpforms-22672-field_0-error\" required><\/div><div id=\"wpforms-22672-field_5-container\" class=\"wpforms-field wpforms-field-phone\" data-field-id=\"5\"><label class=\"wpforms-field-label wpforms-label-hide\" for=\"wpforms-22672-field_5\" aria-hidden=\"false\">Telefon <span class=\"wpforms-required-label\" aria-hidden=\"true\">*<\/span><\/label><input type=\"tel\" id=\"wpforms-22672-field_5\" class=\"wpforms-field-large wpforms-field-required wpforms-smart-phone-field\" data-rule-smart-phone-field=\"true\" name=\"wpforms[fields][5]\" aria-label=\"Telefon\" aria-errormessage=\"wpforms-22672-field_5-error\" required><\/div><div id=\"wpforms-22672-field_12-container\" class=\"wpforms-field wpforms-field-hidden\" data-field-id=\"12\"><input type=\"hidden\" id=\"wpforms-22672-field_12\" name=\"wpforms[fields][12]\"><\/div>\t\t<div id=\"wpforms-22672-field_1-container\"\n\t\t\tclass=\"wpforms-field wpforms-field-text\"\n\t\t\tdata-field-type=\"text\"\n\t\t\tdata-field-id=\"1\"\n\t\t\t>\n\t\t\t<label class=\"wpforms-field-label\" for=\"wpforms-22672-field_1\" >Seite Telefon der<\/label>\n\t\t\t<input type=\"text\" id=\"wpforms-22672-field_1\" class=\"wpforms-field-medium\" name=\"wpforms[fields][1]\" >\n\t\t<\/div>\n\t\t<div id=\"wpforms-22672-field_10-container\" class=\"wpforms-field wpforms-field-hidden\" data-field-id=\"10\"><input type=\"hidden\" id=\"wpforms-22672-field_10\" name=\"wpforms[fields][10]\" value=\"https:\/\/clinicmono.com\/de\/wp-json\/wp\/v2\/pages\/152266 \"><\/div><div id=\"wpforms-22672-field_15-container\" class=\"wpforms-field wpforms-field-hidden\" data-field-id=\"15\"><input type=\"hidden\" id=\"wpforms-22672-field_15\" name=\"wpforms[fields][15]\" value=\" 216.73.216.191 {entry_geolocation} \"><\/div><script>\n\t\t\t\t( function() {\n\t\t\t\t\tconst style = document.createElement( 'style' );\n\t\t\t\t\tstyle.appendChild( document.createTextNode( '#wpforms-22672-field_1-container { position: absolute !important; overflow: hidden !important; display: inline !important; height: 1px !important; width: 1px !important; z-index: -1000 !important; padding: 0 !important; } #wpforms-22672-field_1-container input { visibility: hidden; } #wpforms-conversational-form-page #wpforms-22672-field_1-container label { counter-increment: none; }' ) );\n\t\t\t\t\tdocument.head.appendChild( style );\n\t\t\t\t\tdocument.currentScript?.remove();\n\t\t\t\t} )();\n\t\t\t<\/script><\/div><!-- .wpforms-field-container --><div class=\"wpforms-recaptcha-container wpforms-is-recaptcha wpforms-is-recaptcha-type-v3\" ><input type=\"hidden\" name=\"wpforms[recaptcha]\" value=\"\"><\/div><div class=\"wpforms-submit-container\" ><input type=\"hidden\" name=\"wpforms[id]\" value=\"22672\"><input type=\"hidden\" name=\"page_title\" value=\"\"><input type=\"hidden\" name=\"page_url\" value=\"https:\/\/clinicmono.com\/de\/wp-json\/wp\/v2\/pages\/152266\"><input type=\"hidden\" name=\"url_referer\" value=\"\"><button type=\"submit\" name=\"wpforms[submit]\" id=\"wpforms-submit-22672\" class=\"wpforms-submit\" data-alt-text=\"Ich schicke...\" data-submit-text=\"Erhalten Sie eine kostenlose Beratung\" aria-live=\"assertive\" value=\"wpforms-submit\">Erhalten Sie eine kostenlose Beratung<\/button><img loading=\"lazy\" decoding=\"async\" src=\"https:\/\/clinicmono.com\/wp-content\/plugins\/wpforms\/assets\/images\/submit-spin.svg\" class=\"wpforms-submit-spinner\" style=\"display: none;\" width=\"26\" height=\"26\" alt=\"Wird geladen\"><\/div><\/form><\/div>  <!-- .wpforms-container --><\/div><\/div><\/div><\/div><\/div><\/div><\/div><\/div><\/div><\/section><section class=\"l-section wpb_row us_custom_72622016 height_custom\"><div class=\"l-section-h i-cf\"><div class=\"g-cols vc_row via_flex valign_top type_default stacking_default\"><div class=\"vc_col-sm-12 wpb_column vc_column_container\"><div class=\"vc_column-inner\"><div class=\"wpb_wrapper\"><div class=\"w-separator size_small\"><\/div><div class=\"g-cols wpb_row via_flex valign_top type_default stacking_default\" id=\"procedures\"><div class=\"vc_col-sm-12 wpb_column vc_column_container\"><div class=\"vc_column-inner\"><div class=\"wpb_wrapper\"><div class=\"wpb_text_column\"><div class=\"wpb_wrapper\"><p>Obwohl der Riss des vorderen Kreuzbandes als Sportverletzung bekannt ist, kann er auch bei Nicht-Sportlern vorkommen. Bei der Operation des vorderen Kreuzbandrisses handelt es sich um einen chirurgischen Eingriff, der im Falle eines Risses des vorderen Kreuzbandes (ACL &#8211; Anterior Cruciate Ligament), das f\u00fcr die Stabilit\u00e4t des Knies sorgt, durchgef\u00fchrt wird. Je nach Schwere des Kreuzbandrisses kommen operative und nicht-operative Optionen in Frage. Dieses Band befindet sich zwischen dem Oberschenkelknochen (Femur) und dem Schienbein (Tibia) und stabilisiert das Knie von vorne nach hinten. Risse und Verletzungen des vorderen Kreuzbandes k\u00f6nnen durch eine pl\u00f6tzliche Verschiebung nach vorne und eine Drehung des Knies, einen pl\u00f6tzlichen Sturz beim Springen, einen Schlag auf das Knie und in der Regel durch Sportverletzungen verursacht werden. Ziel der Operation ist es, das gerissene Band zu rekonstruieren, damit es seine Funktion wieder erf\u00fcllen kann.<\/p>\n<\/div><\/div><\/div><\/div><\/div><\/div><div class=\"w-separator size_small\"><\/div><div class=\"g-cols wpb_row via_flex valign_top type_default stacking_default\" id=\"quicklook\"><div class=\"vc_col-sm-12 wpb_column vc_column_container\"><div class=\"vc_column-inner\"><div class=\"wpb_wrapper\"><div class=\"wpb_text_column\"><div class=\"wpb_wrapper\"><h3><strong>Was sind die Symptome eines Kreuzbandrisses?<\/strong><\/h3>\n<p>Die h\u00e4ufigsten Symptome eines Risses des vorderen Kreuzbandes sind<\/p>\n<ul>\n<li>Pl\u00f6tzliches Gef\u00fchl des Aussto\u00dfens im Knie<\/li>\n<li>Starke Schmerzen und Schwellungen<\/li>\n<li>Eingeschr\u00e4nkte Beweglichkeit<\/li>\n<li>Blockier- oder Stechgef\u00fchl im Knie<\/li>\n<li>Schwierigkeiten bei der Aufrechterhaltung sportlicher Aktivit\u00e4ten<\/li>\n<\/ul>\n<p>Solche Symptome k\u00f6nnen zu schwerwiegenden Leistungseinbu\u00dfen f\u00fchren, insbesondere bei Menschen, die ein aktives Leben f\u00fchren. Daher sind eine fr\u00fchzeitige Diagnose und eine angemessene Behandlung von gro\u00dfer Bedeutung.<\/p>\n<\/div><\/div><\/div><\/div><\/div><\/div><div class=\"w-separator size_small\"><\/div><div class=\"g-cols wpb_row via_flex valign_top type_default stacking_default\" id=\"clinic\"><div class=\"vc_col-sm-6 wpb_column vc_column_container\"><div class=\"vc_column-inner\"><div class=\"wpb_wrapper\"><div class=\"wpb_text_column\"><div class=\"wpb_wrapper\"><h3><strong>Wann ist eine Operation des vorderen Kreuzbandrisses notwendig?<\/strong><\/h3>\n<p>Nicht jeder vordere Kreuzbandriss erfordert eine Operation. Leichte Risse k\u00f6nnen mit Physiotherapie und Muskelkr\u00e4ftigungs\u00fcbungen behandelt werden. In den folgenden F\u00e4llen ist jedoch ein chirurgischer Eingriff unumg\u00e4nglich:  <\/p>\n<ul>\n<li>Vollst\u00e4ndige Ruptur des Bandes<\/li>\n<li>Anhaltendes Gef\u00fchl der Instabilit\u00e4t im Knie<\/li>\n<li>Patienten, die weiterhin Sport treiben wollen<\/li>\n<li>Sch\u00e4den an anderen Kniestrukturen (Meniskus, Seitenb\u00e4nder)<\/li>\n<li>Junge und aktive Personen<\/li>\n<\/ul>\n<\/div><\/div><\/div><\/div><\/div><div class=\"vc_col-sm-6 wpb_column vc_column_container\"><div class=\"vc_column-inner\"><div class=\"wpb_wrapper\"><div class=\"wpb_text_column\"><div class=\"wpb_wrapper\"><h3><strong>Wie wird die Operation eines vorderen Kreuzbandrisses durchgef\u00fchrt?<\/strong><\/h3>\n<p>Die Operation des vorderen Kreuzbandrisses wird in der Regel arthroskopisch durchgef\u00fchrt. Bei der geschlossenen Operation wird eine Arthroskopiekamera durch kleine Schnitte am Knie eingef\u00fchrt und es werden chirurgische Instrumente verwendet. Der Chirurg stellt ein neues Band aus Sehnengewebe her, das in der Regel vom eigenen Knie des Patienten oder von einem Spender stammt. Dieses neue Band wird durch Knochentunnel in das Knie eingesetzt und mit Schrauben oder speziellen Fixierungsvorrichtungen befestigt.   <\/p>\n<p>Die Operation dauert im Durchschnitt 1-2 Stunden, und der Patient kann in der Regel noch am selben Tag entlassen werden.<\/p>\n<\/div><\/div><\/div><\/div><\/div><\/div><div class=\"w-separator size_small\"><\/div><div class=\"g-cols wpb_row via_flex valign_top type_default stacking_default\"><div class=\"vc_col-sm-12 wpb_column vc_column_container\"><div class=\"vc_column-inner\"><div class=\"wpb_wrapper\"><div class=\"wpb_text_column\"><div class=\"wpb_wrapper\"><h4><strong>Postoperativer Genesungsprozess<\/strong><\/h4>\n<p>Physikalische Therapie nach einer Kreuzbandoperation ist sehr wichtig. In den ersten Wochen geht die Schwellung des Knies zur\u00fcck und die Beweglichkeit wird allm\u00e4hlich wiederhergestellt. In den n\u00e4chsten Phasen wird mit \u00dcbungen zur Muskelst\u00e4rkung begonnen. Es kann 6 bis 9 Monate dauern, bis die Sportler auf das Spielfeld zur\u00fcckkehren k\u00f6nnen. Die Befolgung der Empfehlungen des Arztes und des Physiotherapeuten ist f\u00fcr eine erfolgreiche Genesung von gro\u00dfer Bedeutung.<\/p>\n<\/div><\/div><\/div><\/div><\/div><\/div><div class=\"vc_col-sm-12 wpb_column vc_column_container\"><div class=\"vc_column-inner\"><div class=\"wpb_wrapper\"><\/div><\/div><\/div><\/div><\/div><\/div><\/div><\/div><\/section>\n","protected":false},"excerpt":{"rendered":"Operation des vorderen Kreuzbandrisses Seiten\u00dcberblick \u00fcber das VerfahrenVerfahrenReparatur eines gerissenen Kreuzbandes Operation Dauer1 - 2 Stunden Krankenhausaufenthalt1 Tag An\u00e4sthesieVollnarkose oder Spinalan\u00e4sthesie Kostenlose Beratung erhaltenBitte aktiviere JavaScript in deinem Browser, um dieses Formular fertigzustellen.Bitte aktiviere JavaScript in deinem Browser, um dieses Formular fertigzustellen.Name * Name Einzelheiten der Telefon *Erhalten Sie eine kostenlose Beratung Obwohl der Riss...","protected":false},"author":1,"featured_media":152279,"parent":152501,"menu_order":0,"comment_status":"closed","ping_status":"closed","template":"","meta":{"rank_math_lock_modified_date":false,"_mi_skip_tracking":false,"_monsterinsights_sitenote_active":false,"_monsterinsights_sitenote_note":"","_monsterinsights_sitenote_category":0,"_uf_show_specific_survey":0,"_uf_disable_surveys":false,"footnotes":""},"procedure":[569],"class_list":["post-152266","page","type-page","status-publish","has-post-thumbnail","hentry","procedure-orthopedics"],"_links":{"self":[{"href":"https:\/\/clinicmono.com\/de\/wp-json\/wp\/v2\/pages\/152266"}],"collection":[{"href":"https:\/\/clinicmono.com\/de\/wp-json\/wp\/v2\/pages"}],"about":[{"href":"https:\/\/clinicmono.com\/de\/wp-json\/wp\/v2\/types\/page"}],"author":[{"embeddable":true,"href":"https:\/\/clinicmono.com\/de\/wp-json\/wp\/v2\/users\/1"}],"replies":[{"embeddable":true,"href":"https:\/\/clinicmono.com\/de\/wp-json\/wp\/v2\/comments?post=152266"}],"version-history":[{"count":9,"href":"https:\/\/clinicmono.com\/de\/wp-json\/wp\/v2\/pages\/152266\/revisions"}],"predecessor-version":[{"id":152301,"href":"https:\/\/clinicmono.com\/de\/wp-json\/wp\/v2\/pages\/152266\/revisions\/152301"}],"up":[{"embeddable":true,"href":"https:\/\/clinicmono.com\/de\/wp-json\/wp\/v2\/pages\/152501"}],"wp:featuredmedia":[{"embeddable":true,"href":"https:\/\/clinicmono.com\/de\/wp-json\/wp\/v2\/media\/152279"}],"wp:attachment":[{"href":"https:\/\/clinicmono.com\/de\/wp-json\/wp\/v2\/media?parent=152266"}],"wp:term":[{"taxonomy":"procedure","embeddable":true,"href":"https:\/\/clinicmono.com\/de\/wp-json\/wp\/v2\/procedure?post=152266"}],"curies":[{"name":"wp","href":"https:\/\/api.w.org\/{rel}","templated":true}]}}