{"id":152203,"date":"2025-04-30T13:13:57","date_gmt":"2025-04-30T13:13:57","guid":{"rendered":"https:\/\/clinicmono.com\/schulterprothese\/"},"modified":"2025-05-07T13:20:09","modified_gmt":"2025-05-07T13:20:09","slug":"schulterprothese","status":"publish","type":"page","link":"https:\/\/clinicmono.com\/de\/orthopaedie\/schulterprothese\/","title":{"rendered":"Schulterprothese"},"content":{"rendered":"<section class=\"l-section wpb_row height_custom with_img\"><div class=\"l-section-img\" role=\"img\" aria-label=\"Bild\" data-img-width=\"1132\" data-img-height=\"500\" style=\"background-image: url(https:\/\/clinicmono.com\/wp-content\/uploads\/2025\/04\/shoulder_replacement_surgery.jpg);background-repeat: no-repeat;\"><\/div><div class=\"l-section-overlay\" style=\"background:rgba(0,0,0,0.47)\"><\/div><div class=\"l-section-h i-cf\"><div class=\"g-cols vc_row via_flex valign_top type_default stacking_default\"><div class=\"vc_col-sm-12 wpb_column vc_column_container\"><div class=\"vc_column-inner\"><div class=\"wpb_wrapper\"><div class=\"wpb_text_column us_custom_8b3d6790 has_text_color\"><div class=\"wpb_wrapper\"><h1 style=\"text-align: center;\">Schulterprothese<\/h1>\n<\/div><\/div><div class=\"w-separator size_small\"><\/div><nav class=\"g-breadcrumbs us_custom_8b3d6790 has_text_color separator_icon align_center hide_current\" itemscope itemtype=\"http:\/\/schema.org\/BreadcrumbList\"><div class=\"g-breadcrumbs-item\">Seiten<\/div><\/nav><div class=\"w-separator size_small\"><\/div><\/div><\/div><\/div><\/div><\/div><\/section><section class=\"l-section wpb_row height_small\"><div class=\"l-section-h i-cf\"><div class=\"g-cols vc_row via_flex valign_top type_default stacking_default\"><div class=\"vc_col-sm-8 wpb_column vc_column_container\"><div class=\"vc_column-inner\"><div class=\"wpb_wrapper\"><div class=\"g-cols wpb_row us_custom_edec6ef0 via_flex valign_top type_default stacking_default\"><div class=\"vc_col-sm-12 wpb_column vc_column_container\"><div class=\"vc_column-inner\"><div class=\"wpb_wrapper\"><h3 class=\"w-text\"><span class=\"w-text-h\"><span class=\"w-text-value\">\u00dcberblick \u00fcber das Verfahren<\/span><\/span><\/h3><div class=\"w-separator size_small\"><\/div><div class=\"w-iconbox iconpos_left style_default color_primary align_left\"><div class=\"w-iconbox-icon\" style=\"font-size:1.4rem;\"><i class=\"fas fa-procedures\"><\/i><\/div><div class=\"w-iconbox-meta\"><h4 class=\"w-iconbox-title\">Verfahren<\/h4><div class=\"w-iconbox-text\"><p>Replacement of a damaged shoulder joint with a shoulder prosthesis.<\/p>\n<\/div><\/div><\/div><div class=\"w-separator size_small\"><\/div><div class=\"w-iconbox iconpos_left style_default color_primary align_left\"><div class=\"w-iconbox-icon\" style=\"font-size:1rem;\"><i class=\"fas fa-clock\"><\/i><\/div><div class=\"w-iconbox-meta\"><h4 class=\"w-iconbox-title\">Operation Dauer<\/h4><div class=\"w-iconbox-text\"><p>1,5 &#8211; 2 Stunden<\/p>\n<\/div><\/div><\/div><div class=\"w-separator size_small\"><\/div><div class=\"w-iconbox iconpos_left style_default color_primary align_left\"><div class=\"w-iconbox-icon\" style=\"font-size:1rem;\"><i class=\"fas fa-hospital\"><\/i><\/div><div class=\"w-iconbox-meta\"><h4 class=\"w-iconbox-title\">Krankenhausaufenthalt<\/h4><div class=\"w-iconbox-text\"><p>2-4 Tage<strong><br \/>\n<\/strong><\/p>\n<\/div><\/div><\/div><div class=\"w-separator size_small\"><\/div><div class=\"w-iconbox iconpos_left style_default color_primary align_left\"><div class=\"w-iconbox-icon\" style=\"font-size:1rem;\"><i class=\"fas fa-syringe\"><\/i><\/div><div class=\"w-iconbox-meta\"><h4 class=\"w-iconbox-title\">An\u00e4sthesie<\/h4><div class=\"w-iconbox-text\"><p>Allgemeine An\u00e4sthesie<\/p>\n<div id=\"gtx-trans\" style=\"position: absolute; left: 127px; top: -15.8px;\">\n<div class=\"gtx-trans-icon\"><\/div>\n<\/div>\n<\/div><\/div><\/div><\/div><\/div><\/div><\/div><\/div><\/div><\/div><div class=\"vc_col-sm-4 wpb_column vc_column_container\"><div class=\"vc_column-inner\"><div class=\"wpb_wrapper\"><div class=\"g-cols wpb_row us_custom_c5a47681 via_flex valign_top type_default stacking_default\"><div class=\"vc_col-sm-12 wpb_column vc_column_container\"><div class=\"vc_column-inner\"><div class=\"wpb_wrapper\"><h3 class=\"w-text\"><span class=\"w-text-h\"><span class=\"w-text-value\">Kostenlose Beratung erhalten<\/span><\/span><\/h3><div class=\"w-separator size_small\"><\/div><div class=\"wpforms-container wpforms-render-modern\" id=\"wpforms-22672\"><form id=\"wpforms-form-22672\" class=\"wpforms-validate wpforms-form wpforms-ajax-form\" data-formid=\"22672\" method=\"post\" enctype=\"multipart\/form-data\" action=\"\/de\/wp-json\/wp\/v2\/pages\/152203\" data-token=\"c00d6b63d87b9e2c26ae57906136bb21\" data-token-time=\"1776889394\"><noscript class=\"wpforms-error-noscript\">Bitte aktiviere JavaScript in deinem Browser, um dieses Formular fertigzustellen.<\/noscript><div id=\"wpforms-error-noscript\" style=\"display: none;\">Bitte aktiviere JavaScript in deinem Browser, um dieses Formular fertigzustellen.<\/div><div class=\"wpforms-field-container\"><div id=\"wpforms-22672-field_0-container\" class=\"wpforms-field wpforms-field-name\" data-field-id=\"0\"><label class=\"wpforms-field-label wpforms-label-hide\" for=\"wpforms-22672-field_0\" aria-hidden=\"false\">Name <span class=\"wpforms-required-label\" aria-hidden=\"true\">*<\/span><\/label><input type=\"text\" id=\"wpforms-22672-field_0\" class=\"wpforms-field-large wpforms-field-required\" name=\"wpforms[fields][0]\" placeholder=\"Name und Nachname\" aria-errormessage=\"wpforms-22672-field_0-error\" required><\/div><div id=\"wpforms-22672-field_5-container\" class=\"wpforms-field wpforms-field-phone\" data-field-id=\"5\"><label class=\"wpforms-field-label wpforms-label-hide\" for=\"wpforms-22672-field_5\" aria-hidden=\"false\">Telefon <span class=\"wpforms-required-label\" aria-hidden=\"true\">*<\/span><\/label><input type=\"tel\" id=\"wpforms-22672-field_5\" class=\"wpforms-field-large wpforms-field-required wpforms-smart-phone-field\" data-rule-smart-phone-field=\"true\" name=\"wpforms[fields][5]\" aria-label=\"Telefon\" aria-errormessage=\"wpforms-22672-field_5-error\" required><\/div><div id=\"wpforms-22672-field_12-container\" class=\"wpforms-field wpforms-field-hidden\" data-field-id=\"12\"><input type=\"hidden\" id=\"wpforms-22672-field_12\" name=\"wpforms[fields][12]\"><\/div><div id=\"wpforms-22672-field_10-container\" class=\"wpforms-field wpforms-field-hidden\" data-field-id=\"10\"><input type=\"hidden\" id=\"wpforms-22672-field_10\" name=\"wpforms[fields][10]\" value=\"https:\/\/clinicmono.com\/de\/wp-json\/wp\/v2\/pages\/152203 \"><\/div><div id=\"wpforms-22672-field_15-container\" class=\"wpforms-field wpforms-field-hidden\" data-field-id=\"15\"><input type=\"hidden\" id=\"wpforms-22672-field_15\" name=\"wpforms[fields][15]\" value=\" 216.73.217.63 Columbus, Ohio, US\r\n39.9587, -82.9987 \"><\/div><\/div><!-- .wpforms-field-container --><div class=\"wpforms-recaptcha-container wpforms-is-recaptcha wpforms-is-recaptcha-type-v3\" ><input type=\"hidden\" name=\"wpforms[recaptcha]\" value=\"\"><\/div><div class=\"wpforms-submit-container\" ><input type=\"hidden\" name=\"wpforms[id]\" value=\"22672\"><input type=\"hidden\" name=\"page_title\" value=\"\"><input type=\"hidden\" name=\"page_url\" value=\"https:\/\/clinicmono.com\/de\/wp-json\/wp\/v2\/pages\/152203\"><input type=\"hidden\" name=\"url_referer\" value=\"\"><button type=\"submit\" name=\"wpforms[submit]\" id=\"wpforms-submit-22672\" class=\"wpforms-submit\" data-alt-text=\"Ich schicke...\" data-submit-text=\"Erhalten Sie eine kostenlose Beratung\" aria-live=\"assertive\" value=\"wpforms-submit\">Erhalten Sie eine kostenlose Beratung<\/button><img decoding=\"async\" src=\"https:\/\/clinicmono.com\/wp-content\/plugins\/wpforms\/assets\/images\/submit-spin.svg\" class=\"wpforms-submit-spinner\" style=\"display: none;\" width=\"26\" height=\"26\" alt=\"Wird geladen\"><\/div><\/form><\/div>  <!-- .wpforms-container --><\/div><\/div><\/div><\/div><\/div><\/div><\/div><\/div><\/div><\/section><section class=\"l-section wpb_row us_custom_72622016 height_custom\"><div class=\"l-section-h i-cf\"><div class=\"g-cols vc_row via_flex valign_top type_default stacking_default\"><div class=\"vc_col-sm-12 wpb_column vc_column_container\"><div class=\"vc_column-inner\"><div class=\"wpb_wrapper\"><div class=\"w-separator size_small\"><\/div><div class=\"g-cols wpb_row via_flex valign_top type_default stacking_default\" id=\"procedures\"><div class=\"vc_col-sm-12 wpb_column vc_column_container\"><div class=\"vc_column-inner\"><div class=\"wpb_wrapper\"><div class=\"wpb_text_column\"><div class=\"wpb_wrapper\"><p>Die Schulterprothese wird in der Medizin als Schulterarthroplastik bezeichnet. Die Schulterprothese, die aus Metall- und Polyethylen-Teilen besteht, wird verwendet, um das Schultergelenk zu ersetzen, das sich aus verschiedenen Gr\u00fcnden verschlechtert hat oder durch die Einschr\u00e4nkung seiner Funktionen schmerzhaft geworden ist. Das Schulterprothesensystem, das f\u00fcr das Problem der gebrochenen oder besch\u00e4digten Schulter entwickelt wurde, erm\u00f6glicht eine flexiblere Bewegung des Schultersystems.<\/p>\n<\/div><\/div><\/div><\/div><\/div><\/div><div class=\"w-separator size_small\"><\/div><div class=\"g-cols wpb_row via_flex valign_top type_default stacking_default\" id=\"quicklook\"><div class=\"vc_col-sm-12 wpb_column vc_column_container\"><div class=\"vc_column-inner\"><div class=\"wpb_wrapper\"><div class=\"wpb_text_column\"><div class=\"wpb_wrapper\"><h3><strong>Schulterprothesenoperation<\/strong><\/h3>\n<p>Die Schulterprothesenoperation ist eine chirurgische Methode, die bei schweren Sch\u00e4den am Schultergelenk eingesetzt wird. Sie wird in der Regel durchgef\u00fchrt, um Schmerzen zu lindern und die Beweglichkeit zu verbessern, z. B. bei Arthritis (Arthrose), Schulterverrenkungen, Br\u00fcchen oder Rissen der Rotatorenmanschette. Das Schultergelenk ist eines der beweglichsten Gelenke des K\u00f6rpers und kann durch altersbedingte Degeneration, Traumata oder rheumatische Erkrankungen seine Funktion verlieren. In diesem Fall kommt die Schulterersatzoperation ins Spiel. <\/p>\n<\/div><\/div><\/div><\/div><\/div><\/div><div class=\"w-separator size_small\"><\/div><div class=\"g-cols wpb_row via_flex valign_top type_default stacking_default\" id=\"clinic\"><div class=\"vc_col-sm-6 wpb_column vc_column_container\"><div class=\"vc_column-inner\"><div class=\"wpb_wrapper\"><div class=\"wpb_text_column\"><div class=\"wpb_wrapper\"><h3><strong>Wer kann sich einer Schulterprothesenoperation unterziehen?<\/strong><\/h3>\n<p>Eine Schulterprothesenoperation wird im Allgemeinen in den folgenden F\u00e4llen bevorzugt:<\/p>\n<ul>\n<li>Fortgeschrittene Schulterarthrose (Verkalkung)<\/li>\n<li>Schulterkopffrakturen<\/li>\n<li>Arthropathie, die sich nach einem Riss der Rotatorenmanschette entwickelt<\/li>\n<li>Rheumatoide Arthritis und andere entz\u00fcndliche rheumatische Erkrankungen<\/li>\n<li>Anhaltende Schmerzen und Bewegungseinschr\u00e4nkungen im Schultergelenk<\/li>\n<li>Die Schulterprothese wird als chirurgische L\u00f6sung empfohlen, wenn konservative Behandlungen (Physiotherapie, Medikamente, Injektionen) nicht zum Erfolg f\u00fchren.<\/li>\n<\/ul>\n<\/div><\/div><\/div><\/div><\/div><div class=\"vc_col-sm-6 wpb_column vc_column_container\"><div class=\"vc_column-inner\"><div class=\"wpb_wrapper\"><div class=\"wpb_text_column\"><div class=\"wpb_wrapper\"><h3><strong>Arten von Schulterprothesen<\/strong><\/h3>\n<p>Schulterprothesen unterscheiden sich je nach dem Zustand des Patienten. Die am h\u00e4ufigsten verwendeten Arten von Schulterprothesen sind die folgenden <\/p>\n<ul>\n<li><strong>Totalprothese der Schulter: <\/strong>Sowohl der Schulterkopf (Humerus) als auch die Gelenkpfanne (Glenoid) werden ersetzt.<\/li>\n<li><strong>Teilweise Schulterprothese:<\/strong> Nur der Oberarmkopf wird ersetzt.<\/li>\n<li><strong>Umgekehrte Schulterprothese:<\/strong> Sie wird bevorzugt bei Patienten mit einem Riss der Rotatorenmanschette eingesetzt. Bei dieser Methode wird die anatomische Struktur der Prothese umgekehrt, so dass die Schultermuskeln effizienter arbeiten k\u00f6nnen. <\/li>\n<\/ul>\n<\/div><\/div><\/div><\/div><\/div><\/div><div class=\"w-separator size_small\"><\/div><div class=\"g-cols wpb_row via_flex valign_top type_default stacking_default\"><div class=\"vc_col-sm-12 wpb_column vc_column_container\"><div class=\"vc_column-inner\"><div class=\"wpb_wrapper\"><div class=\"wpb_text_column\"><div class=\"wpb_wrapper\"><h3><strong>Ablauf der Operation und Genesung<\/strong><\/h3>\n<p>Die Operation wird unter Vollnarkose durchgef\u00fchrt und dauert etwa 1,5 bis 2 Stunden. Der Krankenhausaufenthalt liegt zwischen 2 und 4 Tagen. Die postoperative physikalische Therapie ist sehr wichtig. Dank der physikalischen Therapie wird die Beweglichkeit der Schulter wiederhergestellt und die Langlebigkeit der Prothese gew\u00e4hrleistet.   <\/p>\n<p>Obwohl der Genesungsprozess von Person zu Person unterschiedlich verl\u00e4uft, kann die volle Funktionsf\u00e4higkeit nach 3-6 Monaten wiederhergestellt sein. Entscheidend f\u00fcr eine erfolgreiche Genesung ist, dass die Empfehlungen des Arztes und des Physiotherapeuten w\u00e4hrend dieses Prozesses befolgt werden. <\/p>\n<h4><strong>Vorteile der Schulterprothesen-Operation<\/strong><\/h4>\n<ul>\n<li>Beseitigung chronischer Schmerzen<\/li>\n<li>Mehr Bewegungsfreiheit f\u00fcr die Schulter<\/li>\n<li>Deutliche Verbesserung der Lebensqualit\u00e4t<\/li>\n<li>Bequeme Aus\u00fcbung allt\u00e4glicher Aktivit\u00e4ten<\/li>\n<\/ul>\n<\/div><\/div><\/div><\/div><\/div><\/div><div class=\"vc_col-sm-12 wpb_column vc_column_container\"><div class=\"vc_column-inner\"><div class=\"wpb_wrapper\"><\/div><\/div><\/div><\/div><\/div><\/div><\/div><\/div><\/section>\n","protected":false},"excerpt":{"rendered":"Schulterprothese Seiten\u00dcberblick \u00fcber das VerfahrenVerfahrenReplacement of a damaged shoulder joint with a shoulder prosthesis. Operation Dauer1,5 - 2 Stunden Krankenhausaufenthalt2-4 Tage An\u00e4sthesieAllgemeine An\u00e4sthesie Kostenlose Beratung erhaltenBitte aktiviere JavaScript in deinem Browser, um dieses Formular fertigzustellen.Bitte aktiviere JavaScript in deinem Browser, um dieses Formular fertigzustellen.Name *Telefon * Seite der Name Erhalten Sie eine kostenlose Beratung Die...","protected":false},"author":1,"featured_media":152175,"parent":152501,"menu_order":0,"comment_status":"closed","ping_status":"closed","template":"","meta":{"_mi_skip_tracking":false,"_monsterinsights_sitenote_active":false,"_monsterinsights_sitenote_note":"","_monsterinsights_sitenote_category":0,"_uf_show_specific_survey":0,"_uf_disable_surveys":false,"footnotes":""},"procedure":[318],"class_list":["post-152203","page","type-page","status-publish","has-post-thumbnail","hentry","procedure-breast-surgeries"],"_links":{"self":[{"href":"https:\/\/clinicmono.com\/de\/wp-json\/wp\/v2\/pages\/152203","targetHints":{"allow":["GET"]}}],"collection":[{"href":"https:\/\/clinicmono.com\/de\/wp-json\/wp\/v2\/pages"}],"about":[{"href":"https:\/\/clinicmono.com\/de\/wp-json\/wp\/v2\/types\/page"}],"author":[{"embeddable":true,"href":"https:\/\/clinicmono.com\/de\/wp-json\/wp\/v2\/users\/1"}],"replies":[{"embeddable":true,"href":"https:\/\/clinicmono.com\/de\/wp-json\/wp\/v2\/comments?post=152203"}],"version-history":[{"count":0,"href":"https:\/\/clinicmono.com\/de\/wp-json\/wp\/v2\/pages\/152203\/revisions"}],"up":[{"embeddable":true,"href":"https:\/\/clinicmono.com\/de\/wp-json\/wp\/v2\/pages\/152501"}],"wp:featuredmedia":[{"embeddable":true,"href":"https:\/\/clinicmono.com\/de\/wp-json\/wp\/v2\/media\/152175"}],"wp:attachment":[{"href":"https:\/\/clinicmono.com\/de\/wp-json\/wp\/v2\/media?parent=152203"}],"wp:term":[{"taxonomy":"procedure","embeddable":true,"href":"https:\/\/clinicmono.com\/de\/wp-json\/wp\/v2\/procedure?post=152203"}],"curies":[{"name":"wp","href":"https:\/\/api.w.org\/{rel}","templated":true}]}}