{"id":152160,"date":"2025-04-30T12:27:20","date_gmt":"2025-04-30T12:27:20","guid":{"rendered":"https:\/\/clinicmono.com\/hueftgelenksersatz\/"},"modified":"2025-05-07T13:20:09","modified_gmt":"2025-05-07T13:20:09","slug":"hueftgelenksersatz","status":"publish","type":"page","link":"https:\/\/clinicmono.com\/de\/orthopaedie\/hueftgelenksersatz\/","title":{"rendered":"H\u00fcftgelenksersatz"},"content":{"rendered":"<section class=\"l-section wpb_row height_custom with_img\"><div class=\"l-section-img\" role=\"img\" data-img-width=\"1440\" data-img-height=\"960\" style=\"background-image: url(https:\/\/clinicmono.com\/wp-content\/uploads\/2025\/05\/hip_replacement_surgery.jpg);background-repeat: no-repeat;\"><\/div><div class=\"l-section-overlay\" style=\"background:rgba(0,0,0,0.47)\"><\/div><div class=\"l-section-h i-cf\"><div class=\"g-cols vc_row via_flex valign_top type_default stacking_default\"><div class=\"vc_col-sm-12 wpb_column vc_column_container\"><div class=\"vc_column-inner\"><div class=\"wpb_wrapper\"><div class=\"wpb_text_column us_custom_8b3d6790 has_text_color\"><div class=\"wpb_wrapper\"><h1 style=\"text-align: center;\">H\u00fcftgelenksersatz<\/h1>\n<\/div><\/div><div class=\"w-separator size_small\"><\/div><nav class=\"g-breadcrumbs us_custom_8b3d6790 has_text_color separator_icon align_center hide_current\" itemscope itemtype=\"http:\/\/schema.org\/BreadcrumbList\"><div class=\"g-breadcrumbs-item\">Seiten<\/div><\/nav><div class=\"w-separator size_small\"><\/div><\/div><\/div><\/div><\/div><\/div><\/section><section class=\"l-section wpb_row height_small\"><div class=\"l-section-h i-cf\"><div class=\"g-cols vc_row via_flex valign_top type_default stacking_default\"><div class=\"vc_col-sm-8 wpb_column vc_column_container\"><div class=\"vc_column-inner\"><div class=\"wpb_wrapper\"><div class=\"g-cols wpb_row us_custom_edec6ef0 via_flex valign_top type_default stacking_default\"><div class=\"vc_col-sm-12 wpb_column vc_column_container\"><div class=\"vc_column-inner\"><div class=\"wpb_wrapper\"><h3 class=\"w-text\"><span class=\"w-text-h\"><span class=\"w-text-value\">\u00dcberblick \u00fcber das Verfahren<\/span><\/span><\/h3><div class=\"w-separator size_small\"><\/div><div class=\"w-iconbox iconpos_left style_default color_primary align_left\"><div class=\"w-iconbox-icon\" style=\"font-size:1.4rem;\"><i class=\"fas fa-procedures\"><\/i><\/div><div class=\"w-iconbox-meta\"><h4 class=\"w-iconbox-title\">Verfahren<\/h4><div class=\"w-iconbox-text\"><p>Das besch\u00e4digte H\u00fcftgelenk wird entfernt und durch eine H\u00fcftprothese ersetzt.<\/p>\n<\/div><\/div><\/div><div class=\"w-separator size_small\"><\/div><div class=\"w-iconbox iconpos_left style_default color_primary align_left\"><div class=\"w-iconbox-icon\" style=\"font-size:1rem;\"><i class=\"fas fa-clock\"><\/i><\/div><div class=\"w-iconbox-meta\"><h4 class=\"w-iconbox-title\">Operation Dauer<\/h4><div class=\"w-iconbox-text\"><p>1,5 &#8211; 2 Stunden<\/p>\n<\/div><\/div><\/div><div class=\"w-separator size_small\"><\/div><div class=\"w-iconbox iconpos_left style_default color_primary align_left\"><div class=\"w-iconbox-icon\" style=\"font-size:1rem;\"><i class=\"fas fa-hospital\"><\/i><\/div><div class=\"w-iconbox-meta\"><h4 class=\"w-iconbox-title\">Krankenhausaufenthalt<\/h4><div class=\"w-iconbox-text\"><p>3-5 Tage<strong><br \/>\n<\/strong><\/p>\n<\/div><\/div><\/div><div class=\"w-separator size_small\"><\/div><div class=\"w-iconbox iconpos_left style_default color_primary align_left\"><div class=\"w-iconbox-icon\" style=\"font-size:1rem;\"><i class=\"fas fa-syringe\"><\/i><\/div><div class=\"w-iconbox-meta\"><h4 class=\"w-iconbox-title\">An\u00e4sthesie<\/h4><div class=\"w-iconbox-text\"><p>Vollnarkose oder Spinalan\u00e4sthesie<\/p>\n<\/div><\/div><\/div><\/div><\/div><\/div><\/div><\/div><\/div><\/div><div class=\"vc_col-sm-4 wpb_column vc_column_container\"><div class=\"vc_column-inner\"><div class=\"wpb_wrapper\"><div class=\"g-cols wpb_row us_custom_c5a47681 via_flex valign_top type_default stacking_default\"><div class=\"vc_col-sm-12 wpb_column vc_column_container\"><div class=\"vc_column-inner\"><div class=\"wpb_wrapper\"><h3 class=\"w-text\"><span class=\"w-text-h\"><span class=\"w-text-value\">Kostenlose Beratung erhalten<\/span><\/span><\/h3><div class=\"w-separator size_small\"><\/div><div class=\"wpforms-container wpforms-render-modern\" id=\"wpforms-22672\"><form id=\"wpforms-form-22672\" class=\"wpforms-validate wpforms-form wpforms-ajax-form\" data-formid=\"22672\" method=\"post\" enctype=\"multipart\/form-data\" action=\"\/de\/wp-json\/wp\/v2\/pages\/152160\" data-token=\"c3e15599abee602b49bf0e8d146518fb\" data-token-time=\"1775915615\"><noscript class=\"wpforms-error-noscript\">Bitte aktiviere JavaScript in deinem Browser, um dieses Formular fertigzustellen.<\/noscript><div id=\"wpforms-error-noscript\" style=\"display: none;\">Bitte aktiviere JavaScript in deinem Browser, um dieses Formular fertigzustellen.<\/div><div class=\"wpforms-field-container\"><div id=\"wpforms-22672-field_0-container\" class=\"wpforms-field wpforms-field-name\" data-field-id=\"0\"><label class=\"wpforms-field-label wpforms-label-hide\" for=\"wpforms-22672-field_0\" aria-hidden=\"false\">Name <span class=\"wpforms-required-label\" aria-hidden=\"true\">*<\/span><\/label><input type=\"text\" id=\"wpforms-22672-field_0\" class=\"wpforms-field-large wpforms-field-required\" name=\"wpforms[fields][0]\" placeholder=\"Name und Nachname\" aria-errormessage=\"wpforms-22672-field_0-error\" required><\/div>\t\t<div id=\"wpforms-22672-field_1-container\"\n\t\t\tclass=\"wpforms-field wpforms-field-text\"\n\t\t\tdata-field-type=\"text\"\n\t\t\tdata-field-id=\"1\"\n\t\t\t>\n\t\t\t<label class=\"wpforms-field-label\" for=\"wpforms-22672-field_1\" >Seite der der<\/label>\n\t\t\t<input type=\"text\" id=\"wpforms-22672-field_1\" class=\"wpforms-field-medium\" name=\"wpforms[fields][1]\" >\n\t\t<\/div>\n\t\t<div id=\"wpforms-22672-field_5-container\" class=\"wpforms-field wpforms-field-phone\" data-field-id=\"5\"><label class=\"wpforms-field-label wpforms-label-hide\" for=\"wpforms-22672-field_5\" aria-hidden=\"false\">Telefon <span class=\"wpforms-required-label\" aria-hidden=\"true\">*<\/span><\/label><input type=\"tel\" id=\"wpforms-22672-field_5\" class=\"wpforms-field-large wpforms-field-required wpforms-smart-phone-field\" data-rule-smart-phone-field=\"true\" name=\"wpforms[fields][5]\" aria-label=\"Telefon\" aria-errormessage=\"wpforms-22672-field_5-error\" required><\/div><div id=\"wpforms-22672-field_12-container\" class=\"wpforms-field wpforms-field-hidden\" data-field-id=\"12\"><input type=\"hidden\" id=\"wpforms-22672-field_12\" name=\"wpforms[fields][12]\"><\/div><div id=\"wpforms-22672-field_10-container\" class=\"wpforms-field wpforms-field-hidden\" data-field-id=\"10\"><input type=\"hidden\" id=\"wpforms-22672-field_10\" name=\"wpforms[fields][10]\" value=\"https:\/\/clinicmono.com\/de\/wp-json\/wp\/v2\/pages\/152160 \"><\/div><div id=\"wpforms-22672-field_15-container\" class=\"wpforms-field wpforms-field-hidden\" data-field-id=\"15\"><input type=\"hidden\" id=\"wpforms-22672-field_15\" name=\"wpforms[fields][15]\" value=\" 216.73.216.38 {entry_geolocation} \"><\/div><script>\n\t\t\t\t( function() {\n\t\t\t\t\tconst style = document.createElement( 'style' );\n\t\t\t\t\tstyle.appendChild( document.createTextNode( '#wpforms-22672-field_1-container { position: absolute !important; overflow: hidden !important; display: inline !important; height: 1px !important; width: 1px !important; z-index: -1000 !important; padding: 0 !important; } #wpforms-22672-field_1-container input { visibility: hidden; } #wpforms-conversational-form-page #wpforms-22672-field_1-container label { counter-increment: none; }' ) );\n\t\t\t\t\tdocument.head.appendChild( style );\n\t\t\t\t\tdocument.currentScript?.remove();\n\t\t\t\t} )();\n\t\t\t<\/script><\/div><!-- .wpforms-field-container --><div class=\"wpforms-recaptcha-container wpforms-is-recaptcha wpforms-is-recaptcha-type-v3\" ><input type=\"hidden\" name=\"wpforms[recaptcha]\" value=\"\"><\/div><div class=\"wpforms-submit-container\" ><input type=\"hidden\" name=\"wpforms[id]\" value=\"22672\"><input type=\"hidden\" name=\"page_title\" value=\"\"><input type=\"hidden\" name=\"page_url\" value=\"https:\/\/clinicmono.com\/de\/wp-json\/wp\/v2\/pages\/152160\"><input type=\"hidden\" name=\"url_referer\" value=\"\"><button type=\"submit\" name=\"wpforms[submit]\" id=\"wpforms-submit-22672\" class=\"wpforms-submit\" data-alt-text=\"Ich schicke...\" data-submit-text=\"Erhalten Sie eine kostenlose Beratung\" aria-live=\"assertive\" value=\"wpforms-submit\">Erhalten Sie eine kostenlose Beratung<\/button><img loading=\"lazy\" decoding=\"async\" src=\"https:\/\/clinicmono.com\/wp-content\/plugins\/wpforms\/assets\/images\/submit-spin.svg\" class=\"wpforms-submit-spinner\" style=\"display: none;\" width=\"26\" height=\"26\" alt=\"Wird geladen\"><\/div><\/form><\/div>  <!-- .wpforms-container --><\/div><\/div><\/div><\/div><\/div><\/div><\/div><\/div><\/div><\/section><section class=\"l-section wpb_row us_custom_72622016 height_custom\"><div class=\"l-section-h i-cf\"><div class=\"g-cols vc_row via_flex valign_top type_default stacking_default\"><div class=\"vc_col-sm-12 wpb_column vc_column_container\"><div class=\"vc_column-inner\"><div class=\"wpb_wrapper\"><div class=\"w-separator size_small\"><\/div><div class=\"g-cols wpb_row via_flex valign_top type_default stacking_default\" id=\"procedures\"><div class=\"vc_col-sm-12 wpb_column vc_column_container\"><div class=\"vc_column-inner\"><div class=\"wpb_wrapper\"><div class=\"wpb_text_column\"><div class=\"wpb_wrapper\"><p>Der H\u00fcftgelenksersatz ist ein chirurgischer Eingriff zur Linderung von H\u00fcftschmerzen bei Menschen mit H\u00fcftgelenksch\u00e4den, Arthritis oder avaskul\u00e4rer Nekrose. H\u00fcftprothesen k\u00f6nnen aus Metall, Keramik oder Polyethylen hergestellt werden und sind k\u00fcnstliche medizinische Ger\u00e4te, die den zu ersetzenden Teil der H\u00fcfte ersetzen. Eine H\u00fcftprothese wird empfohlen, wenn andere Behandlungsmethoden nicht sinnvoll sind und ein H\u00fcftschaden vorliegt, der sich negativ auf das Leben der Person auswirkt.<\/p>\n<\/div><\/div><\/div><\/div><\/div><\/div><div class=\"w-separator size_small\"><\/div><div class=\"g-cols wpb_row via_flex valign_top type_default stacking_default\" id=\"quicklook\"><div class=\"vc_col-sm-12 wpb_column vc_column_container\"><div class=\"vc_column-inner\"><div class=\"wpb_wrapper\"><div class=\"wpb_text_column\"><div class=\"wpb_wrapper\"><h3><strong>H\u00fcftprothesenoperation<\/strong><\/h3>\n<p>Die H\u00fcftprothesenoperation T\u00fcrkei ist eine orthop\u00e4dische Operationsmethode, die bei schweren Sch\u00e4den am H\u00fcftgelenk, Bewegungseinschr\u00e4nkungen und Schmerzen angewandt wird. Sie wird bevorzugt eingesetzt, um die Lebensqualit\u00e4t des Patienten zu verbessern, z. B. bei fortgeschrittener H\u00fcftgelenksarthrose (Osteoarthritis), H\u00fcftfrakturen, rheumatoider Arthritis oder Gelenkverschlei\u00df aufgrund eines Traumas. Bei der Operation wird das besch\u00e4digte H\u00fcftgelenk entfernt und durch eine k\u00fcnstliche H\u00fcftprothese ersetzt, die in der Regel aus Metall, Keramik oder Polyethylen besteht.<\/p>\n<\/div><\/div><\/div><\/div><\/div><\/div><div class=\"w-separator size_small\"><\/div><div class=\"g-cols wpb_row via_flex valign_top type_default stacking_default\" id=\"clinic\"><div class=\"vc_col-sm-6 wpb_column vc_column_container\"><div class=\"vc_column-inner\"><div class=\"wpb_wrapper\"><div class=\"wpb_text_column\"><div class=\"wpb_wrapper\"><h3><strong>F\u00fcr wen ist eine H\u00fcftgelenkersatzoperation geeignet?<\/strong><\/h3>\n<p>Eine H\u00fcftprothesenoperation ist f\u00fcr Menschen geeignet, die unter starken H\u00fcftschmerzen leiden und auf andere Behandlungsmethoden nicht angesprochen haben. Dies gilt insbesondere f\u00fcr: <\/p>\n<ul>\n<li>Menschen, die bei der Aus\u00fcbung von Aktivit\u00e4ten des t\u00e4glichen Lebens Schmerzen in der H\u00fcfte haben,<\/li>\n<li>Menschen, die auch in Ruhe Schmerzen haben,<\/li>\n<li>Menschen, die in der Bewegung der H\u00fcfte stark eingeschr\u00e4nkt sind,<\/li>\n<li>Patienten, bei denen Methoden wie Physiotherapie, Medikamente und Injektionen nicht helfen,<\/li>\n<li>\u00c4ltere Menschen mit schweren Sch\u00e4den am H\u00fcftgelenk<\/li>\n<\/ul>\n<p>Diese Operation wird empfohlen f\u00fcr. Sie wird auch bei jungen Menschen mit angeborenen H\u00fcftluxationen oder traumatischen H\u00fcftverletzungen durchgef\u00fchrt.<\/p>\n<\/div><\/div><\/div><\/div><\/div><div class=\"vc_col-sm-6 wpb_column vc_column_container\"><div class=\"vc_column-inner\"><div class=\"wpb_wrapper\"><div class=\"wpb_text_column\"><div class=\"wpb_wrapper\"><h3><strong>Chirurgischer Ablauf und Verfahren <\/strong><\/h3>\n<p>Die H\u00fcftgelenkersatzoperation wird unter Vollnarkose oder Spinalan\u00e4sthesie durchgef\u00fchrt und dauert durchschnittlich 1,5 bis 2 Stunden. Das besch\u00e4digte Knochen- und Knorpelgewebe in der H\u00fcfte wird gereinigt und durch Prothesenteile ersetzt. Die Prothese wird mit speziellen Klebern oder Schrauben am Knochen befestigt. Die Dauer des Krankenhausaufenthalts liegt in der Regel zwischen 3 und 5 Tagen.<\/p>\n<\/div><\/div><\/div><\/div><\/div><\/div><div class=\"w-separator size_small\"><\/div><div class=\"g-cols wpb_row via_flex valign_top type_default stacking_default\"><div class=\"vc_col-sm-12 wpb_column vc_column_container\"><div class=\"vc_column-inner\"><div class=\"wpb_wrapper\"><div class=\"wpb_text_column\"><div class=\"wpb_wrapper\"><h3><strong>Welche Arten des H\u00fcftgelenksersatzes gibt es?<\/strong><\/h3>\n<p><strong>\u00b7 Totaler H\u00fcftgelenkersatz<\/strong><\/p>\n<p>Der totale H\u00fcftgelenkersatz ist einer der h\u00e4ufigsten chirurgischen Eingriffe am H\u00fcftgelenk. Bei diesem Verfahren wird das gesamte H\u00fcftgelenk durch k\u00fcnstliche Teile ersetzt. W\u00e4hrend der Operation setzt der Chirurg einen speziellen Prothesenschaft in den Oberschenkelknochen (Femur) ein. Anschlie\u00dfend wird der H\u00fcftkopf entfernt und durch eine k\u00fcnstliche Kugel aus Metall oder Keramik ersetzt. Die nat\u00fcrliche Pfanne im H\u00fcftknochen wird durch eine k\u00fcnstliche Pfanne ersetzt. Dieses Verfahren wird h\u00e4ufig bei fortgeschrittener Arthrose, Gelenkbeschwerden oder anhaltenden Schmerzen bevorzugt und erm\u00f6glicht dem Patienten die R\u00fcckkehr zu einem schmerzfreien, aktiveren Leben.     <\/p>\n<p><strong>\u00b7 Teilweiser H\u00fcftgelenkersatz (Hemiarthroplastik)<\/strong><\/p>\n<p>Ein teilweiser H\u00fcftgelenkersatz ist ein chirurgischer Eingriff, bei dem nur der besch\u00e4digte Teil des H\u00fcftgelenks ersetzt wird. Bei diesem Verfahren wird in der Regel nur der H\u00fcftkopf entfernt und durch eine Metall- oder Keramikkugel ersetzt, die am Ende des Prothesenschafts befestigt ist. Die nat\u00fcrliche Pfanne im H\u00fcftknochen bleibt dabei erhalten. Die Teilprothese ist eine wirksame L\u00f6sung f\u00fcr die Behandlung bestimmter Arten von H\u00fcftfrakturen, insbesondere bei \u00e4lteren Menschen. Diese Methode, die Vorteile wie eine k\u00fcrzere Genesungszeit und ein geringeres Operationsrisiko bietet, wird in begrenzteren F\u00e4llen als Totalprothese eingesetzt.    <\/p>\n<h4><strong>Postoperative Genesung<\/strong><\/h4>\n<p>Die physikalische Therapie ist nach einer H\u00fcftgelenkersatzoperation von gro\u00dfer Bedeutung. In den ersten Tagen nach der Operation beginnt der Patient zu gehen. Patienten, die in den ersten Wochen mit Unterst\u00fctzung gehen, sind nach etwa 6-8 Wochen in der Lage, selbst\u00e4ndig zu gehen. Obwohl der vollst\u00e4ndige Genesungsprozess individuell unterschiedlich verl\u00e4uft, k\u00f6nnen die Patienten in der Regel innerhalb von 3 bis 6 Monaten in ihr normales Leben zur\u00fcckkehren. Um die Lebensdauer der Prothese zu verl\u00e4ngern, ist es wichtig, die postoperativen Empfehlungen zu befolgen.    <\/p>\n<h4><strong>Was sind die Vorteile einer H\u00fcftprothese?<\/strong><\/h4>\n<ul>\n<li>Weitgehende Beseitigung von H\u00fcftschmerzen<\/li>\n<li>Komfort bei Aktivit\u00e4ten des t\u00e4glichen Lebens<\/li>\n<li>Erleichterung von Bewegungen wie Gehen, Sitzen, Treppensteigen<\/li>\n<li>H\u00f6here Lebensqualit\u00e4t<\/li>\n<li>Jahrelanges problemloses Tragen mit langlebigen Prothesenoptionen<\/li>\n<\/ul>\n<\/div><\/div><\/div><\/div><\/div><\/div><div class=\"vc_col-sm-12 wpb_column vc_column_container\"><div class=\"vc_column-inner\"><div class=\"wpb_wrapper\"><\/div><\/div><\/div><\/div><\/div><\/div><\/div><\/div><\/section>\n","protected":false},"excerpt":{"rendered":"H\u00fcftgelenksersatz Seiten\u00dcberblick \u00fcber das VerfahrenVerfahrenDas besch\u00e4digte H\u00fcftgelenk wird entfernt und durch eine H\u00fcftprothese ersetzt. Operation Dauer1,5 - 2 Stunden Krankenhausaufenthalt3-5 Tage An\u00e4sthesieVollnarkose oder Spinalan\u00e4sthesie Kostenlose Beratung erhaltenBitte aktiviere JavaScript in deinem Browser, um dieses Formular fertigzustellen.Bitte aktiviere JavaScript in deinem Browser, um dieses Formular fertigzustellen.Name *Telefon * Seite Telefon Name Erhalten Sie eine kostenlose Beratung...","protected":false},"author":1,"featured_media":152498,"parent":152501,"menu_order":0,"comment_status":"closed","ping_status":"closed","template":"","meta":{"rank_math_lock_modified_date":false,"_mi_skip_tracking":false,"_monsterinsights_sitenote_active":false,"_monsterinsights_sitenote_note":"","_monsterinsights_sitenote_category":0,"_uf_show_specific_survey":0,"_uf_disable_surveys":false,"footnotes":""},"procedure":[318],"class_list":["post-152160","page","type-page","status-publish","has-post-thumbnail","hentry","procedure-breast-surgeries"],"_links":{"self":[{"href":"https:\/\/clinicmono.com\/de\/wp-json\/wp\/v2\/pages\/152160"}],"collection":[{"href":"https:\/\/clinicmono.com\/de\/wp-json\/wp\/v2\/pages"}],"about":[{"href":"https:\/\/clinicmono.com\/de\/wp-json\/wp\/v2\/types\/page"}],"author":[{"embeddable":true,"href":"https:\/\/clinicmono.com\/de\/wp-json\/wp\/v2\/users\/1"}],"replies":[{"embeddable":true,"href":"https:\/\/clinicmono.com\/de\/wp-json\/wp\/v2\/comments?post=152160"}],"version-history":[{"count":2,"href":"https:\/\/clinicmono.com\/de\/wp-json\/wp\/v2\/pages\/152160\/revisions"}],"predecessor-version":[{"id":152162,"href":"https:\/\/clinicmono.com\/de\/wp-json\/wp\/v2\/pages\/152160\/revisions\/152162"}],"up":[{"embeddable":true,"href":"https:\/\/clinicmono.com\/de\/wp-json\/wp\/v2\/pages\/152501"}],"wp:featuredmedia":[{"embeddable":true,"href":"https:\/\/clinicmono.com\/de\/wp-json\/wp\/v2\/media\/152498"}],"wp:attachment":[{"href":"https:\/\/clinicmono.com\/de\/wp-json\/wp\/v2\/media?parent=152160"}],"wp:term":[{"taxonomy":"procedure","embeddable":true,"href":"https:\/\/clinicmono.com\/de\/wp-json\/wp\/v2\/procedure?post=152160"}],"curies":[{"name":"wp","href":"https:\/\/api.w.org\/{rel}","templated":true}]}}