{"id":152126,"date":"2025-04-24T11:17:03","date_gmt":"2025-04-24T11:17:03","guid":{"rendered":"https:\/\/clinicmono.com\/kniegelenkersatz-operation\/"},"modified":"2025-05-07T13:20:09","modified_gmt":"2025-05-07T13:20:09","slug":"kniegelenkersatz-operation","status":"publish","type":"page","link":"https:\/\/clinicmono.com\/de\/orthopaedie\/kniegelenkersatz-operation\/","title":{"rendered":"Kniegelenkersatz-Operation"},"content":{"rendered":"<section class=\"l-section wpb_row height_custom with_img\"><div class=\"l-section-img\" role=\"img\" aria-label=\"Bild\" data-img-width=\"1600\" data-img-height=\"938\" style=\"background-image: url(https:\/\/clinicmono.com\/wp-content\/uploads\/2025\/04\/knee_replacement_surgery.jpeg);background-repeat: no-repeat;\"><\/div><div class=\"l-section-overlay\" style=\"background:rgba(0,0,0,0.47)\"><\/div><div class=\"l-section-h i-cf\"><div class=\"g-cols vc_row via_flex valign_top type_default stacking_default\"><div class=\"vc_col-sm-12 wpb_column vc_column_container\"><div class=\"vc_column-inner\"><div class=\"wpb_wrapper\"><div class=\"wpb_text_column us_custom_8b3d6790 has_text_color\"><div class=\"wpb_wrapper\"><h1 style=\"text-align: center;\">Kniegelenkersatz-Operation<\/h1>\n<\/div><\/div><div class=\"w-separator size_small\"><\/div><nav class=\"g-breadcrumbs us_custom_8b3d6790 has_text_color separator_icon align_center hide_current\" itemscope itemtype=\"http:\/\/schema.org\/BreadcrumbList\"><div class=\"g-breadcrumbs-item\">Seiten<\/div><\/nav><div class=\"w-separator size_small\"><\/div><\/div><\/div><\/div><\/div><\/div><\/section><section class=\"l-section wpb_row height_small\"><div class=\"l-section-h i-cf\"><div class=\"g-cols vc_row via_flex valign_top type_default stacking_default\"><div class=\"vc_col-sm-8 wpb_column vc_column_container\"><div class=\"vc_column-inner\"><div class=\"wpb_wrapper\"><div class=\"g-cols wpb_row us_custom_edec6ef0 via_flex valign_top type_default stacking_default\"><div class=\"vc_col-sm-12 wpb_column vc_column_container\"><div class=\"vc_column-inner\"><div class=\"wpb_wrapper\"><h3 class=\"w-text\"><span class=\"w-text-h\"><span class=\"w-text-value\">\u00dcberblick \u00fcber das Verfahren<\/span><\/span><\/h3><div class=\"w-separator size_small\"><\/div><div class=\"w-iconbox iconpos_left style_default color_primary align_left\"><div class=\"w-iconbox-icon\" style=\"font-size:1.4rem;\"><i class=\"fas fa-procedures\"><\/i><\/div><div class=\"w-iconbox-meta\"><h4 class=\"w-iconbox-title\">Verfahren<\/h4><div class=\"w-iconbox-text\"><p>Vorbeugung von Knieschmerzen und Verbesserung der Lebensqualit\u00e4t durch Unterbrechung des Kontakts zwischen besch\u00e4digten Gelenkfl\u00e4chen.<\/p>\n<\/div><\/div><\/div><div class=\"w-separator size_small\"><\/div><div class=\"w-iconbox iconpos_left style_default color_primary align_left\"><div class=\"w-iconbox-icon\" style=\"font-size:1rem;\"><i class=\"fas fa-clock\"><\/i><\/div><div class=\"w-iconbox-meta\"><h4 class=\"w-iconbox-title\">Operation Dauer<\/h4><div class=\"w-iconbox-text\"><p>1,5 &#8211; 2 Stunden<\/p>\n<\/div><\/div><\/div><div class=\"w-separator size_small\"><\/div><div class=\"w-iconbox iconpos_left style_default color_primary align_left\"><div class=\"w-iconbox-icon\" style=\"font-size:1rem;\"><i class=\"fas fa-hospital\"><\/i><\/div><div class=\"w-iconbox-meta\"><h4 class=\"w-iconbox-title\">Krankenhausaufenthalt<\/h4><div class=\"w-iconbox-text\"><p>3-5 Tage<strong><br \/>\n<\/strong><\/p>\n<\/div><\/div><\/div><div class=\"w-separator size_small\"><\/div><div class=\"w-iconbox iconpos_left style_default color_primary align_left\"><div class=\"w-iconbox-icon\" style=\"font-size:1rem;\"><i class=\"fas fa-syringe\"><\/i><\/div><div class=\"w-iconbox-meta\"><h4 class=\"w-iconbox-title\">An\u00e4sthesie<\/h4><div class=\"w-iconbox-text\"><p>Vollnarkose oder Spinalan\u00e4sthesie<\/p>\n<\/div><\/div><\/div><\/div><\/div><\/div><\/div><\/div><\/div><\/div><div class=\"vc_col-sm-4 wpb_column vc_column_container\"><div class=\"vc_column-inner\"><div class=\"wpb_wrapper\"><div class=\"g-cols wpb_row us_custom_c5a47681 via_flex valign_top type_default stacking_default\"><div class=\"vc_col-sm-12 wpb_column vc_column_container\"><div class=\"vc_column-inner\"><div class=\"wpb_wrapper\"><h3 class=\"w-text\"><span class=\"w-text-h\"><span class=\"w-text-value\">Kostenlose Beratung erhalten<\/span><\/span><\/h3><div class=\"w-separator size_small\"><\/div><div class=\"wpforms-container wpforms-render-modern\" id=\"wpforms-22672\"><form id=\"wpforms-form-22672\" class=\"wpforms-validate wpforms-form wpforms-ajax-form\" data-formid=\"22672\" method=\"post\" enctype=\"multipart\/form-data\" action=\"\/de\/wp-json\/wp\/v2\/pages\/152126\" data-token=\"1e172c0a2e8d480932ed51418cdd2ee5\" data-token-time=\"1776744609\"><noscript class=\"wpforms-error-noscript\">Bitte aktiviere JavaScript in deinem Browser, um dieses Formular fertigzustellen.<\/noscript><div id=\"wpforms-error-noscript\" style=\"display: none;\">Bitte aktiviere JavaScript in deinem Browser, um dieses Formular fertigzustellen.<\/div><div class=\"wpforms-field-container\"><div id=\"wpforms-22672-field_0-container\" class=\"wpforms-field wpforms-field-name\" data-field-id=\"0\"><label class=\"wpforms-field-label wpforms-label-hide\" for=\"wpforms-22672-field_0\" aria-hidden=\"false\">Name <span class=\"wpforms-required-label\" aria-hidden=\"true\">*<\/span><\/label><input type=\"text\" id=\"wpforms-22672-field_0\" class=\"wpforms-field-large wpforms-field-required\" name=\"wpforms[fields][0]\" placeholder=\"Name und Nachname\" aria-errormessage=\"wpforms-22672-field_0-error\" required><\/div>\t\t<div id=\"wpforms-22672-field_1-container\"\n\t\t\tclass=\"wpforms-field wpforms-field-text\"\n\t\t\tdata-field-type=\"text\"\n\t\t\tdata-field-id=\"1\"\n\t\t\t>\n\t\t\t<label class=\"wpforms-field-label\" for=\"wpforms-22672-field_1\" >Titel Telefon Seite<\/label>\n\t\t\t<input type=\"text\" id=\"wpforms-22672-field_1\" class=\"wpforms-field-medium\" name=\"wpforms[fields][1]\" >\n\t\t<\/div>\n\t\t<div id=\"wpforms-22672-field_5-container\" class=\"wpforms-field wpforms-field-phone\" data-field-id=\"5\"><label class=\"wpforms-field-label wpforms-label-hide\" for=\"wpforms-22672-field_5\" aria-hidden=\"false\">Telefon <span class=\"wpforms-required-label\" aria-hidden=\"true\">*<\/span><\/label><input type=\"tel\" id=\"wpforms-22672-field_5\" class=\"wpforms-field-large wpforms-field-required wpforms-smart-phone-field\" data-rule-smart-phone-field=\"true\" name=\"wpforms[fields][5]\" aria-label=\"Telefon\" aria-errormessage=\"wpforms-22672-field_5-error\" required><\/div><div id=\"wpforms-22672-field_12-container\" class=\"wpforms-field wpforms-field-hidden\" data-field-id=\"12\"><input type=\"hidden\" id=\"wpforms-22672-field_12\" name=\"wpforms[fields][12]\"><\/div><div id=\"wpforms-22672-field_10-container\" class=\"wpforms-field wpforms-field-hidden\" data-field-id=\"10\"><input type=\"hidden\" id=\"wpforms-22672-field_10\" name=\"wpforms[fields][10]\" value=\"https:\/\/clinicmono.com\/de\/wp-json\/wp\/v2\/pages\/152126 \"><\/div><div id=\"wpforms-22672-field_15-container\" class=\"wpforms-field wpforms-field-hidden\" data-field-id=\"15\"><input type=\"hidden\" id=\"wpforms-22672-field_15\" name=\"wpforms[fields][15]\" value=\" 216.73.217.63 Columbus, Ohio, US\r\n39.9587, -82.9987 \"><\/div><script>\n\t\t\t\t( function() {\n\t\t\t\t\tconst style = document.createElement( 'style' );\n\t\t\t\t\tstyle.appendChild( document.createTextNode( '#wpforms-22672-field_1-container { position: absolute !important; overflow: hidden !important; display: inline !important; height: 1px !important; width: 1px !important; z-index: -1000 !important; padding: 0 !important; } #wpforms-22672-field_1-container input { visibility: hidden; } #wpforms-conversational-form-page #wpforms-22672-field_1-container label { counter-increment: none; }' ) );\n\t\t\t\t\tdocument.head.appendChild( style );\n\t\t\t\t\tdocument.currentScript?.remove();\n\t\t\t\t} )();\n\t\t\t<\/script><\/div><!-- .wpforms-field-container --><div class=\"wpforms-recaptcha-container wpforms-is-recaptcha wpforms-is-recaptcha-type-v3\" ><input type=\"hidden\" name=\"wpforms[recaptcha]\" value=\"\"><\/div><div class=\"wpforms-submit-container\" ><input type=\"hidden\" name=\"wpforms[id]\" value=\"22672\"><input type=\"hidden\" name=\"page_title\" value=\"\"><input type=\"hidden\" name=\"page_url\" value=\"https:\/\/clinicmono.com\/de\/wp-json\/wp\/v2\/pages\/152126\"><input type=\"hidden\" name=\"url_referer\" value=\"\"><button type=\"submit\" name=\"wpforms[submit]\" id=\"wpforms-submit-22672\" class=\"wpforms-submit\" data-alt-text=\"Ich schicke...\" data-submit-text=\"Erhalten Sie eine kostenlose Beratung\" aria-live=\"assertive\" value=\"wpforms-submit\">Erhalten Sie eine kostenlose Beratung<\/button><img decoding=\"async\" src=\"https:\/\/clinicmono.com\/wp-content\/plugins\/wpforms\/assets\/images\/submit-spin.svg\" class=\"wpforms-submit-spinner\" style=\"display: none;\" width=\"26\" height=\"26\" alt=\"Wird geladen\"><\/div><\/form><\/div>  <!-- .wpforms-container --><\/div><\/div><\/div><\/div><\/div><\/div><\/div><\/div><\/div><\/section><section class=\"l-section wpb_row us_custom_72622016 height_custom\"><div class=\"l-section-h i-cf\"><div class=\"g-cols vc_row via_flex valign_top type_default stacking_default\"><div class=\"vc_col-sm-12 wpb_column vc_column_container\"><div class=\"vc_column-inner\"><div class=\"wpb_wrapper\"><div class=\"w-separator size_small\"><\/div><div class=\"g-cols wpb_row via_flex valign_top type_default stacking_default\" id=\"procedures\"><div class=\"vc_col-sm-12 wpb_column vc_column_container\"><div class=\"vc_column-inner\"><div class=\"wpb_wrapper\"><div class=\"wpb_text_column\"><div class=\"wpb_wrapper\"><p>Die Knieprothese ist ein chirurgischer Eingriff, der die Lebensqualit\u00e4t von Personen mit starken Gelenkschmerzen und eingeschr\u00e4nkter Gelenkbewegung aufgrund verschiedener Traumata verbessern soll. Das besch\u00e4digte Knochen- und Knorpelgewebe im Kniebereich wird entfernt und Prothesen aus Metall, Kunststoff oder Polymer eingesetzt.   <\/p>\n<p><strong>Die Operation, die auch als Knieendoprothese bezeichnet wird, dauert etwa 2 Stunden und wird h\u00e4ufig von orthop\u00e4dischen \u00c4rzten durchgef\u00fchrt.<\/strong> Ziel der Kniegelenkersatzoperation ist es, Knieschmerzen zu vermeiden, indem der Kontakt zwischen den besch\u00e4digten Gelenkfl\u00e4chen unterbrochen wird, und ein Gelenk zu erhalten, mit dem man wieder so viel wie gew\u00fcnscht gehen und Treppen steigen kann.<\/p>\n<\/div><\/div><\/div><\/div><\/div><\/div><div class=\"w-separator size_small\"><\/div><div class=\"g-cols wpb_row via_flex valign_top type_default stacking_default\" id=\"quicklook\"><div class=\"vc_col-sm-12 wpb_column vc_column_container\"><div class=\"vc_column-inner\"><div class=\"wpb_wrapper\"><div class=\"wpb_text_column\"><div class=\"wpb_wrapper\"><p><strong>Entdecken Sie mit Clinic Mono Spitzenleistungen in der Knieersatzchirurgie \u2013 denn jeder Schritt z\u00e4hlt.<\/strong><\/p>\n<h3><strong>Wie wird eine Knieersatzoperation durchgef\u00fchrt?<\/strong><\/h3>\n<p>Die Kniegelenkersatz-Operation ist ein chirurgisches Verfahren, das bei fortgeschrittener Arthrose (Osteoarthritis), entz\u00fcndlichem Rheuma (rheumatoide Arthritis) oder traumatisch bedingtem Gelenkverschlei\u00df bevorzugt wird. Bei der Kniegelenkersatzoperation wird der gesamte Gelenkknorpel oder nur die besch\u00e4digten Gelenkknorpelfl\u00e4chen entfernt und durch eine k\u00fcnstliche Prothese ersetzt. Hauptziel der Operation ist es, die Mobilit\u00e4t des Patienten zu erh\u00f6hen und seine Lebensqualit\u00e4t zu verbessern. Nach einer Kniegelenkersatzoperation verschwinden die Schmerzen bei fast allen Patienten vollst\u00e4ndig und der Patient kann wieder ein schmerzfreies und mobiles Leben f\u00fchren.<\/p>\n<\/div><\/div><\/div><\/div><\/div><\/div><div class=\"w-separator size_small\"><\/div><div class=\"g-cols wpb_row via_flex valign_top type_default stacking_default\" id=\"clinic\"><div class=\"vc_col-sm-6 wpb_column vc_column_container\"><div class=\"vc_column-inner\"><div class=\"wpb_wrapper\"><div class=\"wpb_text_column\"><div class=\"wpb_wrapper\"><h3><strong>F\u00fcr wen ist eine Kniegelenkersatzoperation geeignet?<\/strong><\/h3>\n<p>Das Hauptziel einer Kniegelenkersatzoperation ist die Verbesserung des Lebensstandards. Wenn die Schmerzen des Patienten nicht auf Behandlungsmethoden wie Physiotherapie, intraartikul\u00e4re Injektionen und Schmerzmittel ansprechen, kann eine Kniegelenkersatzoperation als Option in Betracht gezogen werden. Diese Operation wird bevorzugt bei Patienten durchgef\u00fchrt, die aufgrund eines fortgeschrittenen Gelenkverschlei\u00dfes unter starken Knieschmerzen leiden, Schwierigkeiten bei der Verrichtung von Aktivit\u00e4ten des t\u00e4glichen Lebens haben und bei denen eine medikament\u00f6se oder physiotherapeutische Behandlung nicht hilft. Auch bei Patienten, die bereits in jungen Jahren schwere Gelenksch\u00e4den erlitten haben, kann ein solcher Eingriff sinnvoll sein.<\/p>\n<\/div><\/div><\/div><\/div><\/div><div class=\"vc_col-sm-6 wpb_column vc_column_container\"><div class=\"vc_column-inner\"><div class=\"wpb_wrapper\"><div class=\"wpb_text_column\"><div class=\"wpb_wrapper\"><h3><strong>Patienten, die f\u00fcr eine Knieprothesenoperation geeignet sind<\/strong><\/h3>\n<ul>\n<li>Starke Knieschmerzen und Steifheit in einem Ausma\u00df, das allt\u00e4gliche Aktivit\u00e4ten wie Gehen, Treppensteigen, Aufstehen von einem Stuhl verhindert<\/li>\n<li>Anhaltende Schmerzen in Ruhe oder im Schlaf<\/li>\n<li>Schwere Kniearthrose (Osteoarthritis)<\/li>\n<li>Entz\u00fcndlicher Rheumatismus (rheumatoide Arthritis)<\/li>\n<\/ul>\n<\/div><\/div><\/div><\/div><\/div><\/div><div class=\"w-separator size_small\"><\/div><div class=\"g-cols wpb_row via_flex valign_top type_default stacking_default\"><div class=\"vc_col-sm-12 wpb_column vc_column_container\"><div class=\"vc_column-inner\"><div class=\"wpb_wrapper\"><div class=\"wpb_text_column\"><div class=\"wpb_wrapper\"><h4>Operationsverfahren und Genesung<\/h4>\n<p>Die Kniegelenkersatzoperation T\u00fcrkei wird unter Vollnarkose oder Spinalan\u00e4sthesie durchgef\u00fchrt und dauert durchschnittlich 1,5 bis 2 Stunden. Der postoperative Krankenhausaufenthalt liegt zwischen 3 und 5 Tagen. Physiotherapie ist ein wichtiger Bestandteil des Genesungsprozesses. In den ersten Wochen beginnen die Patienten, mit Hilfe zu gehen, und nach 6 Wochen sind die meisten Patienten in der Lage, ohne Unterst\u00fctzung zu gehen.   <\/p>\n<h4>Welche Arten des Kniegelenkersatzes gibt es?<\/h4>\n<p>Bei einer Kniegelenkersatzoperation entfernen die Chirurgen besch\u00e4digtes oder abgenutztes Gewebe und Knochen aus dem Kniegelenk und ersetzen sie durch geeignete k\u00fcnstliche Prothesenteile. Diese Prothesen k\u00f6nnen mit speziellen medizinischen Klebstoffen oder Titanschrauben am Knochen befestigt werden. Die Physiotherapie in der Zeit nach der Operation ist f\u00fcr den Patienten von gro\u00dfer Bedeutung, um die Kniemuskulatur zu st\u00e4rken und die normale Beweglichkeit wiederzuerlangen.  <\/p>\n<p><strong>\u25cf Totaler Ersatz des Knies<\/strong><\/p>\n<p>Der totale Ersatz des Knies ist die h\u00e4ufigste Art des Knieersatzes, bei der das gesamte Kniegelenk durch k\u00fcnstliche Teile ersetzt wird. Bei dieser Methode werden zwei Hauptteile am unteren Ende des Oberschenkelknochens und am oberen Teil des Schienbeins eingesetzt. Vor allem bei fortgeschrittenen Gelenksch\u00e4den wird der totale Kniegelenkersatz aufgrund seiner dauerhaften Struktur und Haltbarkeit h\u00e4ufig bevorzugt.  <\/p>\n<p><strong>\u25cf Halbknieersatz (Teilknieersatz)<\/strong><\/p>\n<p>Der Halbknieersatz ist eine weniger invasive Operationsmethode, bei der nur der besch\u00e4digte Teil des Knies ersetzt wird. Bei diesem Verfahren wird gesundes Gewebe erhalten und nur das besch\u00e4digte Knorpel- und Knochengewebe durch eine Prothese ersetzt. Obwohl sie die Vorteile einer k\u00fcrzeren Genesungszeit und eines geringeren Operationsrisikos bieten, haben Halbknieprothesen m\u00f6glicherweise eine k\u00fcrzere Lebensdauer als Knietotalprothesen.  <\/p>\n<h4>Postoperative \u00dcberlegungen<\/h4>\n<p>&#8211; Setzen Sie das Physiotherapieprogramm regelm\u00e4\u00dfig fort<br \/>\n&#8211; Vermeiden Sie \u00fcberm\u00e4\u00dfiges Gewicht<br \/>\n&#8211; Vermeiden Sie Bewegungen, die das Knie \u00fcberm\u00e4\u00dfig belasten<\/p>\n<\/div><\/div><\/div><\/div><\/div><\/div><div class=\"vc_col-sm-12 wpb_column vc_column_container\"><div class=\"vc_column-inner\"><div class=\"wpb_wrapper\"><\/div><\/div><\/div><\/div><\/div><\/div><\/div><\/div><\/section>\n","protected":false},"excerpt":{"rendered":"Kniegelenkersatz-Operation Seiten\u00dcberblick \u00fcber das VerfahrenVerfahrenVorbeugung von Knieschmerzen und Verbesserung der Lebensqualit\u00e4t durch Unterbrechung des Kontakts zwischen besch\u00e4digten Gelenkfl\u00e4chen. Operation Dauer1,5 - 2 Stunden Krankenhausaufenthalt3-5 Tage An\u00e4sthesieVollnarkose oder Spinalan\u00e4sthesie Kostenlose Beratung erhaltenBitte aktiviere JavaScript in deinem Browser, um dieses Formular fertigzustellen.Bitte aktiviere JavaScript in deinem Browser, um dieses Formular fertigzustellen.Name * Titel Seite Telefon Telefon *Erhalten...","protected":false},"author":1,"featured_media":152009,"parent":152501,"menu_order":0,"comment_status":"closed","ping_status":"closed","template":"","meta":{"_mi_skip_tracking":false,"_monsterinsights_sitenote_active":false,"_monsterinsights_sitenote_note":"","_monsterinsights_sitenote_category":0,"_uf_show_specific_survey":0,"_uf_disable_surveys":false,"footnotes":""},"procedure":[318],"class_list":["post-152126","page","type-page","status-publish","has-post-thumbnail","hentry","procedure-breast-surgeries"],"_links":{"self":[{"href":"https:\/\/clinicmono.com\/de\/wp-json\/wp\/v2\/pages\/152126","targetHints":{"allow":["GET"]}}],"collection":[{"href":"https:\/\/clinicmono.com\/de\/wp-json\/wp\/v2\/pages"}],"about":[{"href":"https:\/\/clinicmono.com\/de\/wp-json\/wp\/v2\/types\/page"}],"author":[{"embeddable":true,"href":"https:\/\/clinicmono.com\/de\/wp-json\/wp\/v2\/users\/1"}],"replies":[{"embeddable":true,"href":"https:\/\/clinicmono.com\/de\/wp-json\/wp\/v2\/comments?post=152126"}],"version-history":[{"count":0,"href":"https:\/\/clinicmono.com\/de\/wp-json\/wp\/v2\/pages\/152126\/revisions"}],"up":[{"embeddable":true,"href":"https:\/\/clinicmono.com\/de\/wp-json\/wp\/v2\/pages\/152501"}],"wp:featuredmedia":[{"embeddable":true,"href":"https:\/\/clinicmono.com\/de\/wp-json\/wp\/v2\/media\/152009"}],"wp:attachment":[{"href":"https:\/\/clinicmono.com\/de\/wp-json\/wp\/v2\/media?parent=152126"}],"wp:term":[{"taxonomy":"procedure","embeddable":true,"href":"https:\/\/clinicmono.com\/de\/wp-json\/wp\/v2\/procedure?post=152126"}],"curies":[{"name":"wp","href":"https:\/\/api.w.org\/{rel}","templated":true}]}}