{"id":121264,"date":"2024-03-01T17:31:55","date_gmt":"2024-03-01T17:31:55","guid":{"rendered":"https:\/\/clinicmono.com\/unsere-arzte\/m-d-serbay-guerel\/"},"modified":"2025-05-08T11:47:48","modified_gmt":"2025-05-08T11:47:48","slug":"m-d-serbay-guerel","status":"publish","type":"page","link":"https:\/\/clinicmono.com\/de\/unsere-arzte\/m-d-serbay-guerel\/","title":{"rendered":"M.D. Serbay G\u00dcREL"},"content":{"rendered":"<section class=\"l-section wpb_row height_custom with_img\"><div class=\"l-section-img\" role=\"img\" aria-label=\"Bild\" data-img-width=\"1920\" data-img-height=\"400\" style=\"background-image: url(https:\/\/clinicmono.com\/wp-content\/uploads\/2023\/05\/call1.jpg);background-repeat: no-repeat;background-size: auto;\"><\/div><div class=\"l-section-h i-cf\"><div class=\"g-cols vc_row via_flex valign_top type_default stacking_default\"><div class=\"vc_col-sm-12 wpb_column vc_column_container\"><div class=\"vc_column-inner\"><div class=\"wpb_wrapper\"><div class=\"wpb_text_column\"><div class=\"wpb_wrapper\"><h1 style=\"text-align: center;\">M.D. Serbay G\u00dcREL<\/h1>\n<\/div><\/div><nav class=\"g-breadcrumbs separator_icon align_center\" itemscope itemtype=\"http:\/\/schema.org\/BreadcrumbList\"><div class=\"g-breadcrumbs-item\" itemscope itemprop=\"itemListElement\" itemtype=\"http:\/\/schema.org\/ListItem\"><a itemprop=\"item\" href=\"https:\/\/clinicmono.com\/de\/\"><span itemprop=\"name\">Klinik Mono<\/span><\/a><meta itemprop=\"position\" content=\"1\"\/><\/div><div class=\"g-breadcrumbs-separator\"><i class=\"far fa-angle-double-right\"><\/i><\/div><div class=\"g-breadcrumbs-item\">Seiten<\/div><\/nav><\/div><\/div><\/div><\/div><\/div><\/section><section class=\"l-section wpb_row height_custom\"><div class=\"l-section-h i-cf\"><div class=\"g-cols vc_row via_flex valign_top type_default stacking_default\"><div class=\"vc_col-sm-12 wpb_column vc_column_container\"><div class=\"vc_column-inner\"><div class=\"wpb_wrapper\"><div class=\"g-cols wpb_row via_flex valign_top type_default stacking_default\"><div class=\"vc_col-sm-3 wpb_column vc_column_container\"><div class=\"vc_column-inner\"><div class=\"wpb_wrapper\"><div class=\"w-person layout_cards\" itemscope itemtype=\"https:\/\/schema.org\/Person\"><div class=\"w-person-image\"><img decoding=\"async\" width=\"1024\" height=\"1024\" src=\"https:\/\/clinicmono.com\/wp-content\/uploads\/2024\/03\/serbay_gurel_pp-1024x1024.jpg\" class=\"attachment-large size-large\" alt=\"\" itemprop=\"image\" srcset=\"https:\/\/clinicmono.com\/wp-content\/uploads\/2024\/03\/serbay_gurel_pp-1024x1024.jpg 1024w, https:\/\/clinicmono.com\/wp-content\/uploads\/2024\/03\/serbay_gurel_pp-600x600.jpg 600w, https:\/\/clinicmono.com\/wp-content\/uploads\/2024\/03\/serbay_gurel_pp-300x300.jpg 300w, https:\/\/clinicmono.com\/wp-content\/uploads\/2024\/03\/serbay_gurel_pp-500x500.jpg 500w, https:\/\/clinicmono.com\/wp-content\/uploads\/2024\/03\/serbay_gurel_pp-400x400.jpg 400w, https:\/\/clinicmono.com\/wp-content\/uploads\/2024\/03\/serbay_gurel_pp-150x150.jpg 150w, https:\/\/clinicmono.com\/wp-content\/uploads\/2024\/03\/serbay_gurel_pp.jpg 1080w\" sizes=\"(max-width: 1024px) 100vw, 1024px\" \/><\/div><div class=\"w-person-content\"><h4 itemprop=\"name\" class=\"w-person-name\"><span>M. D. Serbay G\u00dcREL<\/span><\/h4><div class=\"w-person-role\" itemprop=\"jobTitle\">Dermatologie und Kosmetologie<\/div><\/div><\/div><\/div><\/div><\/div><div class=\"vc_col-sm-9 wpb_column vc_column_container\"><div class=\"vc_column-inner\"><div class=\"wpb_wrapper\"><div class=\"wpb_text_column\"><div class=\"wpb_wrapper\"><p>Dr. Serbay Gurel wurde 1984 in Bursa geboren. Gurel, der zwischen 1998 und 2002 sein Abitur an der Bursa Gazi Anatolian High School ablegte, begann 2002 sein Medizinstudium an der GATA-Fakult\u00e4t f\u00fcr Medizin. Nach seinem Abschluss im Jahr 2008 setzte er seine Karriere fort, indem er von 2008 bis 2009 in der GATA und von 2009 bis 2011 im 48. motorisierten Infanterieregiment, Bayburt Infirmary Chief Physician, arbeitete. Zwischen 2011 und 2015 spezialisierte er sich in der Abteilung f\u00fcr Dermatologie und Geschlechtskrankheiten der GATA. Von 2015 bis 2017 arbeitete er im Milit\u00e4rkrankenhaus von \u0130zmir und von 2018 bis 2023 in einem privaten Krankenhaus. MD. Serbay Gurel, der seit 2023 in seiner eigenen Praxis t\u00e4tig ist, spricht gut Englisch. Er ist verheiratet und Vater eines Sohnes. Serbay Gurel; Er f\u00fchrt erfolgreich <a href=\"https:\/\/clinicmono.com\/de\/hair-transplant-in-turkey\/mesotherapy-for-hair-loss\/\">Mesotherapie<\/a>, <a href=\"https:\/\/clinicmono.com\/de\/gesichtsverjungung-turkei\/dermalfuller-turkei\/lip-filler\/\">Lip Filler<\/a>, <a href=\"https:\/\/clinicmono.com\/de\/gesichtsverjungung-turkei\/dermalfuller-turkei\/undereye-filler\/\">Under Eye Light Filling<\/a>, Kapillarbehandlung, <a title=\"Mesotherapie bei Haarausfall\" href=\"https:\/\/clinicmono.com\/de\/hair-transplant-in-turkey\/mesotherapy-for-hair-loss\/\">Haar-Mesotherapie<\/a>, Nasenf\u00fcller, <a href=\"https:\/\/clinicmono.com\/de\/gesichtsverjungung-turkei\/gesichtsstraffung-turkei\/\">nicht-chirurgisches Facelifting<\/a>, <a href=\"https:\/\/clinicmono.com\/de\/plastische-und-asthetische-chirurgie\/bichectomy\/\">Bichektomie<\/a>, <a href=\"https:\/\/clinicmono.com\/de\/plastische-und-asthetische-chirurgie\/mole-removal\/\">Leberfleckentfernung<\/a>, Kollagen-Transplantation, Nadel-Radiofrequenz, Laser-Epilation und <a href=\"https:\/\/clinicmono.com\/de\/gesichtsverjungung-turkei\/skin-care\/\">Hautpflege-Anwendungen<\/a> durch. <b>Abteilung:<\/b><span style=\"font-weight: 400;\"> Dermatologie und<\/span><b>KosmetologieFremdsprache:<\/b><span style=\"font-weight: 400;\"> EnglischAusbildung<\/span><b>:<\/b><\/p>\n<ul>\n<li><span style=\"font-weight: 400;\">1998 &#8211; 2002 Bursa Gazi Anatolisches Gymnasium <\/span><\/li>\n<li><span style=\"font-weight: 400;\">2002 &#8211; 2008 Doktor der Medizin, G\u00fclhane Military Medical Academy, Ankara, T\u00fcrkei<\/span><\/li>\n<li>2011 &#8211; 2015 Facharztausbildung in Dermatologie und Geschlechtskrankheiten, G\u00fclhane Military Medical Academy<\/li>\n<\/ul>\n<\/div><\/div><\/div><\/div><\/div><\/div><div class=\"g-cols wpb_row via_flex valign_top type_default stacking_default\"><div class=\"vc_col-sm-12 wpb_column vc_column_container\"><div class=\"vc_column-inner\"><div class=\"wpb_wrapper\"><div class=\"w-separator size_small\"><\/div><div class=\"wpb_text_column\"><div class=\"wpb_wrapper\"><p><b>Berufserfahrung:<\/b><\/p>\n<ul>\n<li><span style=\"font-weight: 400;\">Arzt, G\u00fclhane Military Medical Academy, Ankara, T\u00fcrkei 2008 &#8211; 2009<\/span><\/li>\n<li><span style=\"font-weight: 400;\">Chefarzt der Krankenstation, 48. motorisiertes Infanterieregiment, Bayburt, T\u00fcrkei 2009-2011<\/span><\/li>\n<li><span style=\"font-weight: 400;\">Facharztausbildung in Dermatologie und Geschlechtskrankheiten, G\u00fclhane Military Medical Academy 2011-2015<\/span><\/li>\n<li><span style=\"font-weight: 400;\">Arzt, Milit\u00e4rarzt, Dermatologie, Milit\u00e4rkrankenhaus \u0130zmir, T\u00fcrkei 2015-2017<\/span><\/li>\n<li><span style=\"font-weight: 400;\">Dr. Serbay G\u00fcrel Dermatologische Klinik, \u0130zmir, T\u00fcrkei 2017-2018<\/span><\/li>\n<li><span style=\"font-weight: 400;\">Privatklinik 2018-2023<\/span><\/li>\n<li><span style=\"font-weight: 400;\">Dr. Serbay G\u00fcrel Dermatologische Klinik, \u0130zmir, T\u00fcrkei 2023 &#8211; Gegenwart<\/span><\/li>\n<\/ul>\n<p><b>Fertigkeiten und Eigenschaften:<\/b><\/p>\n<ul>\n<li><span style=\"font-weight: 400;\"> Fachwissen \u00fcber Dermatologie und Geschlechtskrankheiten<\/span><\/li>\n<li><span style=\"font-weight: 400;\"> Kosmetologie Fachrichtung<\/span><\/li>\n<li><span style=\"font-weight: 400;\"> Das Motto &#8220;Primum non nocere&#8221; &#8211; &#8220;Zuerst nicht schaden&#8221; &#8211; und die Patientensicherheit haben f\u00fcr mich oberste Priorit\u00e4t.<\/span><\/li>\n<li><span style=\"font-weight: 400;\"> Gute und ehrliche Kommunikation mit den Patienten.<\/span><\/li>\n<li><span style=\"font-weight: 400;\"> Die Bereiche der kosmetischen Medizin, auf die ich spezialisiert bin:<\/span><\/li>\n<\/ul>\n<p><span style=\"font-weight: 400;\">\u2713<\/span><span style=\"font-weight: 400;\"> Anti-Falten-Injektionen: Botulinumtoxin-Injektionen f\u00fcr Zornesfalten, Augenfalten, Stirn und<\/span><span style=\"font-weight: 400;\">Stirnlifts.<\/span><span style=\"font-weight: 400;\">\u2713 Fadenlifting: <a title=\"Facelift T\u00fcrkei\" href=\"https:\/\/clinicmono.com\/de\/gesichtsverjungung-turkei\/gesichtsstraffung-turkei\/\">Gesichtslifting<\/a> und Abnehmen, Augenbrauenlifting und Halsoperationen<\/span><\/p>\n<p><span style=\"font-weight: 400;\">\u2713<\/span><span style=\"font-weight: 400;\"> Dermalf\u00fcller: Einschlie\u00dflich Tr\u00e4nens\u00e4cke, Wangen, Kinn, Nase, Stirn, Kieferpartie und Lippen<\/span><\/p>\n<p><span style=\"font-weight: 400;\">F\u00fcllstoffe<\/span><\/p>\n<p><span style=\"font-weight: 400;\">\u2713<\/span><span style=\"font-weight: 400;\"> Fl\u00fcssiges Facelifting mit Dermalfillern<\/span><\/p>\n<p><span style=\"font-weight: 400;\">\u2713<\/span><span style=\"font-weight: 400;\"> Laser-Behandlungen:<\/span><\/p>\n<p><span style=\"font-weight: 400;\">*Fraktionale Laserbehandlungen einschlie\u00dflich Erbium: Yag, CO2 und Thulium-Laser f\u00fcr Aknenarben,<\/span><\/p>\n<p><span style=\"font-weight: 400;\">Pigmentierung und Verj\u00fcngung<\/span><\/p>\n<p><span style=\"font-weight: 400;\">*Gef\u00e4\u00dflaser zur Behandlung von R\u00f6tungen, Teleangiektasien und Rosazea<\/span><\/p>\n<p><span style=\"font-weight: 400;\">*Ablative Laser f\u00fcr die Entfernung von Muttermalen und Pigmentflecken<\/span><\/p>\n<p><span style=\"font-weight: 400;\">*Anti-Aging-Laser<\/span><\/p>\n<p><span style=\"font-weight: 400;\">\u2713<\/span><span style=\"font-weight: 400;\"> Ultraschallbehandlungen mit hoher Intensit\u00e4t f\u00fcr Gesichtslifting und Gesichtsverschlankung<\/span><\/p>\n<p><span style=\"font-weight: 400;\">\u2713<\/span><span style=\"font-weight: 400;\"> K\u00f6rper Injektionsmittel<\/span><\/p>\n<p><b>Pr\u00e4sentationen &#8211; Ver\u00f6ffentlichungen:<\/b><\/p>\n<ul>\n<li><span style=\"font-weight: 400;\">&#8216;Auswertung der Trichoscan-Ergebnisse bei Patienten mit nicht-narbiger Alopezie&#8217;. Dissertation im Fachbereich Medizin &#8216;A Current Approach to Cellulitis&#8217; Acikgoz G. Gurel S. Turk J Dermatol 2014; 2: 74-8<\/span><\/li>\n<li><span style=\"font-weight: 400;\">Juvenile Pityriasis rubra pilaris: ein Fallbericht. Din\u00e7er D, G\u00fcrel S, Arca E, Ko\u00e7 E, Tunca M. 12th World Congress of Pediatric Dermatology, September 25-27, 2013, Madrid, Spanien<\/span><\/li>\n<li><span style=\"font-weight: 400;\">Juvenile Fr\u00fchlingseruption: ein Fallbericht. Din\u00e7er D, G\u00fcrel S, Arca E, Ko\u00e7 E, Tunca M. 22nd Congress ofthe European Academy of Dermatology and Venereology.<\/span><\/li>\n<li><span style=\"font-weight: 400;\">Wirksamkeit des minimal ablativen fraktionierten Er:YAG-Lasers bei der Behandlung von Aknenarben: Eine retropsektive Studie. E Ko\u00e7, S Toklu, S G\u00fcrel, Y Yeniay, E \u00c7al\u0131\u015fkan, G A\u00e7\u0131kg\u00f6z<\/span><\/li>\n<\/ul>\n<\/div><\/div><\/div><\/div><\/div><\/div><\/div><\/div><\/div><\/div><\/div><\/section>\n","protected":false},"excerpt":{"rendered":"M.D. Serbay G\u00dcREL Klinik MonoSeitenM. D. Serbay G\u00dcRELDermatologie und KosmetologieDr. Serbay Gurel wurde 1984 in Bursa geboren. Gurel, der zwischen 1998 und 2002 sein Abitur an der Bursa Gazi Anatolian High School ablegte, begann 2002 sein Medizinstudium an der GATA-Fakult\u00e4t f\u00fcr Medizin. Nach seinem Abschluss im Jahr 2008 setzte er seine Karriere fort, indem er...","protected":false},"author":1,"featured_media":0,"parent":39104,"menu_order":0,"comment_status":"closed","ping_status":"closed","template":"","meta":{"_mi_skip_tracking":false,"_monsterinsights_sitenote_active":false,"_monsterinsights_sitenote_note":"","_monsterinsights_sitenote_category":0,"_uf_show_specific_survey":0,"_uf_disable_surveys":false,"footnotes":""},"procedure":[],"class_list":["post-121264","page","type-page","status-publish","hentry"],"_links":{"self":[{"href":"https:\/\/clinicmono.com\/de\/wp-json\/wp\/v2\/pages\/121264","targetHints":{"allow":["GET"]}}],"collection":[{"href":"https:\/\/clinicmono.com\/de\/wp-json\/wp\/v2\/pages"}],"about":[{"href":"https:\/\/clinicmono.com\/de\/wp-json\/wp\/v2\/types\/page"}],"author":[{"embeddable":true,"href":"https:\/\/clinicmono.com\/de\/wp-json\/wp\/v2\/users\/1"}],"replies":[{"embeddable":true,"href":"https:\/\/clinicmono.com\/de\/wp-json\/wp\/v2\/comments?post=121264"}],"version-history":[{"count":0,"href":"https:\/\/clinicmono.com\/de\/wp-json\/wp\/v2\/pages\/121264\/revisions"}],"up":[{"embeddable":true,"href":"https:\/\/clinicmono.com\/de\/wp-json\/wp\/v2\/pages\/39104"}],"wp:attachment":[{"href":"https:\/\/clinicmono.com\/de\/wp-json\/wp\/v2\/media?parent=121264"}],"wp:term":[{"taxonomy":"procedure","embeddable":true,"href":"https:\/\/clinicmono.com\/de\/wp-json\/wp\/v2\/procedure?post=121264"}],"curies":[{"name":"wp","href":"https:\/\/api.w.org\/{rel}","templated":true}]}}