{"id":45908,"date":"2023-06-16T11:39:20","date_gmt":"2023-06-16T11:39:20","guid":{"rendered":"https:\/\/clinicmono.com\/%d8%a7%d9%84%d9%85%d9%86%d8%b8%d9%85%d8%a7%d8%aa-%d8%a7%d9%84%d8%b5%d8%ad%d9%8a%d8%a9-%d8%a7%d9%84%d8%b4%d8%b1%d9%8a%d9%83%d8%a9\/"},"modified":"2025-11-05T13:09:23","modified_gmt":"2025-11-05T13:09:23","slug":"doctors","status":"publish","type":"page","link":"https:\/\/clinicmono.com\/ar\/doctors\/","title":{"rendered":"\u0627\u0644\u0645\u0624\u0633\u0633\u0627\u062a \u0627\u0644\u0645\u062a\u0639\u0627\u0642\u062f\u0629"},"content":{"rendered":"<section class=\"l-section wpb_row height_custom width_full with_img\"><div class=\"l-section-img\" role=\"img\" data-img-width=\"1060\" data-img-height=\"706\" style=\"background-image: url(https:\/\/clinicmono.com\/wp-content\/uploads\/2023\/05\/doctor-with-stethoscope-hands-hospital-background_1423-1.webp);background-repeat: no-repeat;\"><\/div><div class=\"l-section-overlay\" style=\"background:var(--color-content-overlay)\"><\/div><div class=\"l-section-h i-cf\"><div class=\"g-cols vc_row via_flex valign_top type_default stacking_default\"><div class=\"vc_col-sm-12 wpb_column vc_column_container\"><div class=\"vc_column-inner\"><div class=\"wpb_wrapper\"><div class=\"wpb_text_column\"><div class=\"wpb_wrapper\"><div class=\"elementor-element elementor-element-9b7794f elementor-widget elementor-widget-heading\" style=\"text-align: center;\" data-id=\"9b7794f\" data-element_type=\"widget\" data-widget_type=\"heading.default\">\n<div class=\"elementor-widget-container\">\n<h1 class=\"elementor-heading-title elementor-size-default\"><span style=\"color: #ffffff;\">\u0627\u0644\u0645\u0624\u0633\u0633\u0627\u062a \u0627\u0644\u0645\u062a\u0639\u0627\u0642\u062f\u0629<\/span><\/h1>\n<\/div>\n<\/div>\n<\/div><\/div><nav class=\"g-breadcrumbs separator_icon align_center\" itemscope itemtype=\"http:\/\/schema.org\/BreadcrumbList\"><div class=\"g-breadcrumbs-item\" itemscope itemprop=\"itemListElement\" itemtype=\"http:\/\/schema.org\/ListItem\"><a itemprop=\"item\" href=\"https:\/\/clinicmono.com\/ar\/\"><span itemprop=\"name\">\u0639\u064a\u0627\u062f\u0629 \u0645\u0648\u0646\u0648<\/span><\/a><meta itemprop=\"position\" content=\"1\"\/><\/div><div class=\"g-breadcrumbs-separator\"><i class=\"far fa-angle-double-right\"><\/i><\/div><div class=\"g-breadcrumbs-item\">\u0635\u0641\u062d\u0627\u062a<\/div><\/nav><\/div><\/div><\/div><\/div><\/div><\/section><section class=\"l-section wpb_row height_custom\"><div class=\"l-section-h i-cf\"><div class=\"g-cols vc_row via_flex valign_top type_default stacking_default\"><div class=\"vc_col-sm-12 wpb_column vc_column_container\"><div class=\"vc_column-inner\"><div class=\"wpb_wrapper\"><div class=\"wpb_text_column\"><div class=\"wpb_wrapper\"><h2 class=\"elementor-heading-title elementor-size-default\" style=\"text-align: center;\">\u062a\u0639\u0631\u064e\u0651\u0641 \u0639\u0644\u0649 \u062e\u0628\u064a\u0631\u0646\u0627<br \/>\n\u0627\u0644\u0645\u0624\u0633\u0633\u0627\u062a \u0627\u0644\u0645\u062a\u0639\u0627\u0642\u062f\u0629<\/h2>\n<\/div><\/div><\/div><\/div><\/div><\/div><\/div><\/section><section class=\"l-section wpb_row us_custom_e26ec890 height_custom\"><div class=\"l-section-h i-cf\"><div class=\"g-cols vc_row via_flex valign_top type_default stacking_default\"><div class=\"vc_col-sm-4 wpb_column vc_column_container\"><div class=\"vc_column-inner\"><div class=\"wpb_wrapper\"><div class=\"w-person layout_trendy\" itemscope itemtype=\"https:\/\/schema.org\/Person\"><div class=\"w-person-image\"><a title=\"\u062f\u0643\u062a\u0648\u0631\u0627\u0647 \u0641\u064a \u0627\u0644\u0637\u0628 \u0625\u0631\u064a\u0646 \u0625\u0631\u0633\u0648\u0632\" href=\"https:\/\/clinicmono.com\/ar\/doctors\/m-d-eren-ersoz\/\" class=\"w-person-link\" aria-label=\"\u062f\u0643\u062a\u0648\u0631\u0627\u0647 \u0641\u064a \u0627\u0644\u0637\u0628 \u0625\u0631\u064a\u0646 \u0625\u0631\u0632\u0648\u0632\"><img loading=\"lazy\" decoding=\"async\" width=\"981\" height=\"981\" src=\"https:\/\/clinicmono.com\/wp-content\/uploads\/2023\/05\/Eren-Ersoz981-981.jpg\" class=\"attachment-large size-large\" alt=\"\" srcset=\"https:\/\/clinicmono.com\/wp-content\/uploads\/2023\/05\/Eren-Ersoz981-981.jpg 981w, https:\/\/clinicmono.com\/wp-content\/uploads\/2023\/05\/Eren-Ersoz981-981-600x600.jpg 600w, https:\/\/clinicmono.com\/wp-content\/uploads\/2023\/05\/Eren-Ersoz981-981-300x300.jpg 300w, https:\/\/clinicmono.com\/wp-content\/uploads\/2023\/05\/Eren-Ersoz981-981-400x400.jpg 400w, https:\/\/clinicmono.com\/wp-content\/uploads\/2023\/05\/Eren-Ersoz981-981-150x150.jpg 150w\" sizes=\"(max-width: 981px) 100vw, 981px\" \/><\/a><\/div><div class=\"w-person-content\"><a title=\"\u062f\u0643\u062a\u0648\u0631\u0627\u0647 \u0641\u064a \u0627\u0644\u0637\u0628 \u0625\u0631\u064a\u0646 \u0625\u0631\u0633\u0648\u0632\" href=\"https:\/\/clinicmono.com\/ar\/doctors\/m-d-eren-ersoz\/\" class=\"w-person-link\" aria-label=\"\u062f\u0643\u062a\u0648\u0631\u0627\u0647 \u0641\u064a \u0627\u0644\u0637\u0628 \u0625\u0631\u064a\u0646 \u0625\u0631\u0632\u0648\u0632\"><h4 itemprop=\"name\" class=\"w-person-name\"><span>\u062f\u0643\u062a\u0648\u0631\u0627\u0647 \u0641\u064a \u0627\u0644\u0637\u0628 \u0625\u0631\u064a\u0646 \u0625\u0631\u0632\u0648\u0632<\/span><\/h4><\/a><div class=\"w-person-role\" itemprop=\"jobTitle\">\u0627\u0644\u062c\u0631\u0627\u062d\u0629 \u0627\u0644\u062a\u062c\u0645\u064a\u0644\u064a\u0629 \u0648\u0627\u0644\u062a\u062c\u0645\u064a\u0644\u064a\u0629<\/div><\/div><\/div><div class=\"w-separator size_medium\"><\/div><div class=\"w-person layout_trendy\" itemscope itemtype=\"https:\/\/schema.org\/Person\"><div class=\"w-person-image\"><a title=\"Dt. \u00c7a\u011fr\u0131 DEREL\u0130\" href=\"https:\/\/clinicmono.com\/ar\/doctors\/dt-cagri-dereli\/\" class=\"w-person-link\" aria-label=\"Dt. \u00c7a\u011fr\u0131 DEREL\u0130\"><img loading=\"lazy\" decoding=\"async\" width=\"981\" height=\"981\" src=\"https:\/\/clinicmono.com\/wp-content\/uploads\/2023\/05\/cagri-dereli-981-981.jpg\" class=\"attachment-large size-large\" alt=\"\" srcset=\"https:\/\/clinicmono.com\/wp-content\/uploads\/2023\/05\/cagri-dereli-981-981.jpg 981w, https:\/\/clinicmono.com\/wp-content\/uploads\/2023\/05\/cagri-dereli-981-981-600x600.jpg 600w, https:\/\/clinicmono.com\/wp-content\/uploads\/2023\/05\/cagri-dereli-981-981-300x300.jpg 300w, https:\/\/clinicmono.com\/wp-content\/uploads\/2023\/05\/cagri-dereli-981-981-400x400.jpg 400w, https:\/\/clinicmono.com\/wp-content\/uploads\/2023\/05\/cagri-dereli-981-981-150x150.jpg 150w\" sizes=\"(max-width: 981px) 100vw, 981px\" \/><\/a><\/div><div class=\"w-person-content\"><a title=\"Dt. \u00c7a\u011fr\u0131 DEREL\u0130\" href=\"https:\/\/clinicmono.com\/ar\/doctors\/dt-cagri-dereli\/\" class=\"w-person-link\" aria-label=\"Dt. \u00c7a\u011fr\u0131 DEREL\u0130\"><h4 itemprop=\"name\" class=\"w-person-name\"><span>Dt. \u00c7a\u011fr\u0131 DEREL\u0130<\/span><\/h4><\/a><div class=\"w-person-role\" itemprop=\"jobTitle\">\u0637\u0628 \u0627\u0644\u0623\u0633\u0646\u0627\u0646 \u0627\u0644\u062a\u062c\u0645\u064a\u0644\u064a<\/div><\/div><\/div><div class=\"w-separator size_medium\"><\/div><div class=\"w-person layout_trendy\" itemscope itemtype=\"https:\/\/schema.org\/Person\"><div class=\"w-person-image\"><a title=\"Dt. \u00c7a\u011fr\u0131 DEREL\u0130\" href=\"https:\/\/clinicmono.com\/ar\/doctors\/\u062f-\u062a-\u0628\u0648\u0631\u0627\u0643-\u0623\u0646\u064a\u0644-\u0633\u0627\u0631\u0628\/\" class=\"w-person-link\" aria-label=\"\u062f.\u062a. \u0628\u0648\u0631\u0627\u0643 \u0623\u0646\u064a\u0644 \u0633\u0627\u0631\u0628\"><img loading=\"lazy\" decoding=\"async\" width=\"1024\" height=\"1024\" src=\"https:\/\/clinicmono.com\/wp-content\/uploads\/2025\/05\/burakanilsarp-1024x1024.jpg\" class=\"attachment-large size-large\" alt=\"\" srcset=\"https:\/\/clinicmono.com\/wp-content\/uploads\/2025\/05\/burakanilsarp-1024x1024.jpg 1024w, https:\/\/clinicmono.com\/wp-content\/uploads\/2025\/05\/burakanilsarp-600x600.jpg 600w, https:\/\/clinicmono.com\/wp-content\/uploads\/2025\/05\/burakanilsarp-300x300.jpg 300w, https:\/\/clinicmono.com\/wp-content\/uploads\/2025\/05\/burakanilsarp-500x500.jpg 500w, https:\/\/clinicmono.com\/wp-content\/uploads\/2025\/05\/burakanilsarp-400x400.jpg 400w, https:\/\/clinicmono.com\/wp-content\/uploads\/2025\/05\/burakanilsarp-150x150.jpg 150w, https:\/\/clinicmono.com\/wp-content\/uploads\/2025\/05\/burakanilsarp.jpg 1080w\" sizes=\"(max-width: 1024px) 100vw, 1024px\" \/><\/a><\/div><div class=\"w-person-content\"><a title=\"Dt. \u00c7a\u011fr\u0131 DEREL\u0130\" href=\"https:\/\/clinicmono.com\/ar\/doctors\/\u062f-\u062a-\u0628\u0648\u0631\u0627\u0643-\u0623\u0646\u064a\u0644-\u0633\u0627\u0631\u0628\/\" class=\"w-person-link\" aria-label=\"\u062f.\u062a. \u0628\u0648\u0631\u0627\u0643 \u0623\u0646\u064a\u0644 \u0633\u0627\u0631\u0628\"><h4 itemprop=\"name\" class=\"w-person-name\"><span>\u062f.\u062a. \u0628\u0648\u0631\u0627\u0643 \u0623\u0646\u064a\u0644 \u0633\u0627\u0631\u0628<\/span><\/h4><\/a><div class=\"w-person-role\" itemprop=\"jobTitle\">\u062c\u0631\u0627\u062d\u0629 \u0627\u0644\u0623\u0633\u0646\u0627\u0646 \u0627\u0644\u062a\u062c\u0645\u064a\u0644\u064a\u0629<\/div><\/div><\/div><\/div><\/div><\/div><div class=\"vc_col-sm-4 wpb_column vc_column_container\"><div class=\"vc_column-inner\"><div class=\"wpb_wrapper\"><div class=\"w-person layout_trendy\" itemscope itemtype=\"https:\/\/schema.org\/Person\"><div class=\"w-person-image\"><a title=\"\u062f\u0643\u062a\u0648\u0631 \u062f\u0646\u064a\u0632 \u064a\u0644\u062f\u0631\u064a\u0645\" href=\"https:\/\/clinicmono.com\/ar\/doctors\/m-d-deniz-yildirim\/\" class=\"w-person-link\" aria-label=\"\u062f\u0643\u062a\u0648\u0631 \u062f\u0646\u064a\u0632 \u064a\u0644\u062f\u0631\u064a\u0645\"><img loading=\"lazy\" decoding=\"async\" width=\"981\" height=\"981\" src=\"https:\/\/clinicmono.com\/wp-content\/uploads\/2023\/05\/deniz-yildirim981-981.jpg\" class=\"attachment-large size-large\" alt=\"\" srcset=\"https:\/\/clinicmono.com\/wp-content\/uploads\/2023\/05\/deniz-yildirim981-981.jpg 981w, https:\/\/clinicmono.com\/wp-content\/uploads\/2023\/05\/deniz-yildirim981-981-600x600.jpg 600w, https:\/\/clinicmono.com\/wp-content\/uploads\/2023\/05\/deniz-yildirim981-981-300x300.jpg 300w, https:\/\/clinicmono.com\/wp-content\/uploads\/2023\/05\/deniz-yildirim981-981-400x400.jpg 400w, https:\/\/clinicmono.com\/wp-content\/uploads\/2023\/05\/deniz-yildirim981-981-150x150.jpg 150w\" sizes=\"(max-width: 981px) 100vw, 981px\" \/><\/a><\/div><div class=\"w-person-content\"><a title=\"\u062f\u0643\u062a\u0648\u0631 \u062f\u0646\u064a\u0632 \u064a\u0644\u062f\u0631\u064a\u0645\" href=\"https:\/\/clinicmono.com\/ar\/doctors\/m-d-deniz-yildirim\/\" class=\"w-person-link\" aria-label=\"\u062f\u0643\u062a\u0648\u0631 \u062f\u0646\u064a\u0632 \u064a\u0644\u062f\u0631\u064a\u0645\"><h4 itemprop=\"name\" class=\"w-person-name\"><span>\u062f\u0643\u062a\u0648\u0631 \u062f\u0646\u064a\u0632 \u064a\u0644\u062f\u0631\u064a\u0645<\/span><\/h4><\/a><div class=\"w-person-role\" itemprop=\"jobTitle\">\u0627\u0644\u062c\u0631\u0627\u062d\u0629 \u0627\u0644\u062a\u062c\u0645\u064a\u0644\u064a\u0629 \u0648\u0627\u0644\u062a\u062c\u0645\u064a\u0644\u064a\u0629<\/div><\/div><\/div><div class=\"w-separator size_medium\"><\/div><div class=\"w-person layout_trendy\" itemscope itemtype=\"https:\/\/schema.org\/Person\"><div class=\"w-person-image\"><a title=\"\u062f\u0643\u062a\u0648\u0631\u0627\u0647 \u0641\u064a \u0627\u0644\u0637\u0628 \u062a\u0634\u0627\u063a\u0644\u0627\u0631 \u0625\u0631\u062a\u0643\u064a\u0646\" href=\"https:\/\/clinicmono.com\/ar\/doctors\/m-d-caglar-ertekin\/\" class=\"w-person-link\" aria-label=\"\u062f\u0643\u062a\u0648\u0631\u0627\u0647 \u0641\u064a \u0627\u0644\u0637\u0628 \u062a\u0634\u0627\u063a\u0644\u0627\u0631 \u0625\u0631\u062a\u0643\u064a\u0646\"><img loading=\"lazy\" decoding=\"async\" width=\"970\" height=\"970\" src=\"https:\/\/clinicmono.com\/wp-content\/uploads\/2023\/05\/caglar981-981.png\" class=\"attachment-large size-large\" alt=\"\" srcset=\"https:\/\/clinicmono.com\/wp-content\/uploads\/2023\/05\/caglar981-981.png 970w, https:\/\/clinicmono.com\/wp-content\/uploads\/2023\/05\/caglar981-981-600x600.png 600w, https:\/\/clinicmono.com\/wp-content\/uploads\/2023\/05\/caglar981-981-300x300.png 300w, https:\/\/clinicmono.com\/wp-content\/uploads\/2023\/05\/caglar981-981-400x400.png 400w, https:\/\/clinicmono.com\/wp-content\/uploads\/2023\/05\/caglar981-981-150x150.png 150w\" sizes=\"(max-width: 970px) 100vw, 970px\" \/><\/a><\/div><div class=\"w-person-content\"><a title=\"\u062f\u0643\u062a\u0648\u0631\u0627\u0647 \u0641\u064a \u0627\u0644\u0637\u0628 \u062a\u0634\u0627\u063a\u0644\u0627\u0631 \u0625\u0631\u062a\u0643\u064a\u0646\" href=\"https:\/\/clinicmono.com\/ar\/doctors\/m-d-caglar-ertekin\/\" class=\"w-person-link\" aria-label=\"\u062f\u0643\u062a\u0648\u0631\u0627\u0647 \u0641\u064a \u0627\u0644\u0637\u0628 \u062a\u0634\u0627\u063a\u0644\u0627\u0631 \u0625\u0631\u062a\u0643\u064a\u0646\"><h4 itemprop=\"name\" class=\"w-person-name\"><span>\u062f\u0643\u062a\u0648\u0631\u0627\u0647 \u0641\u064a \u0627\u0644\u0637\u0628 \u062a\u0634\u0627\u063a\u0644\u0627\u0631 \u0625\u0631\u062a\u0643\u064a\u0646<\/span><\/h4><\/a><div class=\"w-person-role\" itemprop=\"jobTitle\">\u0627\u0644\u062c\u0631\u0627\u062d \u0627\u0644\u0639\u0627\u0645 \u0648\u062c\u0631\u0627\u062d\u0629 \u0627\u0644\u0633\u0645\u0646\u0629<\/div><\/div><\/div><div class=\"w-separator size_medium\"><\/div><div class=\"w-person layout_trendy\" itemscope itemtype=\"https:\/\/schema.org\/Person\"><div class=\"w-person-image\"><a title=\"\u0627\u0644\u062f\u0643\u062a\u0648\u0631 \u0623\u0644\u0628\u064a\u0631 \u062a\u064a\u0645\u064a\u0632\" href=\"https:\/\/clinicmono.com\/ar\/doctors\/dr-alper-temiz\/\" class=\"w-person-link\" aria-label=\"\u0627\u0644\u062f\u0643\u062a\u0648\u0631 \u0623\u0644\u0628\u064a\u0631 \u062a\u064a\u0645\u064a\u0632\"><img loading=\"lazy\" decoding=\"async\" width=\"981\" height=\"981\" src=\"https:\/\/clinicmono.com\/wp-content\/uploads\/2023\/04\/Alper-981x981-1.jpg\" class=\"attachment-large size-large\" alt=\"\" srcset=\"https:\/\/clinicmono.com\/wp-content\/uploads\/2023\/04\/Alper-981x981-1.jpg 981w, https:\/\/clinicmono.com\/wp-content\/uploads\/2023\/04\/Alper-981x981-1-600x600.jpg 600w, https:\/\/clinicmono.com\/wp-content\/uploads\/2023\/04\/Alper-981x981-1-300x300.jpg 300w, https:\/\/clinicmono.com\/wp-content\/uploads\/2023\/04\/Alper-981x981-1-400x400.jpg 400w, https:\/\/clinicmono.com\/wp-content\/uploads\/2023\/04\/Alper-981x981-1-150x150.jpg 150w\" sizes=\"(max-width: 981px) 100vw, 981px\" \/><\/a><\/div><div class=\"w-person-content\"><a title=\"\u0627\u0644\u062f\u0643\u062a\u0648\u0631 \u0623\u0644\u0628\u064a\u0631 \u062a\u064a\u0645\u064a\u0632\" href=\"https:\/\/clinicmono.com\/ar\/doctors\/dr-alper-temiz\/\" class=\"w-person-link\" aria-label=\"\u0627\u0644\u062f\u0643\u062a\u0648\u0631 \u0623\u0644\u0628\u064a\u0631 \u062a\u064a\u0645\u064a\u0632\"><h4 itemprop=\"name\" class=\"w-person-name\"><span>\u0627\u0644\u062f\u0643\u062a\u0648\u0631 \u0623\u0644\u0628\u064a\u0631 \u062a\u064a\u0645\u064a\u0632<\/span><\/h4><\/a><div class=\"w-person-role\" itemprop=\"jobTitle\">\u0637\u0628 \u0627\u0644\u0623\u0633\u0646\u0627\u0646 \u0627\u0644\u062a\u062c\u0645\u064a\u0644\u064a<\/div><\/div><\/div><\/div><\/div><\/div><div class=\"vc_col-sm-4 wpb_column vc_column_container\"><div class=\"vc_column-inner\"><div class=\"wpb_wrapper\"><div class=\"w-person layout_trendy\" itemscope itemtype=\"https:\/\/schema.org\/Person\"><div class=\"w-person-image\"><a title=\"\u062f\u0643\u062a\u0648\u0631 \u0646\u0638\u0645\u064a \u064a\u0648\u062c\u0648\u0631\u062a\u0648\" href=\"https:\/\/clinicmono.com\/ar\/doctors\/m-d-nazmi-yogurtcu\/\" class=\"w-person-link\" aria-label=\"\u062f\u0643\u062a\u0648\u0631 \u0646\u0638\u0645\u064a \u064a\u0648\u062c\u0648\u0631\u062a\u0648\"><img loading=\"lazy\" decoding=\"async\" width=\"981\" height=\"981\" src=\"https:\/\/clinicmono.com\/wp-content\/uploads\/2023\/05\/nazmi-yogurtcu981-981.jpg\" class=\"attachment-large size-large\" alt=\"\" srcset=\"https:\/\/clinicmono.com\/wp-content\/uploads\/2023\/05\/nazmi-yogurtcu981-981.jpg 981w, https:\/\/clinicmono.com\/wp-content\/uploads\/2023\/05\/nazmi-yogurtcu981-981-600x600.jpg 600w, https:\/\/clinicmono.com\/wp-content\/uploads\/2023\/05\/nazmi-yogurtcu981-981-300x300.jpg 300w, https:\/\/clinicmono.com\/wp-content\/uploads\/2023\/05\/nazmi-yogurtcu981-981-400x400.jpg 400w, https:\/\/clinicmono.com\/wp-content\/uploads\/2023\/05\/nazmi-yogurtcu981-981-150x150.jpg 150w\" sizes=\"(max-width: 981px) 100vw, 981px\" \/><\/a><\/div><div class=\"w-person-content\"><a title=\"\u062f\u0643\u062a\u0648\u0631 \u0646\u0638\u0645\u064a \u064a\u0648\u062c\u0648\u0631\u062a\u0648\" href=\"https:\/\/clinicmono.com\/ar\/doctors\/m-d-nazmi-yogurtcu\/\" class=\"w-person-link\" aria-label=\"\u062f\u0643\u062a\u0648\u0631 \u0646\u0638\u0645\u064a \u064a\u0648\u062c\u0648\u0631\u062a\u0648\"><h4 itemprop=\"name\" class=\"w-person-name\"><span>\u062f\u0643\u062a\u0648\u0631 \u0646\u0638\u0645\u064a \u064a\u0648\u062c\u0648\u0631\u062a\u0648<\/span><\/h4><\/a><div class=\"w-person-role\" itemprop=\"jobTitle\">\u0627\u0644\u062c\u0631\u0627\u062d\u0629 \u0627\u0644\u062a\u062c\u0645\u064a\u0644\u064a\u0629 \u0648\u0627\u0644\u062a\u062c\u0645\u064a\u0644\u064a\u0629<\/div><\/div><\/div><div class=\"w-separator size_medium\"><\/div><div class=\"w-person layout_trendy\" itemscope itemtype=\"https:\/\/schema.org\/Person\"><div class=\"w-person-image\"><a title=\"Dt. \u00c7a\u011fr\u0131 DEREL\u0130\" href=\"https:\/\/clinicmono.com\/ar\/doctors\/m-d-ergin-erdogan\/\" class=\"w-person-link\" aria-label=\"\u062f\u0643\u062a\u0648\u0631 \u0625\u0631\u062c\u064a\u0646 \u0623\u0631\u062f\u0648\u063a\u0627\u0646\"><img loading=\"lazy\" decoding=\"async\" width=\"1024\" height=\"1024\" src=\"https:\/\/clinicmono.com\/wp-content\/uploads\/2023\/11\/ergin-Kopya-1024x1024.jpeg\" class=\"attachment-large size-large\" alt=\"\" srcset=\"https:\/\/clinicmono.com\/wp-content\/uploads\/2023\/11\/ergin-Kopya-1024x1024.jpeg 1024w, https:\/\/clinicmono.com\/wp-content\/uploads\/2023\/11\/ergin-Kopya-600x600.jpeg 600w, https:\/\/clinicmono.com\/wp-content\/uploads\/2023\/11\/ergin-Kopya-300x300.jpeg 300w, https:\/\/clinicmono.com\/wp-content\/uploads\/2023\/11\/ergin-Kopya-400x400.jpeg 400w, https:\/\/clinicmono.com\/wp-content\/uploads\/2023\/11\/ergin-Kopya-150x150.jpeg 150w, https:\/\/clinicmono.com\/wp-content\/uploads\/2023\/11\/ergin-Kopya.jpeg 1066w\" sizes=\"(max-width: 1024px) 100vw, 1024px\" \/><\/a><\/div><div class=\"w-person-content\"><a title=\"Dt. \u00c7a\u011fr\u0131 DEREL\u0130\" href=\"https:\/\/clinicmono.com\/ar\/doctors\/m-d-ergin-erdogan\/\" class=\"w-person-link\" aria-label=\"\u062f\u0643\u062a\u0648\u0631 \u0625\u0631\u062c\u064a\u0646 \u0623\u0631\u062f\u0648\u063a\u0627\u0646\"><h4 itemprop=\"name\" class=\"w-person-name\"><span>\u062f\u0643\u062a\u0648\u0631 \u0625\u0631\u062c\u064a\u0646 \u0623\u0631\u062f\u0648\u063a\u0627\u0646<\/span><\/h4><\/a><div class=\"w-person-role\" itemprop=\"jobTitle\">\u0627\u0644\u062c\u0631\u0627\u062d\u0629 \u0627\u0644\u062a\u062c\u0645\u064a\u0644\u064a\u0629 \u0648\u0627\u0644\u062a\u062c\u0645\u064a\u0644\u064a\u0629<\/div><\/div><\/div><div class=\"w-separator size_medium\"><\/div><div class=\"w-person layout_trendy\" itemscope itemtype=\"https:\/\/schema.org\/Person\"><div class=\"w-person-image\"><a title=\"\u0627\u0644\u062f\u0643\u062a\u0648\u0631 \u0623\u0644\u0628\u064a\u0631 \u062a\u064a\u0645\u064a\u0632\" href=\"https:\/\/clinicmono.com\/ar\/doctors\/\u0625\u0645-\u062f\u064a-\u0633\u064a\u0631\u0628\u0627\u064a-\u062c\u0648\u0631\u064a\u0644\/\" class=\"w-person-link\" aria-label=\"\u0625\u0645 \u062f\u064a \u0633\u064a\u0631\u0628\u0627\u064a \u062c\u0648\u0631\u064a\u0644\"><img loading=\"lazy\" decoding=\"async\" width=\"1024\" height=\"1024\" src=\"https:\/\/clinicmono.com\/wp-content\/uploads\/2024\/03\/serbay_gurel_pp-1024x1024.jpg\" class=\"attachment-large size-large\" alt=\"\" srcset=\"https:\/\/clinicmono.com\/wp-content\/uploads\/2024\/03\/serbay_gurel_pp-1024x1024.jpg 1024w, https:\/\/clinicmono.com\/wp-content\/uploads\/2024\/03\/serbay_gurel_pp-600x600.jpg 600w, https:\/\/clinicmono.com\/wp-content\/uploads\/2024\/03\/serbay_gurel_pp-300x300.jpg 300w, https:\/\/clinicmono.com\/wp-content\/uploads\/2024\/03\/serbay_gurel_pp-500x500.jpg 500w, https:\/\/clinicmono.com\/wp-content\/uploads\/2024\/03\/serbay_gurel_pp-400x400.jpg 400w, https:\/\/clinicmono.com\/wp-content\/uploads\/2024\/03\/serbay_gurel_pp-150x150.jpg 150w, https:\/\/clinicmono.com\/wp-content\/uploads\/2024\/03\/serbay_gurel_pp.jpg 1080w\" sizes=\"(max-width: 1024px) 100vw, 1024px\" \/><\/a><\/div><div class=\"w-person-content\"><a title=\"\u0627\u0644\u062f\u0643\u062a\u0648\u0631 \u0623\u0644\u0628\u064a\u0631 \u062a\u064a\u0645\u064a\u0632\" href=\"https:\/\/clinicmono.com\/ar\/doctors\/\u0625\u0645-\u062f\u064a-\u0633\u064a\u0631\u0628\u0627\u064a-\u062c\u0648\u0631\u064a\u0644\/\" class=\"w-person-link\" aria-label=\"\u0625\u0645 \u062f\u064a \u0633\u064a\u0631\u0628\u0627\u064a \u062c\u0648\u0631\u064a\u0644\"><h4 itemprop=\"name\" class=\"w-person-name\"><span>\u0625\u0645 \u062f\u064a \u0633\u064a\u0631\u0628\u0627\u064a \u062c\u0648\u0631\u064a\u0644<\/span><\/h4><\/a><div class=\"w-person-role\" itemprop=\"jobTitle\">\u0627\u0644\u0623\u0645\u0631\u0627\u0636 \u0627\u0644\u062c\u0644\u062f\u064a\u0629 \u0648\u0627\u0644\u062a\u062c\u0645\u064a\u0644<\/div><\/div><\/div><\/div><\/div><\/div><\/div><\/div><\/section>\n","protected":false},"excerpt":{"rendered":"\u0627\u0644\u0645\u0624\u0633\u0633\u0627\u062a \u0627\u0644\u0645\u062a\u0639\u0627\u0642\u062f\u0629 \u0639\u064a\u0627\u062f\u0629 \u0645\u0648\u0646\u0648\u0635\u0641\u062d\u0627\u062a\u062a\u0639\u0631\u064e\u0651\u0641 \u0639\u0644\u0649 \u062e\u0628\u064a\u0631\u0646\u0627 \u0627\u0644\u0645\u0624\u0633\u0633\u0627\u062a \u0627\u0644\u0645\u062a\u0639\u0627\u0642\u062f\u0629 \u062f\u0643\u062a\u0648\u0631\u0627\u0647 \u0641\u064a \u0627\u0644\u0637\u0628 \u0625\u0631\u064a\u0646 \u0625\u0631\u0632\u0648\u0632\u0627\u0644\u062c\u0631\u0627\u062d\u0629 \u0627\u0644\u062a\u062c\u0645\u064a\u0644\u064a\u0629 \u0648\u0627\u0644\u062a\u062c\u0645\u064a\u0644\u064a\u0629Dt. \u00c7a\u011fr\u0131 DEREL\u0130\u0637\u0628 \u0627\u0644\u0623\u0633\u0646\u0627\u0646 \u0627\u0644\u062a\u062c\u0645\u064a\u0644\u064a\u062f.\u062a. \u0628\u0648\u0631\u0627\u0643 \u0623\u0646\u064a\u0644 \u0633\u0627\u0631\u0628\u062c\u0631\u0627\u062d\u0629 \u0627\u0644\u0623\u0633\u0646\u0627\u0646 \u0627\u0644\u062a\u062c\u0645\u064a\u0644\u064a\u0629\u062f\u0643\u062a\u0648\u0631 \u062f\u0646\u064a\u0632 \u064a\u0644\u062f\u0631\u064a\u0645\u0627\u0644\u062c\u0631\u0627\u062d\u0629 \u0627\u0644\u062a\u062c\u0645\u064a\u0644\u064a\u0629 \u0648\u0627\u0644\u062a\u062c\u0645\u064a\u0644\u064a\u0629\u062f\u0643\u062a\u0648\u0631\u0627\u0647 \u0641\u064a \u0627\u0644\u0637\u0628 \u062a\u0634\u0627\u063a\u0644\u0627\u0631 \u0625\u0631\u062a\u0643\u064a\u0646\u0627\u0644\u062c\u0631\u0627\u062d \u0627\u0644\u0639\u0627\u0645 \u0648\u062c\u0631\u0627\u062d\u0629 \u0627\u0644\u0633\u0645\u0646\u0629\u0627\u0644\u062f\u0643\u062a\u0648\u0631 \u0623\u0644\u0628\u064a\u0631 \u062a\u064a\u0645\u064a\u0632\u0637\u0628 \u0627\u0644\u0623\u0633\u0646\u0627\u0646 \u0627\u0644\u062a\u062c\u0645\u064a\u0644\u064a\u062f\u0643\u062a\u0648\u0631 \u0646\u0638\u0645\u064a \u064a\u0648\u062c\u0648\u0631\u062a\u0648\u0627\u0644\u062c\u0631\u0627\u062d\u0629 \u0627\u0644\u062a\u062c\u0645\u064a\u0644\u064a\u0629 \u0648\u0627\u0644\u062a\u062c\u0645\u064a\u0644\u064a\u0629\u062f\u0643\u062a\u0648\u0631 \u0625\u0631\u062c\u064a\u0646 \u0623\u0631\u062f\u0648\u063a\u0627\u0646\u0627\u0644\u062c\u0631\u0627\u062d\u0629 \u0627\u0644\u062a\u062c\u0645\u064a\u0644\u064a\u0629 \u0648\u0627\u0644\u062a\u062c\u0645\u064a\u0644\u064a\u0629\u0625\u0645 \u062f\u064a \u0633\u064a\u0631\u0628\u0627\u064a \u062c\u0648\u0631\u064a\u0644\u0627\u0644\u0623\u0645\u0631\u0627\u0636 \u0627\u0644\u062c\u0644\u062f\u064a\u0629 \u0648\u0627\u0644\u062a\u062c\u0645\u064a\u0644","protected":false},"author":1,"featured_media":0,"parent":0,"menu_order":0,"comment_status":"closed","ping_status":"closed","template":"","meta":{"rank_math_lock_modified_date":false,"_mi_skip_tracking":false,"_monsterinsights_sitenote_active":false,"_monsterinsights_sitenote_note":"","_monsterinsights_sitenote_category":0,"_uf_show_specific_survey":0,"_uf_disable_surveys":false,"footnotes":""},"procedure":[],"class_list":["post-45908","page","type-page","status-publish","hentry"],"_links":{"self":[{"href":"https:\/\/clinicmono.com\/ar\/wp-json\/wp\/v2\/pages\/45908"}],"collection":[{"href":"https:\/\/clinicmono.com\/ar\/wp-json\/wp\/v2\/pages"}],"about":[{"href":"https:\/\/clinicmono.com\/ar\/wp-json\/wp\/v2\/types\/page"}],"author":[{"embeddable":true,"href":"https:\/\/clinicmono.com\/ar\/wp-json\/wp\/v2\/users\/1"}],"replies":[{"embeddable":true,"href":"https:\/\/clinicmono.com\/ar\/wp-json\/wp\/v2\/comments?post=45908"}],"version-history":[{"count":22,"href":"https:\/\/clinicmono.com\/ar\/wp-json\/wp\/v2\/pages\/45908\/revisions"}],"predecessor-version":[{"id":156088,"href":"https:\/\/clinicmono.com\/ar\/wp-json\/wp\/v2\/pages\/45908\/revisions\/156088"}],"wp:attachment":[{"href":"https:\/\/clinicmono.com\/ar\/wp-json\/wp\/v2\/media?parent=45908"}],"wp:term":[{"taxonomy":"procedure","embeddable":true,"href":"https:\/\/clinicmono.com\/ar\/wp-json\/wp\/v2\/procedure?post=45908"}],"curies":[{"name":"wp","href":"https:\/\/api.w.org\/{rel}","templated":true}]}}